{"id":3439,"date":"2026-03-12T13:28:53","date_gmt":"2026-03-12T12:28:53","guid":{"rendered":"https:\/\/intratone.be\/dispositions-legales\/"},"modified":"2026-03-12T13:28:53","modified_gmt":"2026-03-12T12:28:53","slug":"dispositions-legales","status":"publish","type":"page","link":"https:\/\/intratone.be\/fr\/dispositions-legales\/","title":{"rendered":"Dispositions l\u00e9gales"},"content":{"rendered":"<h2>Utilisation des informations sur le site intratone-be-2026.local<\/h2>\n<p>Cogelec S.A. propose sur ce site des informations et des produits soumis aux conditions g\u00e9n\u00e9rales ci-dessous. Veuillez lire attentivement ces termes et conditions pour le site et son utilisation. En visitant et en utilisant ce site, vous acceptez implicitement ces conditions g\u00e9n\u00e9rales et vous vous engagez \u00e0 les respecter.<\/p>\n<p>Cogelec S.A. se r\u00e9serve le droit de modifier ces termes et conditions, ainsi que les produits et services mentionn\u00e9s sur ce site, \u00e0 tout moment, \u00e0 sa seule discr\u00e9tion et sans pr\u00e9avis. Cogelec S.A. peut modifier les informations et donn\u00e9es sur ce site sans pr\u00e9avis.<\/p>\n<p>Les informations et donn\u00e9es sur ce site sont d&rsquo;ordre g\u00e9n\u00e9ral et n&rsquo;ont aucune valeur contractuelle.<\/p>\n<p>Cogelec S.A. se r\u00e9serve le droit d&rsquo;utiliser tous les recours juridiques disponibles en cas de non-respect de ces conditions. Tous les droits non express\u00e9ment accord\u00e9s ici sont r\u00e9serv\u00e9s.<\/p>\n<h3 class=\"title-section\">Droits d&rsquo;auteur<\/h3>\n<p>Les informations sur ce site sont prot\u00e9g\u00e9es par le droit d&rsquo;auteur. Sauf autorisation sp\u00e9cifique, aucune partie de ce site ne peut \u00eatre diffus\u00e9e ou copi\u00e9e, par quelque moyen ou sous quelque forme que ce soit, sans l&rsquo;autorisation \u00e9crite expresse de Cogelec S.A.<\/p>\n<p>Conception \ud83d\ude15<strong>Cogelec S.A<\/strong>.<br \/>\nCopyright : Copyright ? Intratone, 2011.<br \/>\nTous droits r\u00e9serv\u00e9s. Reproduction interdite.<\/p>\n<p>&nbsp;<\/p>\n<h3 class=\"title-section\">Protection des donn\u00e9es<\/h3>\n<p>Nous souhaitons vous informer que les informations que vous fournissez, principalement via les formulaires sur ce site, nous permettent de r\u00e9pondre \u00e0 vos demandes et sont destin\u00e9es uniquement \u00e0 Cogelec S.A., en tant que responsable des donn\u00e9es, \u00e0 des fins administratives et commerciales. Conform\u00e9ment \u00e0 la loi fran\u00e7aise modifi\u00e9e n\u00b0 78-17 du 6 janvier 1978 relative \u00e0 l&rsquo;informatique, aux fichiers et aux libert\u00e9s, vous disposez d&rsquo;un droit d&rsquo;acc\u00e8s, de rectification, de modification et de suppression des donn\u00e9es vous concernant.<br \/>\nVous pouvez exercer ce droit d&rsquo;acc\u00e8s, de rectification, de modification et de suppression en contactant par \u00e9crit \u00e0 l&rsquo;adresse suivante : Cogelec S.A.S., Maunit ZI, 370 rue de Maunit, 85290 MORTAGNE SUR SEVRE.<\/p>\n<p>&nbsp;<\/p>\n<h3 class=\"title-section\">Propri\u00e9t\u00e9 intellectuelle et droits d&rsquo;auteur<\/h3>\n<p>Cogelec S.A. informe les utilisateurs de ce site que la plupart des informations et donn\u00e9es affich\u00e9es sur le site sont prot\u00e9g\u00e9es par les dispositions l\u00e9gales relatives aux droits de propri\u00e9t\u00e9 intellectuelle. Par cons\u00e9quent, Cogelec S.A. informe principalement les utilisateurs que la marque Intratone et toutes les marques mentionn\u00e9es sur ce site sont des marques d\u00e9pos\u00e9es et que les photos affich\u00e9es sur ce site sont prot\u00e9g\u00e9es par le droit d&rsquo;auteur.<br \/>\nLes informations et donn\u00e9es ainsi prot\u00e9g\u00e9es sur ce site sont la propri\u00e9t\u00e9 de Cogelec S.A. ou de tiers ayant autoris\u00e9 Cogelec S.A. \u00e0 les exploiter. Toute reproduction totale ou partielle, copie, utilisation, adaptation ou modification, ainsi que toute exploitation, m\u00eame partielle, de ces informations et donn\u00e9es est interdite sans l&rsquo;autorisation expresse et pr\u00e9alable de Cogelec S.A. En cas de non-respect de cette interdiction, l&rsquo;utilisateur de ce site peut \u00eatre tenu responsable civilement et p\u00e9nalement, notamment en vertu des dispositions de l&rsquo;article L335-2 du Code de la propri\u00e9t\u00e9 intellectuelle relatif \u00e0 la contrefa\u00e7on, avec une peine de trois ans d&#8217;emprisonnement et une amende de 300 000 euros.<\/p>\n<p>&nbsp;<\/p>\n<h3 class=\"title-section\"><strong>Informations sur l&rsquo;\u00e9diteur<\/strong><\/h3>\n<p><strong>Cogelec S.A.?<\/strong><br \/>\nZI de Maunit, 370 rue de Maunit?? 85290 MORTAGNE SUR SEVRE<br \/>\nS.A. au capital de? 4.004.121,60 euros<br \/>\nRCS La Roche-sur-Yon B 433 034 782<br \/>\nNum\u00e9ro d&rsquo;identification intracommunautaire : FR42 433 034 782<br \/>\nT\u00e9l\u00e9phone : 02 51 65 05 79<br \/>\nE-mail :<u><a class=\"LinkFile\" href=\"mailto:info@cogelec.fr\" target=\"_blank\" rel=\"noopener noreferrer\">info@cogelec.fr<\/a><\/u><\/p>\n<p><strong>R\u00e9dacteur en chef :<\/strong><br \/>\nRoger Leclerc, Directeur g\u00e9n\u00e9ral<\/p>\n<p><strong>Responsable de la r\u00e9daction :<\/strong><br \/>\nVal\u00e9rie Morio, Responsable communication<\/p>\n<p><strong>Droit applicable<\/strong><br \/>\nLe droit fran\u00e7ais s&rsquo;applique au site www.intratone-be-2026.local et \u00e0 ces conditions g\u00e9n\u00e9rales.<\/p>\n<p>&nbsp;<\/p>\n<h3 class=\"title-section\"><strong>Limites de responsabilit\u00e9<\/strong><\/h3>\n<p>Vous \u00eates enti\u00e8rement responsable de l&rsquo;utilisation du site www.intratone-be-2026.local. La soci\u00e9t\u00e9 Cogelec S.A. ne peut \u00eatre tenue responsable de tout dommage direct ou indirect, tel que dommage mat\u00e9riel, perte de donn\u00e9es ou de programmes, perte financi\u00e8re r\u00e9sultant de l&rsquo;acc\u00e8s et de l&rsquo;utilisation de ce site ou des sites li\u00e9s par l&rsquo;utilisateur.<\/p>\n<p>Bien que Cogelec S.A. s&rsquo;efforce de fournir uniquement des informations pr\u00e9cises sur ce site, certaines informations peuvent contenir des inexactitudes techniques ou des erreurs typographiques. Le contenu du mat\u00e9riel publi\u00e9 sur ce site est suppos\u00e9 \u00eatre \u00e0 jour et pr\u00e9cis \u00e0 la date de publication. Cogelec ne garantit pas l&rsquo;exactitude des informations. Cogelec S.A. se r\u00e9serve le droit de modifier les services ou produits mentionn\u00e9s \u00e0 tout moment sans pr\u00e9avis. Pour une documentation plus actuelle et compl\u00e8te, vous pouvez contacter directement Cogelec S.A. Les produits ou services non propos\u00e9s par Cogelec sont mentionn\u00e9s ici uniquement \u00e0 titre informatif. Ces mentions ne constituent en aucun cas un soutien ou une recommandation.<\/p>\n<p>Toutes les informations, logiciels, produits et services sont fournis \u00ab\u00a0en l&rsquo;\u00e9tat\u00a0\u00bb sur ce site, sans aucune garantie, expresse ou implicite, l\u00e9gale ou autre. Cogelec S.A. rejette toutes garanties, expresses ou implicites, y compris mais sans s&rsquo;y limiter les garanties de qualit\u00e9 marchande ou d&rsquo;adaptation \u00e0 un usage particulier, non-contrefa\u00e7on, ou lors de la vente, de l&rsquo;utilisation ou des pratiques commerciales.<\/p>\n<p>Certaines juridictions interdisent l&rsquo;exclusion des garanties implicites, de sorte que cette exclusion peut ne pas s&rsquo;appliquer \u00e0 vous.<\/p>\n<h3 class=\"title-section\"><strong>Utilisation du logiciel<\/strong><\/h3>\n<p>Les logiciels et la documentation associ\u00e9e pouvant \u00eatre t\u00e9l\u00e9charg\u00e9s depuis ce site sont des productions prot\u00e9g\u00e9es par le droit d&rsquo;auteur de Cogelec S.A. L&rsquo;utilisation des logiciels est r\u00e9gie par les conditions du contrat de licence utilisateur final applicable \u00e0 ces logiciels. Si aucun contrat de licence n&rsquo;est fourni lors d&rsquo;un t\u00e9l\u00e9chargement, celui-ci est r\u00e9gi par les conditions du contrat de licence du produit original actualis\u00e9 par ce t\u00e9l\u00e9chargement. Vous ne pouvez pas utiliser, t\u00e9l\u00e9charger ou installer un logiciel si vous n&rsquo;acceptez pas les conditions d&rsquo;un tel contrat de licence utilisateur final.<\/p>\n<h3 class=\"title-section\"><strong>Liens vers des sites tiers<\/strong><\/h3>\n<p>La soci\u00e9t\u00e9 Cogelec S.A. ne peut \u00eatre tenue responsable des hyperliens vers d&rsquo;autres sites web, et plus g\u00e9n\u00e9ralement vers toutes les ressources sur Internet utilis\u00e9es sur ce site.<\/p>\n<p>Ce site peut contenir des liens vers des sites tiers utiles ou informatifs. Cogelec S.A. ne donne pas son accord et ne fait aucune d\u00e9claration concernant les sites tiers. L&rsquo;insertion de liens n&rsquo;implique pas non plus un tel accord. En cliquant sur ces liens, vous quittez ce site. Cogelec S.A. n&rsquo;est pas responsable des webcasts ou autres moyens de diffusion re\u00e7us des sites tiers. Cogelec S.A. n&rsquo;a aucun contr\u00f4le sur ces sites tiers et n&rsquo;est pas responsable de leur contenu, des liens qu&rsquo;ils proposent, des modifications ou mises \u00e0 jour de ces sites ou de leurs pratiques de confidentialit\u00e9 qui peuvent diff\u00e9rer de celles de Cogelec S.A. Les donn\u00e9es personnelles que vous publiez \u00e9ventuellement sur ces sites tiers ne sont pas couvertes par la politique de confidentialit\u00e9 de Cogelec S.A. Cogelec S.A. recommande de consulter la politique de confidentialit\u00e9 de chaque entreprise avant de lui fournir des donn\u00e9es personnelles.<\/p>\n<h3 class=\"title-section\"><strong>Liens vers le site www.intratone-be-2026.local<\/strong><\/h3>\n<p>Les liens vers d&rsquo;autres sites sont fournis \u00e0 titre informatif uniquement et Cogelec SA n&rsquo;est pas responsable ou redevable de l&rsquo;acc\u00e8s ou du contenu des sites web qui renvoient vers ce site ou qui sont accessibles via un lien sur ce site.<\/p>\n<p>Les liens sont de pr\u00e9f\u00e9rence attribu\u00e9s \u00e0 des sites dont le contenu est comparable \u00e0 celui de Cogelec S.A. et pour lesquels Cogelec S.A. se r\u00e9serve le droit de refuser sans pr\u00e9avis toute nouvelle demande de lien. L&rsquo;utilisation d&rsquo;un hyperlien vers le site www.intratone-be-2026.local est autoris\u00e9e uniquement avec l&rsquo;autorisation expresse pr\u00e9alable de France Telecom.<\/p>\n","protected":false},"excerpt":{"rendered":"<p>Utilisation des informations sur le site intratone-be-2026.local Cogelec S.A. propose sur ce site des informations et des produits soumis aux conditions g\u00e9n\u00e9rales ci-dessous. Veuillez lire attentivement ces termes et conditions pour le site et son utilisation. En visitant et en utilisant ce site, vous acceptez implicitement ces conditions g\u00e9n\u00e9rales et vous vous engagez \u00e0 les [&hellip;]<\/p>\n","protected":false},"author":0,"featured_media":0,"parent":0,"menu_order":0,"comment_status":"closed","ping_status":"closed","template":"","meta":{"_acf_changed":false,"content-type":"","footnotes":""},"class_list":["post-3439","page","type-page","status-publish","hentry"],"acf":[],"yoast_head":"<!-- This site is optimized with the Yoast SEO plugin v27.2 - https:\/\/yoast.com\/product\/yoast-seo-wordpress\/ -->\n<title>Dispositions l\u00e9gales - Intratone<\/title>\n<meta name=\"robots\" content=\"index, follow, max-snippet:-1, max-image-preview:large, max-video-preview:-1\" \/>\n<link rel=\"canonical\" href=\"https:\/\/intratone.be\/fr\/dispositions-legales\/\" \/>\n<meta property=\"og:locale\" content=\"fr_FR\" \/>\n<meta property=\"og:type\" content=\"article\" \/>\n<meta property=\"og:title\" content=\"Dispositions l\u00e9gales - Intratone\" \/>\n<meta property=\"og:description\" content=\"Utilisation des informations sur le site intratone-be-2026.local Cogelec S.A. propose sur ce site des informations et des produits soumis aux conditions g\u00e9n\u00e9rales ci-dessous. Veuillez lire attentivement ces termes et conditions pour le site et son utilisation. En visitant et en utilisant ce site, vous acceptez implicitement ces conditions g\u00e9n\u00e9rales et vous vous engagez \u00e0 les [&hellip;]\" \/>\n<meta property=\"og:url\" content=\"https:\/\/intratone.be\/fr\/dispositions-legales\/\" \/>\n<meta property=\"og:site_name\" content=\"Intratone\" \/>\n<meta name=\"twitter:card\" content=\"summary_large_image\" \/>\n<meta name=\"twitter:label1\" content=\"Dur\u00e9e de lecture estim\u00e9e\" \/>\n\t<meta name=\"twitter:data1\" content=\"6 minutes\" \/>\n<script type=\"application\/ld+json\" class=\"yoast-schema-graph\">{\"@context\":\"https:\/\/schema.org\",\"@graph\":[{\"@type\":\"WebPage\",\"@id\":\"https:\/\/intratone.be\/fr\/dispositions-legales\/\",\"url\":\"https:\/\/intratone.be\/fr\/dispositions-legales\/\",\"name\":\"Dispositions l\u00e9gales - Intratone\",\"isPartOf\":{\"@id\":\"https:\/\/intratone.be\/fr\/#website\"},\"datePublished\":\"2026-03-12T12:28:53+00:00\",\"breadcrumb\":{\"@id\":\"https:\/\/intratone.be\/fr\/dispositions-legales\/#breadcrumb\"},\"inLanguage\":\"fr-FR\",\"potentialAction\":[{\"@type\":\"ReadAction\",\"target\":[\"https:\/\/intratone.be\/fr\/dispositions-legales\/\"]}]},{\"@type\":\"BreadcrumbList\",\"@id\":\"https:\/\/intratone.be\/fr\/dispositions-legales\/#breadcrumb\",\"itemListElement\":[{\"@type\":\"ListItem\",\"position\":1,\"name\":\"Home\",\"item\":\"https:\/\/intratone.be\/fr\/\"},{\"@type\":\"ListItem\",\"position\":2,\"name\":\"Dispositions l\u00e9gales\"}]},{\"@type\":\"WebSite\",\"@id\":\"https:\/\/intratone.be\/fr\/#website\",\"url\":\"https:\/\/intratone.be\/fr\/\",\"name\":\"Intratone\",\"description\":\"\",\"publisher\":{\"@id\":\"https:\/\/intratone.be\/fr\/#organization\"},\"potentialAction\":[{\"@type\":\"SearchAction\",\"target\":{\"@type\":\"EntryPoint\",\"urlTemplate\":\"https:\/\/intratone.be\/fr\/?s={search_term_string}\"},\"query-input\":{\"@type\":\"PropertyValueSpecification\",\"valueRequired\":true,\"valueName\":\"search_term_string\"}}],\"inLanguage\":\"fr-FR\"},{\"@type\":\"Organization\",\"@id\":\"https:\/\/intratone.be\/fr\/#organization\",\"name\":\"Intratone\",\"url\":\"https:\/\/intratone.be\/fr\/\",\"logo\":{\"@type\":\"ImageObject\",\"inLanguage\":\"fr-FR\",\"@id\":\"https:\/\/intratone.be\/fr\/#\/schema\/logo\/image\/\",\"url\":\"https:\/\/intratone.be\/wp-content\/uploads\/2025\/06\/cropped-logo-app-my-intercom-intratone.png\",\"contentUrl\":\"https:\/\/intratone.be\/wp-content\/uploads\/2025\/06\/cropped-logo-app-my-intercom-intratone.png\",\"width\":512,\"height\":512,\"caption\":\"Intratone\"},\"image\":{\"@id\":\"https:\/\/intratone.be\/fr\/#\/schema\/logo\/image\/\"}}]}<\/script>\n<!-- \/ Yoast SEO plugin. -->","yoast_head_json":{"title":"Dispositions l\u00e9gales - Intratone","robots":{"index":"index","follow":"follow","max-snippet":"max-snippet:-1","max-image-preview":"max-image-preview:large","max-video-preview":"max-video-preview:-1"},"canonical":"https:\/\/intratone.be\/fr\/dispositions-legales\/","og_locale":"fr_FR","og_type":"article","og_title":"Dispositions l\u00e9gales - Intratone","og_description":"Utilisation des informations sur le site intratone-be-2026.local Cogelec S.A. propose sur ce site des informations et des produits soumis aux conditions g\u00e9n\u00e9rales ci-dessous. Veuillez lire attentivement ces termes et conditions pour le site et son utilisation. En visitant et en utilisant ce site, vous acceptez implicitement ces conditions g\u00e9n\u00e9rales et vous vous engagez \u00e0 les [&hellip;]","og_url":"https:\/\/intratone.be\/fr\/dispositions-legales\/","og_site_name":"Intratone","twitter_card":"summary_large_image","twitter_misc":{"Dur\u00e9e de lecture estim\u00e9e":"6 minutes"},"schema":{"@context":"https:\/\/schema.org","@graph":[{"@type":"WebPage","@id":"https:\/\/intratone.be\/fr\/dispositions-legales\/","url":"https:\/\/intratone.be\/fr\/dispositions-legales\/","name":"Dispositions l\u00e9gales - Intratone","isPartOf":{"@id":"https:\/\/intratone.be\/fr\/#website"},"datePublished":"2026-03-12T12:28:53+00:00","breadcrumb":{"@id":"https:\/\/intratone.be\/fr\/dispositions-legales\/#breadcrumb"},"inLanguage":"fr-FR","potentialAction":[{"@type":"ReadAction","target":["https:\/\/intratone.be\/fr\/dispositions-legales\/"]}]},{"@type":"BreadcrumbList","@id":"https:\/\/intratone.be\/fr\/dispositions-legales\/#breadcrumb","itemListElement":[{"@type":"ListItem","position":1,"name":"Home","item":"https:\/\/intratone.be\/fr\/"},{"@type":"ListItem","position":2,"name":"Dispositions l\u00e9gales"}]},{"@type":"WebSite","@id":"https:\/\/intratone.be\/fr\/#website","url":"https:\/\/intratone.be\/fr\/","name":"Intratone","description":"","publisher":{"@id":"https:\/\/intratone.be\/fr\/#organization"},"potentialAction":[{"@type":"SearchAction","target":{"@type":"EntryPoint","urlTemplate":"https:\/\/intratone.be\/fr\/?s={search_term_string}"},"query-input":{"@type":"PropertyValueSpecification","valueRequired":true,"valueName":"search_term_string"}}],"inLanguage":"fr-FR"},{"@type":"Organization","@id":"https:\/\/intratone.be\/fr\/#organization","name":"Intratone","url":"https:\/\/intratone.be\/fr\/","logo":{"@type":"ImageObject","inLanguage":"fr-FR","@id":"https:\/\/intratone.be\/fr\/#\/schema\/logo\/image\/","url":"https:\/\/intratone.be\/wp-content\/uploads\/2025\/06\/cropped-logo-app-my-intercom-intratone.png","contentUrl":"https:\/\/intratone.be\/wp-content\/uploads\/2025\/06\/cropped-logo-app-my-intercom-intratone.png","width":512,"height":512,"caption":"Intratone"},"image":{"@id":"https:\/\/intratone.be\/fr\/#\/schema\/logo\/image\/"}}]}},"_links":{"self":[{"href":"https:\/\/intratone.be\/fr\/wp-json\/wp\/v2\/pages\/3439","targetHints":{"allow":["GET"]}}],"collection":[{"href":"https:\/\/intratone.be\/fr\/wp-json\/wp\/v2\/pages"}],"about":[{"href":"https:\/\/intratone.be\/fr\/wp-json\/wp\/v2\/types\/page"}],"replies":[{"embeddable":true,"href":"https:\/\/intratone.be\/fr\/wp-json\/wp\/v2\/comments?post=3439"}],"version-history":[{"count":0,"href":"https:\/\/intratone.be\/fr\/wp-json\/wp\/v2\/pages\/3439\/revisions"}],"wp:attachment":[{"href":"https:\/\/intratone.be\/fr\/wp-json\/wp\/v2\/media?parent=3439"}],"curies":[{"name":"wp","href":"https:\/\/api.w.org\/{rel}","templated":true}]}}