{"id":3497,"date":"2025-09-08T14:24:50","date_gmt":"2025-09-08T12:24:50","guid":{"rendered":"https:\/\/intratone.be\/product\/recepteur-hf-avec-antenne-deportee\/"},"modified":"2026-04-15T09:31:19","modified_gmt":"2026-04-15T07:31:19","slug":"recepteur-hf-avec-antenne-deportee","status":"publish","type":"product","link":"https:\/\/intratone.be\/fr\/produit\/recepteur-hf-avec-antenne-deportee\/","title":{"rendered":"R\u00e9cepteur HF avec antenne d\u00e9port\u00e9e"},"content":{"rendered":"","protected":false},"featured_media":3809,"template":"","meta":{"_acf_changed":false,"content-type":""},"categorie":[144],"class_list":["post-3497","product","type-product","status-publish","has-post-thumbnail","hentry","categorie-modules-recepteurs"],"acf":[],"yoast_head":"<!-- This site is optimized with the Yoast SEO plugin v27.2 - https:\/\/yoast.com\/product\/yoast-seo-wordpress\/ -->\n<title>R\u00e9cepteur HF avec antenne d\u00e9port\u00e9e - Intratone<\/title>\n<meta name=\"description\" content=\"Que vous contr\u00f4liez une porte de garage ou l&#039;entr\u00e9e d&#039;un parking, le R\u00e9cepteur HF d&#039;Intratone avec une antenne d\u00e9port\u00e9e est la solution.\" \/>\n<meta name=\"robots\" content=\"index, follow, max-snippet:-1, max-image-preview:large, max-video-preview:-1\" \/>\n<link rel=\"canonical\" href=\"https:\/\/intratone.be\/fr\/produit\/recepteur-hf-avec-antenne-deportee\/\" \/>\n<meta property=\"og:locale\" content=\"fr_FR\" \/>\n<meta property=\"og:type\" content=\"article\" \/>\n<meta property=\"og:title\" content=\"R\u00e9cepteur HF avec antenne d\u00e9port\u00e9e - Intratone\" \/>\n<meta property=\"og:description\" content=\"Que vous contr\u00f4liez une porte de garage ou l&#039;entr\u00e9e d&#039;un parking, le R\u00e9cepteur HF d&#039;Intratone avec une antenne d\u00e9port\u00e9e est la solution.\" \/>\n<meta property=\"og:url\" content=\"https:\/\/intratone.be\/fr\/produit\/recepteur-hf-avec-antenne-deportee\/\" \/>\n<meta property=\"og:site_name\" content=\"Intratone\" \/>\n<meta property=\"article:modified_time\" content=\"2026-04-15T07:31:19+00:00\" \/>\n<meta property=\"og:image\" content=\"https:\/\/intratone.be\/wp-content\/uploads\/2025\/09\/Externe-Antenna-trans.png\" \/>\n\t<meta property=\"og:image:width\" content=\"1056\" \/>\n\t<meta property=\"og:image:height\" content=\"1000\" \/>\n\t<meta property=\"og:image:type\" content=\"image\/png\" \/>\n<meta name=\"twitter:card\" content=\"summary_large_image\" \/>\n<meta name=\"twitter:label1\" content=\"Dur\u00e9e de lecture estim\u00e9e\" \/>\n\t<meta name=\"twitter:data1\" content=\"1 minute\" \/>\n<script type=\"application\/ld+json\" class=\"yoast-schema-graph\">{\"@context\":\"https:\/\/schema.org\",\"@graph\":[{\"@type\":\"WebPage\",\"@id\":\"https:\/\/intratone.be\/fr\/produit\/recepteur-hf-avec-antenne-deportee\/\",\"url\":\"https:\/\/intratone.be\/fr\/produit\/recepteur-hf-avec-antenne-deportee\/\",\"name\":\"R\u00e9cepteur HF avec antenne d\u00e9port\u00e9e - Intratone\",\"isPartOf\":{\"@id\":\"https:\/\/intratone.be\/fr\/#website\"},\"primaryImageOfPage\":{\"@id\":\"https:\/\/intratone.be\/fr\/produit\/recepteur-hf-avec-antenne-deportee\/#primaryimage\"},\"image\":{\"@id\":\"https:\/\/intratone.be\/fr\/produit\/recepteur-hf-avec-antenne-deportee\/#primaryimage\"},\"thumbnailUrl\":\"https:\/\/intratone.be\/wp-content\/uploads\/2025\/09\/Externe-Antenna-trans.png\",\"datePublished\":\"2025-09-08T12:24:50+00:00\",\"dateModified\":\"2026-04-15T07:31:19+00:00\",\"description\":\"Que vous contr\u00f4liez une porte de garage ou l'entr\u00e9e d'un parking, le R\u00e9cepteur HF d'Intratone avec une antenne d\u00e9port\u00e9e est la solution.\",\"breadcrumb\":{\"@id\":\"https:\/\/intratone.be\/fr\/produit\/recepteur-hf-avec-antenne-deportee\/#breadcrumb\"},\"inLanguage\":\"fr-FR\",\"potentialAction\":[{\"@type\":\"ReadAction\",\"target\":[\"https:\/\/intratone.be\/fr\/produit\/recepteur-hf-avec-antenne-deportee\/\"]}]},{\"@type\":\"ImageObject\",\"inLanguage\":\"fr-FR\",\"@id\":\"https:\/\/intratone.be\/fr\/produit\/recepteur-hf-avec-antenne-deportee\/#primaryimage\",\"url\":\"https:\/\/intratone.be\/wp-content\/uploads\/2025\/09\/Externe-Antenna-trans.png\",\"contentUrl\":\"https:\/\/intratone.be\/wp-content\/uploads\/2025\/09\/Externe-Antenna-trans.png\",\"width\":1056,\"height\":1000},{\"@type\":\"BreadcrumbList\",\"@id\":\"https:\/\/intratone.be\/fr\/produit\/recepteur-hf-avec-antenne-deportee\/#breadcrumb\",\"itemListElement\":[{\"@type\":\"ListItem\",\"position\":1,\"name\":\"Home\",\"item\":\"https:\/\/intratone.be\/fr\/\"},{\"@type\":\"ListItem\",\"position\":2,\"name\":\"Producten\",\"item\":\"https:\/\/intratone.be\/fr\/p\/\"},{\"@type\":\"ListItem\",\"position\":3,\"name\":\"R\u00e9cepteur HF avec antenne d\u00e9port\u00e9e\"}]},{\"@type\":\"WebSite\",\"@id\":\"https:\/\/intratone.be\/fr\/#website\",\"url\":\"https:\/\/intratone.be\/fr\/\",\"name\":\"Intratone\",\"description\":\"\",\"publisher\":{\"@id\":\"https:\/\/intratone.be\/fr\/#organization\"},\"potentialAction\":[{\"@type\":\"SearchAction\",\"target\":{\"@type\":\"EntryPoint\",\"urlTemplate\":\"https:\/\/intratone.be\/fr\/?s={search_term_string}\"},\"query-input\":{\"@type\":\"PropertyValueSpecification\",\"valueRequired\":true,\"valueName\":\"search_term_string\"}}],\"inLanguage\":\"fr-FR\"},{\"@type\":\"Organization\",\"@id\":\"https:\/\/intratone.be\/fr\/#organization\",\"name\":\"Intratone\",\"url\":\"https:\/\/intratone.be\/fr\/\",\"logo\":{\"@type\":\"ImageObject\",\"inLanguage\":\"fr-FR\",\"@id\":\"https:\/\/intratone.be\/fr\/#\/schema\/logo\/image\/\",\"url\":\"https:\/\/intratone.be\/wp-content\/uploads\/2025\/06\/cropped-logo-app-my-intercom-intratone.png\",\"contentUrl\":\"https:\/\/intratone.be\/wp-content\/uploads\/2025\/06\/cropped-logo-app-my-intercom-intratone.png\",\"width\":512,\"height\":512,\"caption\":\"Intratone\"},\"image\":{\"@id\":\"https:\/\/intratone.be\/fr\/#\/schema\/logo\/image\/\"}}]}<\/script>\n<!-- \/ Yoast SEO plugin. -->","yoast_head_json":{"title":"R\u00e9cepteur HF avec antenne d\u00e9port\u00e9e - Intratone","description":"Que vous contr\u00f4liez une porte de garage ou l'entr\u00e9e d'un parking, le R\u00e9cepteur HF d'Intratone avec une antenne d\u00e9port\u00e9e est la solution.","robots":{"index":"index","follow":"follow","max-snippet":"max-snippet:-1","max-image-preview":"max-image-preview:large","max-video-preview":"max-video-preview:-1"},"canonical":"https:\/\/intratone.be\/fr\/produit\/recepteur-hf-avec-antenne-deportee\/","og_locale":"fr_FR","og_type":"article","og_title":"R\u00e9cepteur HF avec antenne d\u00e9port\u00e9e - Intratone","og_description":"Que vous contr\u00f4liez une porte de garage ou l'entr\u00e9e d'un parking, le R\u00e9cepteur HF d'Intratone avec une antenne d\u00e9port\u00e9e est la solution.","og_url":"https:\/\/intratone.be\/fr\/produit\/recepteur-hf-avec-antenne-deportee\/","og_site_name":"Intratone","article_modified_time":"2026-04-15T07:31:19+00:00","og_image":[{"width":1056,"height":1000,"url":"https:\/\/intratone.be\/wp-content\/uploads\/2025\/09\/Externe-Antenna-trans.png","type":"image\/png"}],"twitter_card":"summary_large_image","twitter_misc":{"Dur\u00e9e de lecture estim\u00e9e":"1 minute"},"schema":{"@context":"https:\/\/schema.org","@graph":[{"@type":"WebPage","@id":"https:\/\/intratone.be\/fr\/produit\/recepteur-hf-avec-antenne-deportee\/","url":"https:\/\/intratone.be\/fr\/produit\/recepteur-hf-avec-antenne-deportee\/","name":"R\u00e9cepteur HF avec antenne d\u00e9port\u00e9e - Intratone","isPartOf":{"@id":"https:\/\/intratone.be\/fr\/#website"},"primaryImageOfPage":{"@id":"https:\/\/intratone.be\/fr\/produit\/recepteur-hf-avec-antenne-deportee\/#primaryimage"},"image":{"@id":"https:\/\/intratone.be\/fr\/produit\/recepteur-hf-avec-antenne-deportee\/#primaryimage"},"thumbnailUrl":"https:\/\/intratone.be\/wp-content\/uploads\/2025\/09\/Externe-Antenna-trans.png","datePublished":"2025-09-08T12:24:50+00:00","dateModified":"2026-04-15T07:31:19+00:00","description":"Que vous contr\u00f4liez une porte de garage ou l'entr\u00e9e d'un parking, le R\u00e9cepteur HF d'Intratone avec une antenne d\u00e9port\u00e9e est la solution.","breadcrumb":{"@id":"https:\/\/intratone.be\/fr\/produit\/recepteur-hf-avec-antenne-deportee\/#breadcrumb"},"inLanguage":"fr-FR","potentialAction":[{"@type":"ReadAction","target":["https:\/\/intratone.be\/fr\/produit\/recepteur-hf-avec-antenne-deportee\/"]}]},{"@type":"ImageObject","inLanguage":"fr-FR","@id":"https:\/\/intratone.be\/fr\/produit\/recepteur-hf-avec-antenne-deportee\/#primaryimage","url":"https:\/\/intratone.be\/wp-content\/uploads\/2025\/09\/Externe-Antenna-trans.png","contentUrl":"https:\/\/intratone.be\/wp-content\/uploads\/2025\/09\/Externe-Antenna-trans.png","width":1056,"height":1000},{"@type":"BreadcrumbList","@id":"https:\/\/intratone.be\/fr\/produit\/recepteur-hf-avec-antenne-deportee\/#breadcrumb","itemListElement":[{"@type":"ListItem","position":1,"name":"Home","item":"https:\/\/intratone.be\/fr\/"},{"@type":"ListItem","position":2,"name":"Producten","item":"https:\/\/intratone.be\/fr\/p\/"},{"@type":"ListItem","position":3,"name":"R\u00e9cepteur HF avec antenne d\u00e9port\u00e9e"}]},{"@type":"WebSite","@id":"https:\/\/intratone.be\/fr\/#website","url":"https:\/\/intratone.be\/fr\/","name":"Intratone","description":"","publisher":{"@id":"https:\/\/intratone.be\/fr\/#organization"},"potentialAction":[{"@type":"SearchAction","target":{"@type":"EntryPoint","urlTemplate":"https:\/\/intratone.be\/fr\/?s={search_term_string}"},"query-input":{"@type":"PropertyValueSpecification","valueRequired":true,"valueName":"search_term_string"}}],"inLanguage":"fr-FR"},{"@type":"Organization","@id":"https:\/\/intratone.be\/fr\/#organization","name":"Intratone","url":"https:\/\/intratone.be\/fr\/","logo":{"@type":"ImageObject","inLanguage":"fr-FR","@id":"https:\/\/intratone.be\/fr\/#\/schema\/logo\/image\/","url":"https:\/\/intratone.be\/wp-content\/uploads\/2025\/06\/cropped-logo-app-my-intercom-intratone.png","contentUrl":"https:\/\/intratone.be\/wp-content\/uploads\/2025\/06\/cropped-logo-app-my-intercom-intratone.png","width":512,"height":512,"caption":"Intratone"},"image":{"@id":"https:\/\/intratone.be\/fr\/#\/schema\/logo\/image\/"}}]}},"_links":{"self":[{"href":"https:\/\/intratone.be\/fr\/wp-json\/wp\/v2\/product\/3497","targetHints":{"allow":["GET"]}}],"collection":[{"href":"https:\/\/intratone.be\/fr\/wp-json\/wp\/v2\/product"}],"about":[{"href":"https:\/\/intratone.be\/fr\/wp-json\/wp\/v2\/types\/product"}],"wp:featuredmedia":[{"embeddable":true,"href":"https:\/\/intratone.be\/fr\/wp-json\/wp\/v2\/media\/3809"}],"wp:attachment":[{"href":"https:\/\/intratone.be\/fr\/wp-json\/wp\/v2\/media?parent=3497"}],"wp:term":[{"taxonomy":"categorie","embeddable":true,"href":"https:\/\/intratone.be\/fr\/wp-json\/wp\/v2\/categorie?post=3497"}],"curies":[{"name":"wp","href":"https:\/\/api.w.org\/{rel}","templated":true}]}}