{"id":3498,"date":"2025-09-08T14:20:37","date_gmt":"2025-09-08T12:20:37","guid":{"rendered":"https:\/\/intratone.be\/product\/recepteur-hf-special-acces-parking-individuel\/"},"modified":"2026-04-15T09:33:30","modified_gmt":"2026-04-15T07:33:30","slug":"recepteur-hf-special-acces-parking-individuel","status":"publish","type":"product","link":"https:\/\/intratone.be\/fr\/produit\/recepteur-hf-special-acces-parking-individuel\/","title":{"rendered":"R\u00e9cepteur HF sp\u00e9cial \u00ab\u00a0acc\u00e8s parking individuel\u00a0\u00bb"},"content":{"rendered":"","protected":false},"featured_media":3982,"template":"","meta":{"_acf_changed":false,"content-type":""},"categorie":[144],"class_list":["post-3498","product","type-product","status-publish","has-post-thumbnail","hentry","categorie-modules-recepteurs"],"acf":[],"yoast_head":"<!-- This site is optimized with the Yoast SEO plugin v27.2 - https:\/\/yoast.com\/product\/yoast-seo-wordpress\/ -->\n<title>R\u00e9cepteur HF sp\u00e9cial &quot;acc\u00e8s parking individuel&quot;<\/title>\n<meta name=\"description\" content=\"Avec le R\u00e9cepteur HF, vous r\u00e9alisez un acc\u00e8s individuel au parking, enti\u00e8rement s\u00e9curis\u00e9 et facile \u00e0 utiliser.\" \/>\n<meta name=\"robots\" content=\"index, follow, max-snippet:-1, max-image-preview:large, max-video-preview:-1\" \/>\n<link rel=\"canonical\" href=\"https:\/\/intratone.be\/fr\/produit\/recepteur-hf-special-acces-parking-individuel\/\" \/>\n<meta property=\"og:locale\" content=\"fr_FR\" \/>\n<meta property=\"og:type\" content=\"article\" \/>\n<meta property=\"og:title\" content=\"R\u00e9cepteur HF sp\u00e9cial &quot;acc\u00e8s parking individuel&quot;\" \/>\n<meta property=\"og:description\" content=\"Avec le R\u00e9cepteur HF, vous r\u00e9alisez un acc\u00e8s individuel au parking, enti\u00e8rement s\u00e9curis\u00e9 et facile \u00e0 utiliser.\" \/>\n<meta property=\"og:url\" content=\"https:\/\/intratone.be\/fr\/produit\/recepteur-hf-special-acces-parking-individuel\/\" \/>\n<meta property=\"og:site_name\" content=\"Intratone\" \/>\n<meta property=\"article:modified_time\" content=\"2026-04-15T07:33:30+00:00\" \/>\n<meta property=\"og:image\" content=\"https:\/\/intratone.be\/wp-content\/uploads\/2025\/09\/HF-Parking.png\" \/>\n\t<meta property=\"og:image:width\" content=\"600\" \/>\n\t<meta property=\"og:image:height\" content=\"800\" \/>\n\t<meta property=\"og:image:type\" content=\"image\/png\" \/>\n<meta name=\"twitter:card\" content=\"summary_large_image\" \/>\n<meta name=\"twitter:label1\" content=\"Dur\u00e9e de lecture estim\u00e9e\" \/>\n\t<meta name=\"twitter:data1\" content=\"1 minute\" \/>\n<script type=\"application\/ld+json\" class=\"yoast-schema-graph\">{\"@context\":\"https:\/\/schema.org\",\"@graph\":[{\"@type\":\"WebPage\",\"@id\":\"https:\/\/intratone.be\/fr\/produit\/recepteur-hf-special-acces-parking-individuel\/\",\"url\":\"https:\/\/intratone.be\/fr\/produit\/recepteur-hf-special-acces-parking-individuel\/\",\"name\":\"R\u00e9cepteur HF sp\u00e9cial \\\"acc\u00e8s parking individuel\\\"\",\"isPartOf\":{\"@id\":\"https:\/\/intratone.be\/fr\/#website\"},\"primaryImageOfPage\":{\"@id\":\"https:\/\/intratone.be\/fr\/produit\/recepteur-hf-special-acces-parking-individuel\/#primaryimage\"},\"image\":{\"@id\":\"https:\/\/intratone.be\/fr\/produit\/recepteur-hf-special-acces-parking-individuel\/#primaryimage\"},\"thumbnailUrl\":\"https:\/\/intratone.be\/wp-content\/uploads\/2025\/09\/HF-Parking.png\",\"datePublished\":\"2025-09-08T12:20:37+00:00\",\"dateModified\":\"2026-04-15T07:33:30+00:00\",\"description\":\"Avec le R\u00e9cepteur HF, vous r\u00e9alisez un acc\u00e8s individuel au parking, enti\u00e8rement s\u00e9curis\u00e9 et facile \u00e0 utiliser.\",\"breadcrumb\":{\"@id\":\"https:\/\/intratone.be\/fr\/produit\/recepteur-hf-special-acces-parking-individuel\/#breadcrumb\"},\"inLanguage\":\"fr-FR\",\"potentialAction\":[{\"@type\":\"ReadAction\",\"target\":[\"https:\/\/intratone.be\/fr\/produit\/recepteur-hf-special-acces-parking-individuel\/\"]}]},{\"@type\":\"ImageObject\",\"inLanguage\":\"fr-FR\",\"@id\":\"https:\/\/intratone.be\/fr\/produit\/recepteur-hf-special-acces-parking-individuel\/#primaryimage\",\"url\":\"https:\/\/intratone.be\/wp-content\/uploads\/2025\/09\/HF-Parking.png\",\"contentUrl\":\"https:\/\/intratone.be\/wp-content\/uploads\/2025\/09\/HF-Parking.png\",\"width\":600,\"height\":800},{\"@type\":\"BreadcrumbList\",\"@id\":\"https:\/\/intratone.be\/fr\/produit\/recepteur-hf-special-acces-parking-individuel\/#breadcrumb\",\"itemListElement\":[{\"@type\":\"ListItem\",\"position\":1,\"name\":\"Home\",\"item\":\"https:\/\/intratone.be\/fr\/\"},{\"@type\":\"ListItem\",\"position\":2,\"name\":\"Producten\",\"item\":\"https:\/\/intratone.be\/fr\/p\/\"},{\"@type\":\"ListItem\",\"position\":3,\"name\":\"R\u00e9cepteur HF sp\u00e9cial \u00ab\u00a0acc\u00e8s parking individuel\u00a0\u00bb\"}]},{\"@type\":\"WebSite\",\"@id\":\"https:\/\/intratone.be\/fr\/#website\",\"url\":\"https:\/\/intratone.be\/fr\/\",\"name\":\"Intratone\",\"description\":\"\",\"publisher\":{\"@id\":\"https:\/\/intratone.be\/fr\/#organization\"},\"potentialAction\":[{\"@type\":\"SearchAction\",\"target\":{\"@type\":\"EntryPoint\",\"urlTemplate\":\"https:\/\/intratone.be\/fr\/?s={search_term_string}\"},\"query-input\":{\"@type\":\"PropertyValueSpecification\",\"valueRequired\":true,\"valueName\":\"search_term_string\"}}],\"inLanguage\":\"fr-FR\"},{\"@type\":\"Organization\",\"@id\":\"https:\/\/intratone.be\/fr\/#organization\",\"name\":\"Intratone\",\"url\":\"https:\/\/intratone.be\/fr\/\",\"logo\":{\"@type\":\"ImageObject\",\"inLanguage\":\"fr-FR\",\"@id\":\"https:\/\/intratone.be\/fr\/#\/schema\/logo\/image\/\",\"url\":\"https:\/\/intratone.be\/wp-content\/uploads\/2025\/06\/cropped-logo-app-my-intercom-intratone.png\",\"contentUrl\":\"https:\/\/intratone.be\/wp-content\/uploads\/2025\/06\/cropped-logo-app-my-intercom-intratone.png\",\"width\":512,\"height\":512,\"caption\":\"Intratone\"},\"image\":{\"@id\":\"https:\/\/intratone.be\/fr\/#\/schema\/logo\/image\/\"}}]}<\/script>\n<!-- \/ Yoast SEO plugin. -->","yoast_head_json":{"title":"R\u00e9cepteur HF sp\u00e9cial \"acc\u00e8s parking individuel\"","description":"Avec le R\u00e9cepteur HF, vous r\u00e9alisez un acc\u00e8s individuel au parking, enti\u00e8rement s\u00e9curis\u00e9 et facile \u00e0 utiliser.","robots":{"index":"index","follow":"follow","max-snippet":"max-snippet:-1","max-image-preview":"max-image-preview:large","max-video-preview":"max-video-preview:-1"},"canonical":"https:\/\/intratone.be\/fr\/produit\/recepteur-hf-special-acces-parking-individuel\/","og_locale":"fr_FR","og_type":"article","og_title":"R\u00e9cepteur HF sp\u00e9cial \"acc\u00e8s parking individuel\"","og_description":"Avec le R\u00e9cepteur HF, vous r\u00e9alisez un acc\u00e8s individuel au parking, enti\u00e8rement s\u00e9curis\u00e9 et facile \u00e0 utiliser.","og_url":"https:\/\/intratone.be\/fr\/produit\/recepteur-hf-special-acces-parking-individuel\/","og_site_name":"Intratone","article_modified_time":"2026-04-15T07:33:30+00:00","og_image":[{"width":600,"height":800,"url":"https:\/\/intratone.be\/wp-content\/uploads\/2025\/09\/HF-Parking.png","type":"image\/png"}],"twitter_card":"summary_large_image","twitter_misc":{"Dur\u00e9e de lecture estim\u00e9e":"1 minute"},"schema":{"@context":"https:\/\/schema.org","@graph":[{"@type":"WebPage","@id":"https:\/\/intratone.be\/fr\/produit\/recepteur-hf-special-acces-parking-individuel\/","url":"https:\/\/intratone.be\/fr\/produit\/recepteur-hf-special-acces-parking-individuel\/","name":"R\u00e9cepteur HF sp\u00e9cial \"acc\u00e8s parking individuel\"","isPartOf":{"@id":"https:\/\/intratone.be\/fr\/#website"},"primaryImageOfPage":{"@id":"https:\/\/intratone.be\/fr\/produit\/recepteur-hf-special-acces-parking-individuel\/#primaryimage"},"image":{"@id":"https:\/\/intratone.be\/fr\/produit\/recepteur-hf-special-acces-parking-individuel\/#primaryimage"},"thumbnailUrl":"https:\/\/intratone.be\/wp-content\/uploads\/2025\/09\/HF-Parking.png","datePublished":"2025-09-08T12:20:37+00:00","dateModified":"2026-04-15T07:33:30+00:00","description":"Avec le R\u00e9cepteur HF, vous r\u00e9alisez un acc\u00e8s individuel au parking, enti\u00e8rement s\u00e9curis\u00e9 et facile \u00e0 utiliser.","breadcrumb":{"@id":"https:\/\/intratone.be\/fr\/produit\/recepteur-hf-special-acces-parking-individuel\/#breadcrumb"},"inLanguage":"fr-FR","potentialAction":[{"@type":"ReadAction","target":["https:\/\/intratone.be\/fr\/produit\/recepteur-hf-special-acces-parking-individuel\/"]}]},{"@type":"ImageObject","inLanguage":"fr-FR","@id":"https:\/\/intratone.be\/fr\/produit\/recepteur-hf-special-acces-parking-individuel\/#primaryimage","url":"https:\/\/intratone.be\/wp-content\/uploads\/2025\/09\/HF-Parking.png","contentUrl":"https:\/\/intratone.be\/wp-content\/uploads\/2025\/09\/HF-Parking.png","width":600,"height":800},{"@type":"BreadcrumbList","@id":"https:\/\/intratone.be\/fr\/produit\/recepteur-hf-special-acces-parking-individuel\/#breadcrumb","itemListElement":[{"@type":"ListItem","position":1,"name":"Home","item":"https:\/\/intratone.be\/fr\/"},{"@type":"ListItem","position":2,"name":"Producten","item":"https:\/\/intratone.be\/fr\/p\/"},{"@type":"ListItem","position":3,"name":"R\u00e9cepteur HF sp\u00e9cial \u00ab\u00a0acc\u00e8s parking individuel\u00a0\u00bb"}]},{"@type":"WebSite","@id":"https:\/\/intratone.be\/fr\/#website","url":"https:\/\/intratone.be\/fr\/","name":"Intratone","description":"","publisher":{"@id":"https:\/\/intratone.be\/fr\/#organization"},"potentialAction":[{"@type":"SearchAction","target":{"@type":"EntryPoint","urlTemplate":"https:\/\/intratone.be\/fr\/?s={search_term_string}"},"query-input":{"@type":"PropertyValueSpecification","valueRequired":true,"valueName":"search_term_string"}}],"inLanguage":"fr-FR"},{"@type":"Organization","@id":"https:\/\/intratone.be\/fr\/#organization","name":"Intratone","url":"https:\/\/intratone.be\/fr\/","logo":{"@type":"ImageObject","inLanguage":"fr-FR","@id":"https:\/\/intratone.be\/fr\/#\/schema\/logo\/image\/","url":"https:\/\/intratone.be\/wp-content\/uploads\/2025\/06\/cropped-logo-app-my-intercom-intratone.png","contentUrl":"https:\/\/intratone.be\/wp-content\/uploads\/2025\/06\/cropped-logo-app-my-intercom-intratone.png","width":512,"height":512,"caption":"Intratone"},"image":{"@id":"https:\/\/intratone.be\/fr\/#\/schema\/logo\/image\/"}}]}},"_links":{"self":[{"href":"https:\/\/intratone.be\/fr\/wp-json\/wp\/v2\/product\/3498","targetHints":{"allow":["GET"]}}],"collection":[{"href":"https:\/\/intratone.be\/fr\/wp-json\/wp\/v2\/product"}],"about":[{"href":"https:\/\/intratone.be\/fr\/wp-json\/wp\/v2\/types\/product"}],"wp:featuredmedia":[{"embeddable":true,"href":"https:\/\/intratone.be\/fr\/wp-json\/wp\/v2\/media\/3982"}],"wp:attachment":[{"href":"https:\/\/intratone.be\/fr\/wp-json\/wp\/v2\/media?parent=3498"}],"wp:term":[{"taxonomy":"categorie","embeddable":true,"href":"https:\/\/intratone.be\/fr\/wp-json\/wp\/v2\/categorie?post=3498"}],"curies":[{"name":"wp","href":"https:\/\/api.w.org\/{rel}","templated":true}]}}