{"id":3500,"date":"2025-09-08T14:11:31","date_gmt":"2025-09-08T12:11:31","guid":{"rendered":"https:\/\/intratone.be\/product\/centrale-1-porte\/"},"modified":"2026-04-15T09:49:38","modified_gmt":"2026-04-15T07:49:38","slug":"centrale-1-porte","status":"publish","type":"product","link":"https:\/\/intratone.be\/fr\/produit\/centrale-1-porte\/","title":{"rendered":"Centrale 1 porte"},"content":{"rendered":"","protected":false},"featured_media":3815,"template":"","meta":{"_acf_changed":false,"content-type":""},"categorie":[136],"class_list":["post-3500","product","type-product","status-publish","has-post-thumbnail","hentry","categorie-accessoires"],"acf":[],"yoast_head":"<!-- This site is optimized with the Yoast SEO plugin v27.2 - https:\/\/yoast.com\/product\/yoast-seo-wordpress\/ -->\n<title>Centrale 1 porte - Intratone<\/title>\n<meta name=\"description\" content=\"L&#039;unit\u00e9 centrale est destin\u00e9e \u00e0 la gestion d&#039;une porte en temps r\u00e9el et jusqu&#039;\u00e0 200 noms, solution pour les syndics immobiliers et les soci\u00e9t\u00e9s de logement.\" \/>\n<meta name=\"robots\" content=\"index, follow, max-snippet:-1, max-image-preview:large, max-video-preview:-1\" \/>\n<link rel=\"canonical\" href=\"https:\/\/intratone.be\/fr\/produit\/centrale-1-porte\/\" \/>\n<meta property=\"og:locale\" content=\"fr_FR\" \/>\n<meta property=\"og:type\" content=\"article\" \/>\n<meta property=\"og:title\" content=\"Centrale 1 porte - Intratone\" \/>\n<meta property=\"og:description\" content=\"L&#039;unit\u00e9 centrale est destin\u00e9e \u00e0 la gestion d&#039;une porte en temps r\u00e9el et jusqu&#039;\u00e0 200 noms, solution pour les syndics immobiliers et les soci\u00e9t\u00e9s de logement.\" \/>\n<meta property=\"og:url\" content=\"https:\/\/intratone.be\/fr\/produit\/centrale-1-porte\/\" \/>\n<meta property=\"og:site_name\" content=\"Intratone\" \/>\n<meta property=\"article:modified_time\" content=\"2026-04-15T07:49:38+00:00\" \/>\n<meta property=\"og:image\" content=\"https:\/\/intratone.be\/wp-content\/uploads\/2025\/09\/Central-Unit-for-1-Door-II-1024x818.png\" \/>\n\t<meta property=\"og:image:width\" content=\"1024\" \/>\n\t<meta property=\"og:image:height\" content=\"818\" \/>\n\t<meta property=\"og:image:type\" content=\"image\/png\" \/>\n<meta name=\"twitter:card\" content=\"summary_large_image\" \/>\n<meta name=\"twitter:label1\" content=\"Dur\u00e9e de lecture estim\u00e9e\" \/>\n\t<meta name=\"twitter:data1\" content=\"1 minute\" \/>\n<script type=\"application\/ld+json\" class=\"yoast-schema-graph\">{\"@context\":\"https:\/\/schema.org\",\"@graph\":[{\"@type\":\"WebPage\",\"@id\":\"https:\/\/intratone.be\/fr\/produit\/centrale-1-porte\/\",\"url\":\"https:\/\/intratone.be\/fr\/produit\/centrale-1-porte\/\",\"name\":\"Centrale 1 porte - Intratone\",\"isPartOf\":{\"@id\":\"https:\/\/intratone.be\/fr\/#website\"},\"primaryImageOfPage\":{\"@id\":\"https:\/\/intratone.be\/fr\/produit\/centrale-1-porte\/#primaryimage\"},\"image\":{\"@id\":\"https:\/\/intratone.be\/fr\/produit\/centrale-1-porte\/#primaryimage\"},\"thumbnailUrl\":\"https:\/\/intratone.be\/wp-content\/uploads\/2025\/09\/Central-Unit-for-1-Door-II.png\",\"datePublished\":\"2025-09-08T12:11:31+00:00\",\"dateModified\":\"2026-04-15T07:49:38+00:00\",\"description\":\"L'unit\u00e9 centrale est destin\u00e9e \u00e0 la gestion d'une porte en temps r\u00e9el et jusqu'\u00e0 200 noms, solution pour les syndics immobiliers et les soci\u00e9t\u00e9s de logement.\",\"breadcrumb\":{\"@id\":\"https:\/\/intratone.be\/fr\/produit\/centrale-1-porte\/#breadcrumb\"},\"inLanguage\":\"fr-FR\",\"potentialAction\":[{\"@type\":\"ReadAction\",\"target\":[\"https:\/\/intratone.be\/fr\/produit\/centrale-1-porte\/\"]}]},{\"@type\":\"ImageObject\",\"inLanguage\":\"fr-FR\",\"@id\":\"https:\/\/intratone.be\/fr\/produit\/centrale-1-porte\/#primaryimage\",\"url\":\"https:\/\/intratone.be\/wp-content\/uploads\/2025\/09\/Central-Unit-for-1-Door-II.png\",\"contentUrl\":\"https:\/\/intratone.be\/wp-content\/uploads\/2025\/09\/Central-Unit-for-1-Door-II.png\",\"width\":1797,\"height\":1435},{\"@type\":\"BreadcrumbList\",\"@id\":\"https:\/\/intratone.be\/fr\/produit\/centrale-1-porte\/#breadcrumb\",\"itemListElement\":[{\"@type\":\"ListItem\",\"position\":1,\"name\":\"Home\",\"item\":\"https:\/\/intratone.be\/fr\/\"},{\"@type\":\"ListItem\",\"position\":2,\"name\":\"Producten\",\"item\":\"https:\/\/intratone.be\/fr\/p\/\"},{\"@type\":\"ListItem\",\"position\":3,\"name\":\"Centrale 1 porte\"}]},{\"@type\":\"WebSite\",\"@id\":\"https:\/\/intratone.be\/fr\/#website\",\"url\":\"https:\/\/intratone.be\/fr\/\",\"name\":\"Intratone\",\"description\":\"\",\"publisher\":{\"@id\":\"https:\/\/intratone.be\/fr\/#organization\"},\"potentialAction\":[{\"@type\":\"SearchAction\",\"target\":{\"@type\":\"EntryPoint\",\"urlTemplate\":\"https:\/\/intratone.be\/fr\/?s={search_term_string}\"},\"query-input\":{\"@type\":\"PropertyValueSpecification\",\"valueRequired\":true,\"valueName\":\"search_term_string\"}}],\"inLanguage\":\"fr-FR\"},{\"@type\":\"Organization\",\"@id\":\"https:\/\/intratone.be\/fr\/#organization\",\"name\":\"Intratone\",\"url\":\"https:\/\/intratone.be\/fr\/\",\"logo\":{\"@type\":\"ImageObject\",\"inLanguage\":\"fr-FR\",\"@id\":\"https:\/\/intratone.be\/fr\/#\/schema\/logo\/image\/\",\"url\":\"https:\/\/intratone.be\/wp-content\/uploads\/2025\/06\/cropped-logo-app-my-intercom-intratone.png\",\"contentUrl\":\"https:\/\/intratone.be\/wp-content\/uploads\/2025\/06\/cropped-logo-app-my-intercom-intratone.png\",\"width\":512,\"height\":512,\"caption\":\"Intratone\"},\"image\":{\"@id\":\"https:\/\/intratone.be\/fr\/#\/schema\/logo\/image\/\"}}]}<\/script>\n<!-- \/ Yoast SEO plugin. -->","yoast_head_json":{"title":"Centrale 1 porte - Intratone","description":"L'unit\u00e9 centrale est destin\u00e9e \u00e0 la gestion d'une porte en temps r\u00e9el et jusqu'\u00e0 200 noms, solution pour les syndics immobiliers et les soci\u00e9t\u00e9s de logement.","robots":{"index":"index","follow":"follow","max-snippet":"max-snippet:-1","max-image-preview":"max-image-preview:large","max-video-preview":"max-video-preview:-1"},"canonical":"https:\/\/intratone.be\/fr\/produit\/centrale-1-porte\/","og_locale":"fr_FR","og_type":"article","og_title":"Centrale 1 porte - Intratone","og_description":"L'unit\u00e9 centrale est destin\u00e9e \u00e0 la gestion d'une porte en temps r\u00e9el et jusqu'\u00e0 200 noms, solution pour les syndics immobiliers et les soci\u00e9t\u00e9s de logement.","og_url":"https:\/\/intratone.be\/fr\/produit\/centrale-1-porte\/","og_site_name":"Intratone","article_modified_time":"2026-04-15T07:49:38+00:00","og_image":[{"width":1024,"height":818,"url":"https:\/\/intratone.be\/wp-content\/uploads\/2025\/09\/Central-Unit-for-1-Door-II-1024x818.png","type":"image\/png"}],"twitter_card":"summary_large_image","twitter_misc":{"Dur\u00e9e de lecture estim\u00e9e":"1 minute"},"schema":{"@context":"https:\/\/schema.org","@graph":[{"@type":"WebPage","@id":"https:\/\/intratone.be\/fr\/produit\/centrale-1-porte\/","url":"https:\/\/intratone.be\/fr\/produit\/centrale-1-porte\/","name":"Centrale 1 porte - Intratone","isPartOf":{"@id":"https:\/\/intratone.be\/fr\/#website"},"primaryImageOfPage":{"@id":"https:\/\/intratone.be\/fr\/produit\/centrale-1-porte\/#primaryimage"},"image":{"@id":"https:\/\/intratone.be\/fr\/produit\/centrale-1-porte\/#primaryimage"},"thumbnailUrl":"https:\/\/intratone.be\/wp-content\/uploads\/2025\/09\/Central-Unit-for-1-Door-II.png","datePublished":"2025-09-08T12:11:31+00:00","dateModified":"2026-04-15T07:49:38+00:00","description":"L'unit\u00e9 centrale est destin\u00e9e \u00e0 la gestion d'une porte en temps r\u00e9el et jusqu'\u00e0 200 noms, solution pour les syndics immobiliers et les soci\u00e9t\u00e9s de logement.","breadcrumb":{"@id":"https:\/\/intratone.be\/fr\/produit\/centrale-1-porte\/#breadcrumb"},"inLanguage":"fr-FR","potentialAction":[{"@type":"ReadAction","target":["https:\/\/intratone.be\/fr\/produit\/centrale-1-porte\/"]}]},{"@type":"ImageObject","inLanguage":"fr-FR","@id":"https:\/\/intratone.be\/fr\/produit\/centrale-1-porte\/#primaryimage","url":"https:\/\/intratone.be\/wp-content\/uploads\/2025\/09\/Central-Unit-for-1-Door-II.png","contentUrl":"https:\/\/intratone.be\/wp-content\/uploads\/2025\/09\/Central-Unit-for-1-Door-II.png","width":1797,"height":1435},{"@type":"BreadcrumbList","@id":"https:\/\/intratone.be\/fr\/produit\/centrale-1-porte\/#breadcrumb","itemListElement":[{"@type":"ListItem","position":1,"name":"Home","item":"https:\/\/intratone.be\/fr\/"},{"@type":"ListItem","position":2,"name":"Producten","item":"https:\/\/intratone.be\/fr\/p\/"},{"@type":"ListItem","position":3,"name":"Centrale 1 porte"}]},{"@type":"WebSite","@id":"https:\/\/intratone.be\/fr\/#website","url":"https:\/\/intratone.be\/fr\/","name":"Intratone","description":"","publisher":{"@id":"https:\/\/intratone.be\/fr\/#organization"},"potentialAction":[{"@type":"SearchAction","target":{"@type":"EntryPoint","urlTemplate":"https:\/\/intratone.be\/fr\/?s={search_term_string}"},"query-input":{"@type":"PropertyValueSpecification","valueRequired":true,"valueName":"search_term_string"}}],"inLanguage":"fr-FR"},{"@type":"Organization","@id":"https:\/\/intratone.be\/fr\/#organization","name":"Intratone","url":"https:\/\/intratone.be\/fr\/","logo":{"@type":"ImageObject","inLanguage":"fr-FR","@id":"https:\/\/intratone.be\/fr\/#\/schema\/logo\/image\/","url":"https:\/\/intratone.be\/wp-content\/uploads\/2025\/06\/cropped-logo-app-my-intercom-intratone.png","contentUrl":"https:\/\/intratone.be\/wp-content\/uploads\/2025\/06\/cropped-logo-app-my-intercom-intratone.png","width":512,"height":512,"caption":"Intratone"},"image":{"@id":"https:\/\/intratone.be\/fr\/#\/schema\/logo\/image\/"}}]}},"_links":{"self":[{"href":"https:\/\/intratone.be\/fr\/wp-json\/wp\/v2\/product\/3500","targetHints":{"allow":["GET"]}}],"collection":[{"href":"https:\/\/intratone.be\/fr\/wp-json\/wp\/v2\/product"}],"about":[{"href":"https:\/\/intratone.be\/fr\/wp-json\/wp\/v2\/types\/product"}],"wp:featuredmedia":[{"embeddable":true,"href":"https:\/\/intratone.be\/fr\/wp-json\/wp\/v2\/media\/3815"}],"wp:attachment":[{"href":"https:\/\/intratone.be\/fr\/wp-json\/wp\/v2\/media?parent=3500"}],"wp:term":[{"taxonomy":"categorie","embeddable":true,"href":"https:\/\/intratone.be\/fr\/wp-json\/wp\/v2\/categorie?post=3500"}],"curies":[{"name":"wp","href":"https:\/\/api.w.org\/{rel}","templated":true}]}}