{"id":3503,"date":"2025-09-08T14:00:51","date_gmt":"2025-09-08T12:00:51","guid":{"rendered":"https:\/\/intratone.be\/product\/clavier-code-v1\/"},"modified":"2026-04-08T15:35:40","modified_gmt":"2026-04-08T13:35:40","slug":"clavier-code-v1","status":"publish","type":"product","link":"https:\/\/intratone.be\/fr\/produit\/clavier-code-v1\/","title":{"rendered":"Clavier code v1"},"content":{"rendered":"","protected":false},"featured_media":3972,"template":"","meta":{"_acf_changed":false,"content-type":""},"categorie":[139],"class_list":["post-3503","product","type-product","status-publish","has-post-thumbnail","hentry","categorie-lecteurs-claviers"],"acf":[],"yoast_head":"<!-- This site is optimized with the Yoast SEO plugin v27.2 - https:\/\/yoast.com\/product\/yoast-seo-wordpress\/ -->\n<title>Clavier code v1 - Intratone<\/title>\n<meta name=\"description\" content=\"Les claviers cod\u00e9s (keypads) permettent le contr\u00f4le des portes isol\u00e9es dans les b\u00e2timents. En reliant le clavier \u00e0 un module de donn\u00e9es\" \/>\n<meta name=\"robots\" content=\"index, follow, max-snippet:-1, max-image-preview:large, max-video-preview:-1\" \/>\n<link rel=\"canonical\" href=\"https:\/\/intratone.be\/fr\/produit\/clavier-code-v1\/\" \/>\n<meta property=\"og:locale\" content=\"fr_FR\" \/>\n<meta property=\"og:type\" content=\"article\" \/>\n<meta property=\"og:title\" content=\"Clavier code v1 - Intratone\" \/>\n<meta property=\"og:description\" content=\"Les claviers cod\u00e9s (keypads) permettent le contr\u00f4le des portes isol\u00e9es dans les b\u00e2timents. En reliant le clavier \u00e0 un module de donn\u00e9es\" \/>\n<meta property=\"og:url\" content=\"https:\/\/intratone.be\/fr\/produit\/clavier-code-v1\/\" \/>\n<meta property=\"og:site_name\" content=\"Intratone\" \/>\n<meta property=\"article:modified_time\" content=\"2026-04-08T13:35:40+00:00\" \/>\n<meta property=\"og:image\" content=\"https:\/\/intratone.be\/wp-content\/uploads\/2025\/09\/04-0103-Coded-keypad-with-proximity-reader-701x1024.jpg\" \/>\n\t<meta property=\"og:image:width\" content=\"701\" \/>\n\t<meta property=\"og:image:height\" content=\"1024\" \/>\n\t<meta property=\"og:image:type\" content=\"image\/jpeg\" \/>\n<meta name=\"twitter:card\" content=\"summary_large_image\" \/>\n<meta name=\"twitter:label1\" content=\"Dur\u00e9e de lecture estim\u00e9e\" \/>\n\t<meta name=\"twitter:data1\" content=\"1 minute\" \/>\n<script type=\"application\/ld+json\" class=\"yoast-schema-graph\">{\"@context\":\"https:\/\/schema.org\",\"@graph\":[{\"@type\":\"WebPage\",\"@id\":\"https:\/\/intratone.be\/fr\/produit\/clavier-code-v1\/\",\"url\":\"https:\/\/intratone.be\/fr\/produit\/clavier-code-v1\/\",\"name\":\"Clavier code v1 - Intratone\",\"isPartOf\":{\"@id\":\"https:\/\/intratone.be\/fr\/#website\"},\"primaryImageOfPage\":{\"@id\":\"https:\/\/intratone.be\/fr\/produit\/clavier-code-v1\/#primaryimage\"},\"image\":{\"@id\":\"https:\/\/intratone.be\/fr\/produit\/clavier-code-v1\/#primaryimage\"},\"thumbnailUrl\":\"https:\/\/intratone.be\/wp-content\/uploads\/2025\/09\/04-0103-Coded-keypad-with-proximity-reader.jpg\",\"datePublished\":\"2025-09-08T12:00:51+00:00\",\"dateModified\":\"2026-04-08T13:35:40+00:00\",\"description\":\"Les claviers cod\u00e9s (keypads) permettent le contr\u00f4le des portes isol\u00e9es dans les b\u00e2timents. En reliant le clavier \u00e0 un module de donn\u00e9es\",\"breadcrumb\":{\"@id\":\"https:\/\/intratone.be\/fr\/produit\/clavier-code-v1\/#breadcrumb\"},\"inLanguage\":\"fr-FR\",\"potentialAction\":[{\"@type\":\"ReadAction\",\"target\":[\"https:\/\/intratone.be\/fr\/produit\/clavier-code-v1\/\"]}]},{\"@type\":\"ImageObject\",\"inLanguage\":\"fr-FR\",\"@id\":\"https:\/\/intratone.be\/fr\/produit\/clavier-code-v1\/#primaryimage\",\"url\":\"https:\/\/intratone.be\/wp-content\/uploads\/2025\/09\/04-0103-Coded-keypad-with-proximity-reader.jpg\",\"contentUrl\":\"https:\/\/intratone.be\/wp-content\/uploads\/2025\/09\/04-0103-Coded-keypad-with-proximity-reader.jpg\",\"width\":1588,\"height\":2320},{\"@type\":\"BreadcrumbList\",\"@id\":\"https:\/\/intratone.be\/fr\/produit\/clavier-code-v1\/#breadcrumb\",\"itemListElement\":[{\"@type\":\"ListItem\",\"position\":1,\"name\":\"Home\",\"item\":\"https:\/\/intratone.be\/fr\/\"},{\"@type\":\"ListItem\",\"position\":2,\"name\":\"Producten\",\"item\":\"https:\/\/intratone.be\/fr\/p\/\"},{\"@type\":\"ListItem\",\"position\":3,\"name\":\"Clavier code v1\"}]},{\"@type\":\"WebSite\",\"@id\":\"https:\/\/intratone.be\/fr\/#website\",\"url\":\"https:\/\/intratone.be\/fr\/\",\"name\":\"Intratone\",\"description\":\"\",\"publisher\":{\"@id\":\"https:\/\/intratone.be\/fr\/#organization\"},\"potentialAction\":[{\"@type\":\"SearchAction\",\"target\":{\"@type\":\"EntryPoint\",\"urlTemplate\":\"https:\/\/intratone.be\/fr\/?s={search_term_string}\"},\"query-input\":{\"@type\":\"PropertyValueSpecification\",\"valueRequired\":true,\"valueName\":\"search_term_string\"}}],\"inLanguage\":\"fr-FR\"},{\"@type\":\"Organization\",\"@id\":\"https:\/\/intratone.be\/fr\/#organization\",\"name\":\"Intratone\",\"url\":\"https:\/\/intratone.be\/fr\/\",\"logo\":{\"@type\":\"ImageObject\",\"inLanguage\":\"fr-FR\",\"@id\":\"https:\/\/intratone.be\/fr\/#\/schema\/logo\/image\/\",\"url\":\"https:\/\/intratone.be\/wp-content\/uploads\/2025\/06\/cropped-logo-app-my-intercom-intratone.png\",\"contentUrl\":\"https:\/\/intratone.be\/wp-content\/uploads\/2025\/06\/cropped-logo-app-my-intercom-intratone.png\",\"width\":512,\"height\":512,\"caption\":\"Intratone\"},\"image\":{\"@id\":\"https:\/\/intratone.be\/fr\/#\/schema\/logo\/image\/\"}}]}<\/script>\n<!-- \/ Yoast SEO plugin. -->","yoast_head_json":{"title":"Clavier code v1 - Intratone","description":"Les claviers cod\u00e9s (keypads) permettent le contr\u00f4le des portes isol\u00e9es dans les b\u00e2timents. En reliant le clavier \u00e0 un module de donn\u00e9es","robots":{"index":"index","follow":"follow","max-snippet":"max-snippet:-1","max-image-preview":"max-image-preview:large","max-video-preview":"max-video-preview:-1"},"canonical":"https:\/\/intratone.be\/fr\/produit\/clavier-code-v1\/","og_locale":"fr_FR","og_type":"article","og_title":"Clavier code v1 - Intratone","og_description":"Les claviers cod\u00e9s (keypads) permettent le contr\u00f4le des portes isol\u00e9es dans les b\u00e2timents. En reliant le clavier \u00e0 un module de donn\u00e9es","og_url":"https:\/\/intratone.be\/fr\/produit\/clavier-code-v1\/","og_site_name":"Intratone","article_modified_time":"2026-04-08T13:35:40+00:00","og_image":[{"width":701,"height":1024,"url":"https:\/\/intratone.be\/wp-content\/uploads\/2025\/09\/04-0103-Coded-keypad-with-proximity-reader-701x1024.jpg","type":"image\/jpeg"}],"twitter_card":"summary_large_image","twitter_misc":{"Dur\u00e9e de lecture estim\u00e9e":"1 minute"},"schema":{"@context":"https:\/\/schema.org","@graph":[{"@type":"WebPage","@id":"https:\/\/intratone.be\/fr\/produit\/clavier-code-v1\/","url":"https:\/\/intratone.be\/fr\/produit\/clavier-code-v1\/","name":"Clavier code v1 - Intratone","isPartOf":{"@id":"https:\/\/intratone.be\/fr\/#website"},"primaryImageOfPage":{"@id":"https:\/\/intratone.be\/fr\/produit\/clavier-code-v1\/#primaryimage"},"image":{"@id":"https:\/\/intratone.be\/fr\/produit\/clavier-code-v1\/#primaryimage"},"thumbnailUrl":"https:\/\/intratone.be\/wp-content\/uploads\/2025\/09\/04-0103-Coded-keypad-with-proximity-reader.jpg","datePublished":"2025-09-08T12:00:51+00:00","dateModified":"2026-04-08T13:35:40+00:00","description":"Les claviers cod\u00e9s (keypads) permettent le contr\u00f4le des portes isol\u00e9es dans les b\u00e2timents. En reliant le clavier \u00e0 un module de donn\u00e9es","breadcrumb":{"@id":"https:\/\/intratone.be\/fr\/produit\/clavier-code-v1\/#breadcrumb"},"inLanguage":"fr-FR","potentialAction":[{"@type":"ReadAction","target":["https:\/\/intratone.be\/fr\/produit\/clavier-code-v1\/"]}]},{"@type":"ImageObject","inLanguage":"fr-FR","@id":"https:\/\/intratone.be\/fr\/produit\/clavier-code-v1\/#primaryimage","url":"https:\/\/intratone.be\/wp-content\/uploads\/2025\/09\/04-0103-Coded-keypad-with-proximity-reader.jpg","contentUrl":"https:\/\/intratone.be\/wp-content\/uploads\/2025\/09\/04-0103-Coded-keypad-with-proximity-reader.jpg","width":1588,"height":2320},{"@type":"BreadcrumbList","@id":"https:\/\/intratone.be\/fr\/produit\/clavier-code-v1\/#breadcrumb","itemListElement":[{"@type":"ListItem","position":1,"name":"Home","item":"https:\/\/intratone.be\/fr\/"},{"@type":"ListItem","position":2,"name":"Producten","item":"https:\/\/intratone.be\/fr\/p\/"},{"@type":"ListItem","position":3,"name":"Clavier code v1"}]},{"@type":"WebSite","@id":"https:\/\/intratone.be\/fr\/#website","url":"https:\/\/intratone.be\/fr\/","name":"Intratone","description":"","publisher":{"@id":"https:\/\/intratone.be\/fr\/#organization"},"potentialAction":[{"@type":"SearchAction","target":{"@type":"EntryPoint","urlTemplate":"https:\/\/intratone.be\/fr\/?s={search_term_string}"},"query-input":{"@type":"PropertyValueSpecification","valueRequired":true,"valueName":"search_term_string"}}],"inLanguage":"fr-FR"},{"@type":"Organization","@id":"https:\/\/intratone.be\/fr\/#organization","name":"Intratone","url":"https:\/\/intratone.be\/fr\/","logo":{"@type":"ImageObject","inLanguage":"fr-FR","@id":"https:\/\/intratone.be\/fr\/#\/schema\/logo\/image\/","url":"https:\/\/intratone.be\/wp-content\/uploads\/2025\/06\/cropped-logo-app-my-intercom-intratone.png","contentUrl":"https:\/\/intratone.be\/wp-content\/uploads\/2025\/06\/cropped-logo-app-my-intercom-intratone.png","width":512,"height":512,"caption":"Intratone"},"image":{"@id":"https:\/\/intratone.be\/fr\/#\/schema\/logo\/image\/"}}]}},"_links":{"self":[{"href":"https:\/\/intratone.be\/fr\/wp-json\/wp\/v2\/product\/3503","targetHints":{"allow":["GET"]}}],"collection":[{"href":"https:\/\/intratone.be\/fr\/wp-json\/wp\/v2\/product"}],"about":[{"href":"https:\/\/intratone.be\/fr\/wp-json\/wp\/v2\/types\/product"}],"wp:featuredmedia":[{"embeddable":true,"href":"https:\/\/intratone.be\/fr\/wp-json\/wp\/v2\/media\/3972"}],"wp:attachment":[{"href":"https:\/\/intratone.be\/fr\/wp-json\/wp\/v2\/media?parent=3503"}],"wp:term":[{"taxonomy":"categorie","embeddable":true,"href":"https:\/\/intratone.be\/fr\/wp-json\/wp\/v2\/categorie?post=3503"}],"curies":[{"name":"wp","href":"https:\/\/api.w.org\/{rel}","templated":true}]}}