{"id":3506,"date":"2025-09-08T13:15:26","date_gmt":"2025-09-08T11:15:26","guid":{"rendered":"https:\/\/intratone.be\/product\/telecommande-4-canaux\/"},"modified":"2026-04-08T15:39:23","modified_gmt":"2026-04-08T13:39:23","slug":"telecommande-4-canaux","status":"publish","type":"product","link":"https:\/\/intratone.be\/fr\/produit\/telecommande-4-canaux\/","title":{"rendered":"T\u00e9l\u00e9commande 4 canaux"},"content":{"rendered":"","protected":false},"featured_media":1048,"template":"","meta":{"_acf_changed":false,"content-type":""},"categorie":[136,141],"class_list":["post-3506","product","type-product","status-publish","has-post-thumbnail","hentry","categorie-accessoires","categorie-badges-telecommandes"],"acf":[],"yoast_head":"<!-- This site is optimized with the Yoast SEO plugin v27.2 - https:\/\/yoast.com\/product\/yoast-seo-wordpress\/ -->\n<title>T\u00e9l\u00e9commande 4 canaux pour acc\u00e8s et entr\u00e9es - Intratone<\/title>\n<meta name=\"description\" content=\"Avec une t\u00e9l\u00e9commande 4 canaux haute fr\u00e9quence d&#039;Intratone, les acc\u00e8s et les entr\u00e9es peuvent \u00eatre d\u00e9verrouill\u00e9s confortablement \u00e0 distance.\" \/>\n<meta name=\"robots\" content=\"index, follow, max-snippet:-1, max-image-preview:large, max-video-preview:-1\" \/>\n<link rel=\"canonical\" href=\"https:\/\/intratone.be\/fr\/produit\/telecommande-4-canaux\/\" \/>\n<meta property=\"og:locale\" content=\"fr_FR\" \/>\n<meta property=\"og:type\" content=\"article\" \/>\n<meta property=\"og:title\" content=\"T\u00e9l\u00e9commande 4 canaux pour acc\u00e8s et entr\u00e9es - Intratone\" \/>\n<meta property=\"og:description\" content=\"Avec une t\u00e9l\u00e9commande 4 canaux haute fr\u00e9quence d&#039;Intratone, les acc\u00e8s et les entr\u00e9es peuvent \u00eatre d\u00e9verrouill\u00e9s confortablement \u00e0 distance.\" \/>\n<meta property=\"og:url\" content=\"https:\/\/intratone.be\/fr\/produit\/telecommande-4-canaux\/\" \/>\n<meta property=\"og:site_name\" content=\"Intratone\" \/>\n<meta property=\"article:modified_time\" content=\"2026-04-08T13:39:23+00:00\" \/>\n<meta property=\"og:image\" content=\"https:\/\/intratone.be\/wp-content\/uploads\/2025\/09\/intratone-transmitter-orange.png\" \/>\n\t<meta property=\"og:image:width\" content=\"1200\" \/>\n\t<meta property=\"og:image:height\" content=\"1200\" \/>\n\t<meta property=\"og:image:type\" content=\"image\/png\" \/>\n<meta name=\"twitter:card\" content=\"summary_large_image\" \/>\n<meta name=\"twitter:label1\" content=\"Dur\u00e9e de lecture estim\u00e9e\" \/>\n\t<meta name=\"twitter:data1\" content=\"1 minute\" \/>\n<script type=\"application\/ld+json\" class=\"yoast-schema-graph\">{\"@context\":\"https:\/\/schema.org\",\"@graph\":[{\"@type\":\"WebPage\",\"@id\":\"https:\/\/intratone.be\/fr\/produit\/telecommande-4-canaux\/\",\"url\":\"https:\/\/intratone.be\/fr\/produit\/telecommande-4-canaux\/\",\"name\":\"T\u00e9l\u00e9commande 4 canaux pour acc\u00e8s et entr\u00e9es - Intratone\",\"isPartOf\":{\"@id\":\"https:\/\/intratone.be\/fr\/#website\"},\"primaryImageOfPage\":{\"@id\":\"https:\/\/intratone.be\/fr\/produit\/telecommande-4-canaux\/#primaryimage\"},\"image\":{\"@id\":\"https:\/\/intratone.be\/fr\/produit\/telecommande-4-canaux\/#primaryimage\"},\"thumbnailUrl\":\"https:\/\/intratone.be\/wp-content\/uploads\/2025\/09\/intratone-transmitter-orange.png\",\"datePublished\":\"2025-09-08T11:15:26+00:00\",\"dateModified\":\"2026-04-08T13:39:23+00:00\",\"description\":\"Avec une t\u00e9l\u00e9commande 4 canaux haute fr\u00e9quence d'Intratone, les acc\u00e8s et les entr\u00e9es peuvent \u00eatre d\u00e9verrouill\u00e9s confortablement \u00e0 distance.\",\"breadcrumb\":{\"@id\":\"https:\/\/intratone.be\/fr\/produit\/telecommande-4-canaux\/#breadcrumb\"},\"inLanguage\":\"fr-FR\",\"potentialAction\":[{\"@type\":\"ReadAction\",\"target\":[\"https:\/\/intratone.be\/fr\/produit\/telecommande-4-canaux\/\"]}]},{\"@type\":\"ImageObject\",\"inLanguage\":\"fr-FR\",\"@id\":\"https:\/\/intratone.be\/fr\/produit\/telecommande-4-canaux\/#primaryimage\",\"url\":\"https:\/\/intratone.be\/wp-content\/uploads\/2025\/09\/intratone-transmitter-orange.png\",\"contentUrl\":\"https:\/\/intratone.be\/wp-content\/uploads\/2025\/09\/intratone-transmitter-orange.png\",\"width\":1200,\"height\":1200},{\"@type\":\"BreadcrumbList\",\"@id\":\"https:\/\/intratone.be\/fr\/produit\/telecommande-4-canaux\/#breadcrumb\",\"itemListElement\":[{\"@type\":\"ListItem\",\"position\":1,\"name\":\"Home\",\"item\":\"https:\/\/intratone.be\/fr\/\"},{\"@type\":\"ListItem\",\"position\":2,\"name\":\"Producten\",\"item\":\"https:\/\/intratone.be\/fr\/p\/\"},{\"@type\":\"ListItem\",\"position\":3,\"name\":\"T\u00e9l\u00e9commande 4 canaux\"}]},{\"@type\":\"WebSite\",\"@id\":\"https:\/\/intratone.be\/fr\/#website\",\"url\":\"https:\/\/intratone.be\/fr\/\",\"name\":\"Intratone\",\"description\":\"\",\"publisher\":{\"@id\":\"https:\/\/intratone.be\/fr\/#organization\"},\"potentialAction\":[{\"@type\":\"SearchAction\",\"target\":{\"@type\":\"EntryPoint\",\"urlTemplate\":\"https:\/\/intratone.be\/fr\/?s={search_term_string}\"},\"query-input\":{\"@type\":\"PropertyValueSpecification\",\"valueRequired\":true,\"valueName\":\"search_term_string\"}}],\"inLanguage\":\"fr-FR\"},{\"@type\":\"Organization\",\"@id\":\"https:\/\/intratone.be\/fr\/#organization\",\"name\":\"Intratone\",\"url\":\"https:\/\/intratone.be\/fr\/\",\"logo\":{\"@type\":\"ImageObject\",\"inLanguage\":\"fr-FR\",\"@id\":\"https:\/\/intratone.be\/fr\/#\/schema\/logo\/image\/\",\"url\":\"https:\/\/intratone.be\/wp-content\/uploads\/2025\/06\/cropped-logo-app-my-intercom-intratone.png\",\"contentUrl\":\"https:\/\/intratone.be\/wp-content\/uploads\/2025\/06\/cropped-logo-app-my-intercom-intratone.png\",\"width\":512,\"height\":512,\"caption\":\"Intratone\"},\"image\":{\"@id\":\"https:\/\/intratone.be\/fr\/#\/schema\/logo\/image\/\"}}]}<\/script>\n<!-- \/ Yoast SEO plugin. -->","yoast_head_json":{"title":"T\u00e9l\u00e9commande 4 canaux pour acc\u00e8s et entr\u00e9es - Intratone","description":"Avec une t\u00e9l\u00e9commande 4 canaux haute fr\u00e9quence d'Intratone, les acc\u00e8s et les entr\u00e9es peuvent \u00eatre d\u00e9verrouill\u00e9s confortablement \u00e0 distance.","robots":{"index":"index","follow":"follow","max-snippet":"max-snippet:-1","max-image-preview":"max-image-preview:large","max-video-preview":"max-video-preview:-1"},"canonical":"https:\/\/intratone.be\/fr\/produit\/telecommande-4-canaux\/","og_locale":"fr_FR","og_type":"article","og_title":"T\u00e9l\u00e9commande 4 canaux pour acc\u00e8s et entr\u00e9es - Intratone","og_description":"Avec une t\u00e9l\u00e9commande 4 canaux haute fr\u00e9quence d'Intratone, les acc\u00e8s et les entr\u00e9es peuvent \u00eatre d\u00e9verrouill\u00e9s confortablement \u00e0 distance.","og_url":"https:\/\/intratone.be\/fr\/produit\/telecommande-4-canaux\/","og_site_name":"Intratone","article_modified_time":"2026-04-08T13:39:23+00:00","og_image":[{"width":1200,"height":1200,"url":"https:\/\/intratone.be\/wp-content\/uploads\/2025\/09\/intratone-transmitter-orange.png","type":"image\/png"}],"twitter_card":"summary_large_image","twitter_misc":{"Dur\u00e9e de lecture estim\u00e9e":"1 minute"},"schema":{"@context":"https:\/\/schema.org","@graph":[{"@type":"WebPage","@id":"https:\/\/intratone.be\/fr\/produit\/telecommande-4-canaux\/","url":"https:\/\/intratone.be\/fr\/produit\/telecommande-4-canaux\/","name":"T\u00e9l\u00e9commande 4 canaux pour acc\u00e8s et entr\u00e9es - Intratone","isPartOf":{"@id":"https:\/\/intratone.be\/fr\/#website"},"primaryImageOfPage":{"@id":"https:\/\/intratone.be\/fr\/produit\/telecommande-4-canaux\/#primaryimage"},"image":{"@id":"https:\/\/intratone.be\/fr\/produit\/telecommande-4-canaux\/#primaryimage"},"thumbnailUrl":"https:\/\/intratone.be\/wp-content\/uploads\/2025\/09\/intratone-transmitter-orange.png","datePublished":"2025-09-08T11:15:26+00:00","dateModified":"2026-04-08T13:39:23+00:00","description":"Avec une t\u00e9l\u00e9commande 4 canaux haute fr\u00e9quence d'Intratone, les acc\u00e8s et les entr\u00e9es peuvent \u00eatre d\u00e9verrouill\u00e9s confortablement \u00e0 distance.","breadcrumb":{"@id":"https:\/\/intratone.be\/fr\/produit\/telecommande-4-canaux\/#breadcrumb"},"inLanguage":"fr-FR","potentialAction":[{"@type":"ReadAction","target":["https:\/\/intratone.be\/fr\/produit\/telecommande-4-canaux\/"]}]},{"@type":"ImageObject","inLanguage":"fr-FR","@id":"https:\/\/intratone.be\/fr\/produit\/telecommande-4-canaux\/#primaryimage","url":"https:\/\/intratone.be\/wp-content\/uploads\/2025\/09\/intratone-transmitter-orange.png","contentUrl":"https:\/\/intratone.be\/wp-content\/uploads\/2025\/09\/intratone-transmitter-orange.png","width":1200,"height":1200},{"@type":"BreadcrumbList","@id":"https:\/\/intratone.be\/fr\/produit\/telecommande-4-canaux\/#breadcrumb","itemListElement":[{"@type":"ListItem","position":1,"name":"Home","item":"https:\/\/intratone.be\/fr\/"},{"@type":"ListItem","position":2,"name":"Producten","item":"https:\/\/intratone.be\/fr\/p\/"},{"@type":"ListItem","position":3,"name":"T\u00e9l\u00e9commande 4 canaux"}]},{"@type":"WebSite","@id":"https:\/\/intratone.be\/fr\/#website","url":"https:\/\/intratone.be\/fr\/","name":"Intratone","description":"","publisher":{"@id":"https:\/\/intratone.be\/fr\/#organization"},"potentialAction":[{"@type":"SearchAction","target":{"@type":"EntryPoint","urlTemplate":"https:\/\/intratone.be\/fr\/?s={search_term_string}"},"query-input":{"@type":"PropertyValueSpecification","valueRequired":true,"valueName":"search_term_string"}}],"inLanguage":"fr-FR"},{"@type":"Organization","@id":"https:\/\/intratone.be\/fr\/#organization","name":"Intratone","url":"https:\/\/intratone.be\/fr\/","logo":{"@type":"ImageObject","inLanguage":"fr-FR","@id":"https:\/\/intratone.be\/fr\/#\/schema\/logo\/image\/","url":"https:\/\/intratone.be\/wp-content\/uploads\/2025\/06\/cropped-logo-app-my-intercom-intratone.png","contentUrl":"https:\/\/intratone.be\/wp-content\/uploads\/2025\/06\/cropped-logo-app-my-intercom-intratone.png","width":512,"height":512,"caption":"Intratone"},"image":{"@id":"https:\/\/intratone.be\/fr\/#\/schema\/logo\/image\/"}}]}},"_links":{"self":[{"href":"https:\/\/intratone.be\/fr\/wp-json\/wp\/v2\/product\/3506","targetHints":{"allow":["GET"]}}],"collection":[{"href":"https:\/\/intratone.be\/fr\/wp-json\/wp\/v2\/product"}],"about":[{"href":"https:\/\/intratone.be\/fr\/wp-json\/wp\/v2\/types\/product"}],"wp:featuredmedia":[{"embeddable":true,"href":"https:\/\/intratone.be\/fr\/wp-json\/wp\/v2\/media\/1048"}],"wp:attachment":[{"href":"https:\/\/intratone.be\/fr\/wp-json\/wp\/v2\/media?parent=3506"}],"wp:term":[{"taxonomy":"categorie","embeddable":true,"href":"https:\/\/intratone.be\/fr\/wp-json\/wp\/v2\/categorie?post=3506"}],"curies":[{"name":"wp","href":"https:\/\/api.w.org\/{rel}","templated":true}]}}