{"id":3507,"date":"2025-09-08T13:08:57","date_gmt":"2025-09-08T11:08:57","guid":{"rendered":"https:\/\/intratone.be\/product\/telecommande-2-canaux\/"},"modified":"2026-04-08T16:15:42","modified_gmt":"2026-04-08T14:15:42","slug":"telecommande-2-canaux","status":"publish","type":"product","link":"https:\/\/intratone.be\/fr\/produit\/telecommande-2-canaux\/","title":{"rendered":"T\u00e9l\u00e9commande 2 canaux"},"content":{"rendered":"","protected":false},"featured_media":910,"template":"","meta":{"_acf_changed":false,"content-type":""},"categorie":[136,141],"class_list":["post-3507","product","type-product","status-publish","has-post-thumbnail","hentry","categorie-accessoires","categorie-badges-telecommandes"],"acf":[],"yoast_head":"<!-- This site is optimized with the Yoast SEO plugin v27.2 - https:\/\/yoast.com\/product\/yoast-seo-wordpress\/ -->\n<title>T\u00e9l\u00e9commande 2 canaux - Intratone pratique<\/title>\n<meta name=\"description\" content=\"S\u00e9curisez les entr\u00e9es et les all\u00e9es avec une t\u00e9l\u00e9commande 2 canaux haute fr\u00e9quence pratique d&#039;Intratone. Simple d&#039;utilisation\" \/>\n<meta name=\"robots\" content=\"index, follow, max-snippet:-1, max-image-preview:large, max-video-preview:-1\" \/>\n<link rel=\"canonical\" href=\"https:\/\/intratone.be\/fr\/produit\/telecommande-2-canaux\/\" \/>\n<meta property=\"og:locale\" content=\"fr_FR\" \/>\n<meta property=\"og:type\" content=\"article\" \/>\n<meta property=\"og:title\" content=\"T\u00e9l\u00e9commande 2 canaux - Intratone pratique\" \/>\n<meta property=\"og:description\" content=\"S\u00e9curisez les entr\u00e9es et les all\u00e9es avec une t\u00e9l\u00e9commande 2 canaux haute fr\u00e9quence pratique d&#039;Intratone. Simple d&#039;utilisation\" \/>\n<meta property=\"og:url\" content=\"https:\/\/intratone.be\/fr\/produit\/telecommande-2-canaux\/\" \/>\n<meta property=\"og:site_name\" content=\"Intratone\" \/>\n<meta property=\"article:modified_time\" content=\"2026-04-08T14:15:42+00:00\" \/>\n<meta property=\"og:image\" content=\"https:\/\/intratone.be\/wp-content\/uploads\/2025\/09\/2channels-remote-blackII.png\" \/>\n\t<meta property=\"og:image:width\" content=\"600\" \/>\n\t<meta property=\"og:image:height\" content=\"493\" \/>\n\t<meta property=\"og:image:type\" content=\"image\/png\" \/>\n<meta name=\"twitter:card\" content=\"summary_large_image\" \/>\n<meta name=\"twitter:label1\" content=\"Dur\u00e9e de lecture estim\u00e9e\" \/>\n\t<meta name=\"twitter:data1\" content=\"1 minute\" \/>\n<script type=\"application\/ld+json\" class=\"yoast-schema-graph\">{\"@context\":\"https:\/\/schema.org\",\"@graph\":[{\"@type\":\"WebPage\",\"@id\":\"https:\/\/intratone.be\/fr\/produit\/telecommande-2-canaux\/\",\"url\":\"https:\/\/intratone.be\/fr\/produit\/telecommande-2-canaux\/\",\"name\":\"T\u00e9l\u00e9commande 2 canaux - Intratone pratique\",\"isPartOf\":{\"@id\":\"https:\/\/intratone.be\/fr\/#website\"},\"primaryImageOfPage\":{\"@id\":\"https:\/\/intratone.be\/fr\/produit\/telecommande-2-canaux\/#primaryimage\"},\"image\":{\"@id\":\"https:\/\/intratone.be\/fr\/produit\/telecommande-2-canaux\/#primaryimage\"},\"thumbnailUrl\":\"https:\/\/intratone.be\/wp-content\/uploads\/2025\/09\/2channels-remote-blackII.png\",\"datePublished\":\"2025-09-08T11:08:57+00:00\",\"dateModified\":\"2026-04-08T14:15:42+00:00\",\"description\":\"S\u00e9curisez les entr\u00e9es et les all\u00e9es avec une t\u00e9l\u00e9commande 2 canaux haute fr\u00e9quence pratique d'Intratone. Simple d'utilisation\",\"breadcrumb\":{\"@id\":\"https:\/\/intratone.be\/fr\/produit\/telecommande-2-canaux\/#breadcrumb\"},\"inLanguage\":\"fr-FR\",\"potentialAction\":[{\"@type\":\"ReadAction\",\"target\":[\"https:\/\/intratone.be\/fr\/produit\/telecommande-2-canaux\/\"]}]},{\"@type\":\"ImageObject\",\"inLanguage\":\"fr-FR\",\"@id\":\"https:\/\/intratone.be\/fr\/produit\/telecommande-2-canaux\/#primaryimage\",\"url\":\"https:\/\/intratone.be\/wp-content\/uploads\/2025\/09\/2channels-remote-blackII.png\",\"contentUrl\":\"https:\/\/intratone.be\/wp-content\/uploads\/2025\/09\/2channels-remote-blackII.png\",\"width\":600,\"height\":493},{\"@type\":\"BreadcrumbList\",\"@id\":\"https:\/\/intratone.be\/fr\/produit\/telecommande-2-canaux\/#breadcrumb\",\"itemListElement\":[{\"@type\":\"ListItem\",\"position\":1,\"name\":\"Home\",\"item\":\"https:\/\/intratone.be\/fr\/\"},{\"@type\":\"ListItem\",\"position\":2,\"name\":\"Producten\",\"item\":\"https:\/\/intratone.be\/fr\/p\/\"},{\"@type\":\"ListItem\",\"position\":3,\"name\":\"T\u00e9l\u00e9commande 2 canaux\"}]},{\"@type\":\"WebSite\",\"@id\":\"https:\/\/intratone.be\/fr\/#website\",\"url\":\"https:\/\/intratone.be\/fr\/\",\"name\":\"Intratone\",\"description\":\"\",\"publisher\":{\"@id\":\"https:\/\/intratone.be\/fr\/#organization\"},\"potentialAction\":[{\"@type\":\"SearchAction\",\"target\":{\"@type\":\"EntryPoint\",\"urlTemplate\":\"https:\/\/intratone.be\/fr\/?s={search_term_string}\"},\"query-input\":{\"@type\":\"PropertyValueSpecification\",\"valueRequired\":true,\"valueName\":\"search_term_string\"}}],\"inLanguage\":\"fr-FR\"},{\"@type\":\"Organization\",\"@id\":\"https:\/\/intratone.be\/fr\/#organization\",\"name\":\"Intratone\",\"url\":\"https:\/\/intratone.be\/fr\/\",\"logo\":{\"@type\":\"ImageObject\",\"inLanguage\":\"fr-FR\",\"@id\":\"https:\/\/intratone.be\/fr\/#\/schema\/logo\/image\/\",\"url\":\"https:\/\/intratone.be\/wp-content\/uploads\/2025\/06\/cropped-logo-app-my-intercom-intratone.png\",\"contentUrl\":\"https:\/\/intratone.be\/wp-content\/uploads\/2025\/06\/cropped-logo-app-my-intercom-intratone.png\",\"width\":512,\"height\":512,\"caption\":\"Intratone\"},\"image\":{\"@id\":\"https:\/\/intratone.be\/fr\/#\/schema\/logo\/image\/\"}}]}<\/script>\n<!-- \/ Yoast SEO plugin. -->","yoast_head_json":{"title":"T\u00e9l\u00e9commande 2 canaux - Intratone pratique","description":"S\u00e9curisez les entr\u00e9es et les all\u00e9es avec une t\u00e9l\u00e9commande 2 canaux haute fr\u00e9quence pratique d'Intratone. Simple d'utilisation","robots":{"index":"index","follow":"follow","max-snippet":"max-snippet:-1","max-image-preview":"max-image-preview:large","max-video-preview":"max-video-preview:-1"},"canonical":"https:\/\/intratone.be\/fr\/produit\/telecommande-2-canaux\/","og_locale":"fr_FR","og_type":"article","og_title":"T\u00e9l\u00e9commande 2 canaux - Intratone pratique","og_description":"S\u00e9curisez les entr\u00e9es et les all\u00e9es avec une t\u00e9l\u00e9commande 2 canaux haute fr\u00e9quence pratique d'Intratone. Simple d'utilisation","og_url":"https:\/\/intratone.be\/fr\/produit\/telecommande-2-canaux\/","og_site_name":"Intratone","article_modified_time":"2026-04-08T14:15:42+00:00","og_image":[{"width":600,"height":493,"url":"https:\/\/intratone.be\/wp-content\/uploads\/2025\/09\/2channels-remote-blackII.png","type":"image\/png"}],"twitter_card":"summary_large_image","twitter_misc":{"Dur\u00e9e de lecture estim\u00e9e":"1 minute"},"schema":{"@context":"https:\/\/schema.org","@graph":[{"@type":"WebPage","@id":"https:\/\/intratone.be\/fr\/produit\/telecommande-2-canaux\/","url":"https:\/\/intratone.be\/fr\/produit\/telecommande-2-canaux\/","name":"T\u00e9l\u00e9commande 2 canaux - Intratone pratique","isPartOf":{"@id":"https:\/\/intratone.be\/fr\/#website"},"primaryImageOfPage":{"@id":"https:\/\/intratone.be\/fr\/produit\/telecommande-2-canaux\/#primaryimage"},"image":{"@id":"https:\/\/intratone.be\/fr\/produit\/telecommande-2-canaux\/#primaryimage"},"thumbnailUrl":"https:\/\/intratone.be\/wp-content\/uploads\/2025\/09\/2channels-remote-blackII.png","datePublished":"2025-09-08T11:08:57+00:00","dateModified":"2026-04-08T14:15:42+00:00","description":"S\u00e9curisez les entr\u00e9es et les all\u00e9es avec une t\u00e9l\u00e9commande 2 canaux haute fr\u00e9quence pratique d'Intratone. Simple d'utilisation","breadcrumb":{"@id":"https:\/\/intratone.be\/fr\/produit\/telecommande-2-canaux\/#breadcrumb"},"inLanguage":"fr-FR","potentialAction":[{"@type":"ReadAction","target":["https:\/\/intratone.be\/fr\/produit\/telecommande-2-canaux\/"]}]},{"@type":"ImageObject","inLanguage":"fr-FR","@id":"https:\/\/intratone.be\/fr\/produit\/telecommande-2-canaux\/#primaryimage","url":"https:\/\/intratone.be\/wp-content\/uploads\/2025\/09\/2channels-remote-blackII.png","contentUrl":"https:\/\/intratone.be\/wp-content\/uploads\/2025\/09\/2channels-remote-blackII.png","width":600,"height":493},{"@type":"BreadcrumbList","@id":"https:\/\/intratone.be\/fr\/produit\/telecommande-2-canaux\/#breadcrumb","itemListElement":[{"@type":"ListItem","position":1,"name":"Home","item":"https:\/\/intratone.be\/fr\/"},{"@type":"ListItem","position":2,"name":"Producten","item":"https:\/\/intratone.be\/fr\/p\/"},{"@type":"ListItem","position":3,"name":"T\u00e9l\u00e9commande 2 canaux"}]},{"@type":"WebSite","@id":"https:\/\/intratone.be\/fr\/#website","url":"https:\/\/intratone.be\/fr\/","name":"Intratone","description":"","publisher":{"@id":"https:\/\/intratone.be\/fr\/#organization"},"potentialAction":[{"@type":"SearchAction","target":{"@type":"EntryPoint","urlTemplate":"https:\/\/intratone.be\/fr\/?s={search_term_string}"},"query-input":{"@type":"PropertyValueSpecification","valueRequired":true,"valueName":"search_term_string"}}],"inLanguage":"fr-FR"},{"@type":"Organization","@id":"https:\/\/intratone.be\/fr\/#organization","name":"Intratone","url":"https:\/\/intratone.be\/fr\/","logo":{"@type":"ImageObject","inLanguage":"fr-FR","@id":"https:\/\/intratone.be\/fr\/#\/schema\/logo\/image\/","url":"https:\/\/intratone.be\/wp-content\/uploads\/2025\/06\/cropped-logo-app-my-intercom-intratone.png","contentUrl":"https:\/\/intratone.be\/wp-content\/uploads\/2025\/06\/cropped-logo-app-my-intercom-intratone.png","width":512,"height":512,"caption":"Intratone"},"image":{"@id":"https:\/\/intratone.be\/fr\/#\/schema\/logo\/image\/"}}]}},"_links":{"self":[{"href":"https:\/\/intratone.be\/fr\/wp-json\/wp\/v2\/product\/3507","targetHints":{"allow":["GET"]}}],"collection":[{"href":"https:\/\/intratone.be\/fr\/wp-json\/wp\/v2\/product"}],"about":[{"href":"https:\/\/intratone.be\/fr\/wp-json\/wp\/v2\/types\/product"}],"wp:featuredmedia":[{"embeddable":true,"href":"https:\/\/intratone.be\/fr\/wp-json\/wp\/v2\/media\/910"}],"wp:attachment":[{"href":"https:\/\/intratone.be\/fr\/wp-json\/wp\/v2\/media?parent=3507"}],"wp:term":[{"taxonomy":"categorie","embeddable":true,"href":"https:\/\/intratone.be\/fr\/wp-json\/wp\/v2\/categorie?post=3507"}],"curies":[{"name":"wp","href":"https:\/\/api.w.org\/{rel}","templated":true}]}}