{"id":3515,"date":"2024-01-08T11:47:00","date_gmt":"2024-01-08T10:47:00","guid":{"rendered":"https:\/\/intratone.be\/product\/interphone-audio-intracall\/"},"modified":"2026-04-13T16:55:21","modified_gmt":"2026-04-13T14:55:21","slug":"interphone-audio-intracall","status":"publish","type":"product","link":"https:\/\/intratone.be\/fr\/produit\/interphone-audio-intracall\/","title":{"rendered":"Interphone Audio Intracall"},"content":{"rendered":"","protected":false},"featured_media":3706,"template":"","meta":{"_acf_changed":false,"content-type":""},"categorie":[137,138],"class_list":["post-3515","product","type-product","status-publish","has-post-thumbnail","hentry","categorie-interphonie","categorie-parlophone"],"acf":[],"yoast_head":"<!-- This site is optimized with the Yoast SEO plugin v27.2 - https:\/\/yoast.com\/product\/yoast-seo-wordpress\/ -->\n<title>Syst\u00e8me d&#039;Interphonie Classique et Fiable - Intracall de INTRATONE<\/title>\n<meta name=\"description\" content=\"Syst\u00e8me d&#039;interphonie classique et fiable capable d&#039;atteindre jusqu&#039;\u00e0 sept num\u00e9ros de t\u00e9l\u00e9phone via un bouton d&#039;appel.\" \/>\n<meta name=\"robots\" content=\"index, follow, max-snippet:-1, max-image-preview:large, max-video-preview:-1\" \/>\n<link rel=\"canonical\" href=\"https:\/\/intratone.be\/fr\/produit\/interphone-audio-intracall\/\" \/>\n<meta property=\"og:locale\" content=\"fr_FR\" \/>\n<meta property=\"og:type\" content=\"article\" \/>\n<meta property=\"og:title\" content=\"Syst\u00e8me d&#039;Interphonie Classique et Fiable - Intracall de INTRATONE\" \/>\n<meta property=\"og:description\" content=\"Syst\u00e8me d&#039;interphonie classique et fiable capable d&#039;atteindre jusqu&#039;\u00e0 sept num\u00e9ros de t\u00e9l\u00e9phone via un bouton d&#039;appel.\" \/>\n<meta property=\"og:url\" content=\"https:\/\/intratone.be\/fr\/produit\/interphone-audio-intracall\/\" \/>\n<meta property=\"og:site_name\" content=\"Intratone\" \/>\n<meta property=\"article:modified_time\" content=\"2026-04-13T14:55:21+00:00\" \/>\n<meta property=\"og:image\" content=\"https:\/\/intratone.be\/wp-content\/uploads\/2025\/09\/Itracall_render_front-460x1024-1.png\" \/>\n\t<meta property=\"og:image:width\" content=\"460\" \/>\n\t<meta property=\"og:image:height\" content=\"1024\" \/>\n\t<meta property=\"og:image:type\" content=\"image\/png\" \/>\n<meta name=\"twitter:card\" content=\"summary_large_image\" \/>\n<meta name=\"twitter:label1\" content=\"Dur\u00e9e de lecture estim\u00e9e\" \/>\n\t<meta name=\"twitter:data1\" content=\"1 minute\" \/>\n<script type=\"application\/ld+json\" class=\"yoast-schema-graph\">{\"@context\":\"https:\/\/schema.org\",\"@graph\":[{\"@type\":\"WebPage\",\"@id\":\"https:\/\/intratone.be\/fr\/produit\/interphone-audio-intracall\/\",\"url\":\"https:\/\/intratone.be\/fr\/produit\/interphone-audio-intracall\/\",\"name\":\"Syst\u00e8me d'Interphonie Classique et Fiable - Intracall de INTRATONE\",\"isPartOf\":{\"@id\":\"https:\/\/intratone.be\/fr\/#website\"},\"primaryImageOfPage\":{\"@id\":\"https:\/\/intratone.be\/fr\/produit\/interphone-audio-intracall\/#primaryimage\"},\"image\":{\"@id\":\"https:\/\/intratone.be\/fr\/produit\/interphone-audio-intracall\/#primaryimage\"},\"thumbnailUrl\":\"https:\/\/intratone.be\/wp-content\/uploads\/2025\/09\/Itracall_render_front-460x1024-1.png\",\"datePublished\":\"2024-01-08T10:47:00+00:00\",\"dateModified\":\"2026-04-13T14:55:21+00:00\",\"description\":\"Syst\u00e8me d'interphonie classique et fiable capable d'atteindre jusqu'\u00e0 sept num\u00e9ros de t\u00e9l\u00e9phone via un bouton d'appel.\",\"breadcrumb\":{\"@id\":\"https:\/\/intratone.be\/fr\/produit\/interphone-audio-intracall\/#breadcrumb\"},\"inLanguage\":\"fr-FR\",\"potentialAction\":[{\"@type\":\"ReadAction\",\"target\":[\"https:\/\/intratone.be\/fr\/produit\/interphone-audio-intracall\/\"]}]},{\"@type\":\"ImageObject\",\"inLanguage\":\"fr-FR\",\"@id\":\"https:\/\/intratone.be\/fr\/produit\/interphone-audio-intracall\/#primaryimage\",\"url\":\"https:\/\/intratone.be\/wp-content\/uploads\/2025\/09\/Itracall_render_front-460x1024-1.png\",\"contentUrl\":\"https:\/\/intratone.be\/wp-content\/uploads\/2025\/09\/Itracall_render_front-460x1024-1.png\",\"width\":460,\"height\":1024},{\"@type\":\"BreadcrumbList\",\"@id\":\"https:\/\/intratone.be\/fr\/produit\/interphone-audio-intracall\/#breadcrumb\",\"itemListElement\":[{\"@type\":\"ListItem\",\"position\":1,\"name\":\"Home\",\"item\":\"https:\/\/intratone.be\/fr\/\"},{\"@type\":\"ListItem\",\"position\":2,\"name\":\"Producten\",\"item\":\"https:\/\/intratone.be\/fr\/p\/\"},{\"@type\":\"ListItem\",\"position\":3,\"name\":\"Interphone Audio Intracall\"}]},{\"@type\":\"WebSite\",\"@id\":\"https:\/\/intratone.be\/fr\/#website\",\"url\":\"https:\/\/intratone.be\/fr\/\",\"name\":\"Intratone\",\"description\":\"\",\"publisher\":{\"@id\":\"https:\/\/intratone.be\/fr\/#organization\"},\"potentialAction\":[{\"@type\":\"SearchAction\",\"target\":{\"@type\":\"EntryPoint\",\"urlTemplate\":\"https:\/\/intratone.be\/fr\/?s={search_term_string}\"},\"query-input\":{\"@type\":\"PropertyValueSpecification\",\"valueRequired\":true,\"valueName\":\"search_term_string\"}}],\"inLanguage\":\"fr-FR\"},{\"@type\":\"Organization\",\"@id\":\"https:\/\/intratone.be\/fr\/#organization\",\"name\":\"Intratone\",\"url\":\"https:\/\/intratone.be\/fr\/\",\"logo\":{\"@type\":\"ImageObject\",\"inLanguage\":\"fr-FR\",\"@id\":\"https:\/\/intratone.be\/fr\/#\/schema\/logo\/image\/\",\"url\":\"https:\/\/intratone.be\/wp-content\/uploads\/2025\/06\/cropped-logo-app-my-intercom-intratone.png\",\"contentUrl\":\"https:\/\/intratone.be\/wp-content\/uploads\/2025\/06\/cropped-logo-app-my-intercom-intratone.png\",\"width\":512,\"height\":512,\"caption\":\"Intratone\"},\"image\":{\"@id\":\"https:\/\/intratone.be\/fr\/#\/schema\/logo\/image\/\"}}]}<\/script>\n<!-- \/ Yoast SEO plugin. -->","yoast_head_json":{"title":"Syst\u00e8me d'Interphonie Classique et Fiable - Intracall de INTRATONE","description":"Syst\u00e8me d'interphonie classique et fiable capable d'atteindre jusqu'\u00e0 sept num\u00e9ros de t\u00e9l\u00e9phone via un bouton d'appel.","robots":{"index":"index","follow":"follow","max-snippet":"max-snippet:-1","max-image-preview":"max-image-preview:large","max-video-preview":"max-video-preview:-1"},"canonical":"https:\/\/intratone.be\/fr\/produit\/interphone-audio-intracall\/","og_locale":"fr_FR","og_type":"article","og_title":"Syst\u00e8me d'Interphonie Classique et Fiable - Intracall de INTRATONE","og_description":"Syst\u00e8me d'interphonie classique et fiable capable d'atteindre jusqu'\u00e0 sept num\u00e9ros de t\u00e9l\u00e9phone via un bouton d'appel.","og_url":"https:\/\/intratone.be\/fr\/produit\/interphone-audio-intracall\/","og_site_name":"Intratone","article_modified_time":"2026-04-13T14:55:21+00:00","og_image":[{"width":460,"height":1024,"url":"https:\/\/intratone.be\/wp-content\/uploads\/2025\/09\/Itracall_render_front-460x1024-1.png","type":"image\/png"}],"twitter_card":"summary_large_image","twitter_misc":{"Dur\u00e9e de lecture estim\u00e9e":"1 minute"},"schema":{"@context":"https:\/\/schema.org","@graph":[{"@type":"WebPage","@id":"https:\/\/intratone.be\/fr\/produit\/interphone-audio-intracall\/","url":"https:\/\/intratone.be\/fr\/produit\/interphone-audio-intracall\/","name":"Syst\u00e8me d'Interphonie Classique et Fiable - Intracall de INTRATONE","isPartOf":{"@id":"https:\/\/intratone.be\/fr\/#website"},"primaryImageOfPage":{"@id":"https:\/\/intratone.be\/fr\/produit\/interphone-audio-intracall\/#primaryimage"},"image":{"@id":"https:\/\/intratone.be\/fr\/produit\/interphone-audio-intracall\/#primaryimage"},"thumbnailUrl":"https:\/\/intratone.be\/wp-content\/uploads\/2025\/09\/Itracall_render_front-460x1024-1.png","datePublished":"2024-01-08T10:47:00+00:00","dateModified":"2026-04-13T14:55:21+00:00","description":"Syst\u00e8me d'interphonie classique et fiable capable d'atteindre jusqu'\u00e0 sept num\u00e9ros de t\u00e9l\u00e9phone via un bouton d'appel.","breadcrumb":{"@id":"https:\/\/intratone.be\/fr\/produit\/interphone-audio-intracall\/#breadcrumb"},"inLanguage":"fr-FR","potentialAction":[{"@type":"ReadAction","target":["https:\/\/intratone.be\/fr\/produit\/interphone-audio-intracall\/"]}]},{"@type":"ImageObject","inLanguage":"fr-FR","@id":"https:\/\/intratone.be\/fr\/produit\/interphone-audio-intracall\/#primaryimage","url":"https:\/\/intratone.be\/wp-content\/uploads\/2025\/09\/Itracall_render_front-460x1024-1.png","contentUrl":"https:\/\/intratone.be\/wp-content\/uploads\/2025\/09\/Itracall_render_front-460x1024-1.png","width":460,"height":1024},{"@type":"BreadcrumbList","@id":"https:\/\/intratone.be\/fr\/produit\/interphone-audio-intracall\/#breadcrumb","itemListElement":[{"@type":"ListItem","position":1,"name":"Home","item":"https:\/\/intratone.be\/fr\/"},{"@type":"ListItem","position":2,"name":"Producten","item":"https:\/\/intratone.be\/fr\/p\/"},{"@type":"ListItem","position":3,"name":"Interphone Audio Intracall"}]},{"@type":"WebSite","@id":"https:\/\/intratone.be\/fr\/#website","url":"https:\/\/intratone.be\/fr\/","name":"Intratone","description":"","publisher":{"@id":"https:\/\/intratone.be\/fr\/#organization"},"potentialAction":[{"@type":"SearchAction","target":{"@type":"EntryPoint","urlTemplate":"https:\/\/intratone.be\/fr\/?s={search_term_string}"},"query-input":{"@type":"PropertyValueSpecification","valueRequired":true,"valueName":"search_term_string"}}],"inLanguage":"fr-FR"},{"@type":"Organization","@id":"https:\/\/intratone.be\/fr\/#organization","name":"Intratone","url":"https:\/\/intratone.be\/fr\/","logo":{"@type":"ImageObject","inLanguage":"fr-FR","@id":"https:\/\/intratone.be\/fr\/#\/schema\/logo\/image\/","url":"https:\/\/intratone.be\/wp-content\/uploads\/2025\/06\/cropped-logo-app-my-intercom-intratone.png","contentUrl":"https:\/\/intratone.be\/wp-content\/uploads\/2025\/06\/cropped-logo-app-my-intercom-intratone.png","width":512,"height":512,"caption":"Intratone"},"image":{"@id":"https:\/\/intratone.be\/fr\/#\/schema\/logo\/image\/"}}]}},"_links":{"self":[{"href":"https:\/\/intratone.be\/fr\/wp-json\/wp\/v2\/product\/3515","targetHints":{"allow":["GET"]}}],"collection":[{"href":"https:\/\/intratone.be\/fr\/wp-json\/wp\/v2\/product"}],"about":[{"href":"https:\/\/intratone.be\/fr\/wp-json\/wp\/v2\/types\/product"}],"wp:featuredmedia":[{"embeddable":true,"href":"https:\/\/intratone.be\/fr\/wp-json\/wp\/v2\/media\/3706"}],"wp:attachment":[{"href":"https:\/\/intratone.be\/fr\/wp-json\/wp\/v2\/media?parent=3515"}],"wp:term":[{"taxonomy":"categorie","embeddable":true,"href":"https:\/\/intratone.be\/fr\/wp-json\/wp\/v2\/categorie?post=3515"}],"curies":[{"name":"wp","href":"https:\/\/api.w.org\/{rel}","templated":true}]}}