{"id":3516,"date":"2025-09-08T11:38:11","date_gmt":"2025-09-08T09:38:11","guid":{"rendered":"https:\/\/intratone.be\/product\/interphone-audio-gardien\/"},"modified":"2026-04-13T14:17:23","modified_gmt":"2026-04-13T12:17:23","slug":"interphone-audio-gardien","status":"publish","type":"product","link":"https:\/\/intratone.be\/fr\/produit\/interphone-audio-gardien\/","title":{"rendered":"Interphone Appel Gardien"},"content":{"rendered":"","protected":false},"featured_media":3707,"template":"","meta":{"_acf_changed":false,"content-type":""},"categorie":[137,138],"class_list":["post-3516","product","type-product","status-publish","has-post-thumbnail","hentry","categorie-interphonie","categorie-parlophone"],"acf":[],"yoast_head":"<!-- This site is optimized with the Yoast SEO plugin v27.2 - https:\/\/yoast.com\/product\/yoast-seo-wordpress\/ -->\n<title>Interphone Appel Gardien - Intratone - Interphones sans fil<\/title>\n<meta name=\"description\" content=\"Syst\u00e8me d&#039;interphonie num\u00e9rique simple et \u00e9l\u00e9gant avec 1, 2 ou 3 boutons d&#039;appel. Un interphone qui offre une s\u00e9curit\u00e9 maximale de mani\u00e8re simple mais fiable\" \/>\n<meta name=\"robots\" content=\"index, follow, max-snippet:-1, max-image-preview:large, max-video-preview:-1\" \/>\n<link rel=\"canonical\" href=\"https:\/\/intratone.be\/fr\/produit\/interphone-audio-gardien\/\" \/>\n<meta property=\"og:locale\" content=\"fr_FR\" \/>\n<meta property=\"og:type\" content=\"article\" \/>\n<meta property=\"og:title\" content=\"Interphone Appel Gardien - Intratone - Interphones sans fil\" \/>\n<meta property=\"og:description\" content=\"Syst\u00e8me d&#039;interphonie num\u00e9rique simple et \u00e9l\u00e9gant avec 1, 2 ou 3 boutons d&#039;appel. Un interphone qui offre une s\u00e9curit\u00e9 maximale de mani\u00e8re simple mais fiable\" \/>\n<meta property=\"og:url\" content=\"https:\/\/intratone.be\/fr\/produit\/interphone-audio-gardien\/\" \/>\n<meta property=\"og:site_name\" content=\"Intratone\" \/>\n<meta property=\"article:modified_time\" content=\"2026-04-13T12:17:23+00:00\" \/>\n<meta property=\"og:image\" content=\"https:\/\/intratone.be\/wp-content\/uploads\/2025\/09\/14-0102-caretaker-1button-reader-scaled.png\" \/>\n\t<meta property=\"og:image:width\" content=\"1427\" \/>\n\t<meta property=\"og:image:height\" content=\"2560\" \/>\n\t<meta property=\"og:image:type\" content=\"image\/png\" \/>\n<meta name=\"twitter:card\" content=\"summary_large_image\" \/>\n<meta name=\"twitter:label1\" content=\"Dur\u00e9e de lecture estim\u00e9e\" \/>\n\t<meta name=\"twitter:data1\" content=\"1 minute\" \/>\n<script type=\"application\/ld+json\" class=\"yoast-schema-graph\">{\"@context\":\"https:\/\/schema.org\",\"@graph\":[{\"@type\":\"WebPage\",\"@id\":\"https:\/\/intratone.be\/fr\/produit\/interphone-audio-gardien\/\",\"url\":\"https:\/\/intratone.be\/fr\/produit\/interphone-audio-gardien\/\",\"name\":\"Interphone Appel Gardien - Intratone - Interphones sans fil\",\"isPartOf\":{\"@id\":\"https:\/\/intratone.be\/fr\/#website\"},\"primaryImageOfPage\":{\"@id\":\"https:\/\/intratone.be\/fr\/produit\/interphone-audio-gardien\/#primaryimage\"},\"image\":{\"@id\":\"https:\/\/intratone.be\/fr\/produit\/interphone-audio-gardien\/#primaryimage\"},\"thumbnailUrl\":\"https:\/\/intratone.be\/wp-content\/uploads\/2025\/09\/14-0102-caretaker-1button-reader-scaled.png\",\"datePublished\":\"2025-09-08T09:38:11+00:00\",\"dateModified\":\"2026-04-13T12:17:23+00:00\",\"description\":\"Syst\u00e8me d'interphonie num\u00e9rique simple et \u00e9l\u00e9gant avec 1, 2 ou 3 boutons d'appel. Un interphone qui offre une s\u00e9curit\u00e9 maximale de mani\u00e8re simple mais fiable\",\"breadcrumb\":{\"@id\":\"https:\/\/intratone.be\/fr\/produit\/interphone-audio-gardien\/#breadcrumb\"},\"inLanguage\":\"fr-FR\",\"potentialAction\":[{\"@type\":\"ReadAction\",\"target\":[\"https:\/\/intratone.be\/fr\/produit\/interphone-audio-gardien\/\"]}]},{\"@type\":\"ImageObject\",\"inLanguage\":\"fr-FR\",\"@id\":\"https:\/\/intratone.be\/fr\/produit\/interphone-audio-gardien\/#primaryimage\",\"url\":\"https:\/\/intratone.be\/wp-content\/uploads\/2025\/09\/14-0102-caretaker-1button-reader-scaled.png\",\"contentUrl\":\"https:\/\/intratone.be\/wp-content\/uploads\/2025\/09\/14-0102-caretaker-1button-reader-scaled.png\",\"width\":1427,\"height\":2560},{\"@type\":\"BreadcrumbList\",\"@id\":\"https:\/\/intratone.be\/fr\/produit\/interphone-audio-gardien\/#breadcrumb\",\"itemListElement\":[{\"@type\":\"ListItem\",\"position\":1,\"name\":\"Home\",\"item\":\"https:\/\/intratone.be\/fr\/\"},{\"@type\":\"ListItem\",\"position\":2,\"name\":\"Producten\",\"item\":\"https:\/\/intratone.be\/fr\/p\/\"},{\"@type\":\"ListItem\",\"position\":3,\"name\":\"Interphone Appel Gardien\"}]},{\"@type\":\"WebSite\",\"@id\":\"https:\/\/intratone.be\/fr\/#website\",\"url\":\"https:\/\/intratone.be\/fr\/\",\"name\":\"Intratone\",\"description\":\"\",\"publisher\":{\"@id\":\"https:\/\/intratone.be\/fr\/#organization\"},\"potentialAction\":[{\"@type\":\"SearchAction\",\"target\":{\"@type\":\"EntryPoint\",\"urlTemplate\":\"https:\/\/intratone.be\/fr\/?s={search_term_string}\"},\"query-input\":{\"@type\":\"PropertyValueSpecification\",\"valueRequired\":true,\"valueName\":\"search_term_string\"}}],\"inLanguage\":\"fr-FR\"},{\"@type\":\"Organization\",\"@id\":\"https:\/\/intratone.be\/fr\/#organization\",\"name\":\"Intratone\",\"url\":\"https:\/\/intratone.be\/fr\/\",\"logo\":{\"@type\":\"ImageObject\",\"inLanguage\":\"fr-FR\",\"@id\":\"https:\/\/intratone.be\/fr\/#\/schema\/logo\/image\/\",\"url\":\"https:\/\/intratone.be\/wp-content\/uploads\/2025\/06\/cropped-logo-app-my-intercom-intratone.png\",\"contentUrl\":\"https:\/\/intratone.be\/wp-content\/uploads\/2025\/06\/cropped-logo-app-my-intercom-intratone.png\",\"width\":512,\"height\":512,\"caption\":\"Intratone\"},\"image\":{\"@id\":\"https:\/\/intratone.be\/fr\/#\/schema\/logo\/image\/\"}}]}<\/script>\n<!-- \/ Yoast SEO plugin. -->","yoast_head_json":{"title":"Interphone Appel Gardien - Intratone - Interphones sans fil","description":"Syst\u00e8me d'interphonie num\u00e9rique simple et \u00e9l\u00e9gant avec 1, 2 ou 3 boutons d'appel. Un interphone qui offre une s\u00e9curit\u00e9 maximale de mani\u00e8re simple mais fiable","robots":{"index":"index","follow":"follow","max-snippet":"max-snippet:-1","max-image-preview":"max-image-preview:large","max-video-preview":"max-video-preview:-1"},"canonical":"https:\/\/intratone.be\/fr\/produit\/interphone-audio-gardien\/","og_locale":"fr_FR","og_type":"article","og_title":"Interphone Appel Gardien - Intratone - Interphones sans fil","og_description":"Syst\u00e8me d'interphonie num\u00e9rique simple et \u00e9l\u00e9gant avec 1, 2 ou 3 boutons d'appel. Un interphone qui offre une s\u00e9curit\u00e9 maximale de mani\u00e8re simple mais fiable","og_url":"https:\/\/intratone.be\/fr\/produit\/interphone-audio-gardien\/","og_site_name":"Intratone","article_modified_time":"2026-04-13T12:17:23+00:00","og_image":[{"width":1427,"height":2560,"url":"https:\/\/intratone.be\/wp-content\/uploads\/2025\/09\/14-0102-caretaker-1button-reader-scaled.png","type":"image\/png"}],"twitter_card":"summary_large_image","twitter_misc":{"Dur\u00e9e de lecture estim\u00e9e":"1 minute"},"schema":{"@context":"https:\/\/schema.org","@graph":[{"@type":"WebPage","@id":"https:\/\/intratone.be\/fr\/produit\/interphone-audio-gardien\/","url":"https:\/\/intratone.be\/fr\/produit\/interphone-audio-gardien\/","name":"Interphone Appel Gardien - Intratone - Interphones sans fil","isPartOf":{"@id":"https:\/\/intratone.be\/fr\/#website"},"primaryImageOfPage":{"@id":"https:\/\/intratone.be\/fr\/produit\/interphone-audio-gardien\/#primaryimage"},"image":{"@id":"https:\/\/intratone.be\/fr\/produit\/interphone-audio-gardien\/#primaryimage"},"thumbnailUrl":"https:\/\/intratone.be\/wp-content\/uploads\/2025\/09\/14-0102-caretaker-1button-reader-scaled.png","datePublished":"2025-09-08T09:38:11+00:00","dateModified":"2026-04-13T12:17:23+00:00","description":"Syst\u00e8me d'interphonie num\u00e9rique simple et \u00e9l\u00e9gant avec 1, 2 ou 3 boutons d'appel. Un interphone qui offre une s\u00e9curit\u00e9 maximale de mani\u00e8re simple mais fiable","breadcrumb":{"@id":"https:\/\/intratone.be\/fr\/produit\/interphone-audio-gardien\/#breadcrumb"},"inLanguage":"fr-FR","potentialAction":[{"@type":"ReadAction","target":["https:\/\/intratone.be\/fr\/produit\/interphone-audio-gardien\/"]}]},{"@type":"ImageObject","inLanguage":"fr-FR","@id":"https:\/\/intratone.be\/fr\/produit\/interphone-audio-gardien\/#primaryimage","url":"https:\/\/intratone.be\/wp-content\/uploads\/2025\/09\/14-0102-caretaker-1button-reader-scaled.png","contentUrl":"https:\/\/intratone.be\/wp-content\/uploads\/2025\/09\/14-0102-caretaker-1button-reader-scaled.png","width":1427,"height":2560},{"@type":"BreadcrumbList","@id":"https:\/\/intratone.be\/fr\/produit\/interphone-audio-gardien\/#breadcrumb","itemListElement":[{"@type":"ListItem","position":1,"name":"Home","item":"https:\/\/intratone.be\/fr\/"},{"@type":"ListItem","position":2,"name":"Producten","item":"https:\/\/intratone.be\/fr\/p\/"},{"@type":"ListItem","position":3,"name":"Interphone Appel Gardien"}]},{"@type":"WebSite","@id":"https:\/\/intratone.be\/fr\/#website","url":"https:\/\/intratone.be\/fr\/","name":"Intratone","description":"","publisher":{"@id":"https:\/\/intratone.be\/fr\/#organization"},"potentialAction":[{"@type":"SearchAction","target":{"@type":"EntryPoint","urlTemplate":"https:\/\/intratone.be\/fr\/?s={search_term_string}"},"query-input":{"@type":"PropertyValueSpecification","valueRequired":true,"valueName":"search_term_string"}}],"inLanguage":"fr-FR"},{"@type":"Organization","@id":"https:\/\/intratone.be\/fr\/#organization","name":"Intratone","url":"https:\/\/intratone.be\/fr\/","logo":{"@type":"ImageObject","inLanguage":"fr-FR","@id":"https:\/\/intratone.be\/fr\/#\/schema\/logo\/image\/","url":"https:\/\/intratone.be\/wp-content\/uploads\/2025\/06\/cropped-logo-app-my-intercom-intratone.png","contentUrl":"https:\/\/intratone.be\/wp-content\/uploads\/2025\/06\/cropped-logo-app-my-intercom-intratone.png","width":512,"height":512,"caption":"Intratone"},"image":{"@id":"https:\/\/intratone.be\/fr\/#\/schema\/logo\/image\/"}}]}},"_links":{"self":[{"href":"https:\/\/intratone.be\/fr\/wp-json\/wp\/v2\/product\/3516","targetHints":{"allow":["GET"]}}],"collection":[{"href":"https:\/\/intratone.be\/fr\/wp-json\/wp\/v2\/product"}],"about":[{"href":"https:\/\/intratone.be\/fr\/wp-json\/wp\/v2\/types\/product"}],"wp:featuredmedia":[{"embeddable":true,"href":"https:\/\/intratone.be\/fr\/wp-json\/wp\/v2\/media\/3707"}],"wp:attachment":[{"href":"https:\/\/intratone.be\/fr\/wp-json\/wp\/v2\/media?parent=3516"}],"wp:term":[{"taxonomy":"categorie","embeddable":true,"href":"https:\/\/intratone.be\/fr\/wp-json\/wp\/v2\/categorie?post=3516"}],"curies":[{"name":"wp","href":"https:\/\/api.w.org\/{rel}","templated":true}]}}