{"id":3527,"date":"2025-09-08T10:54:27","date_gmt":"2025-09-08T08:54:27","guid":{"rendered":"https:\/\/intratone.be\/product\/v4-interphone-avec-coffre-a-cles\/"},"modified":"2026-04-13T15:30:46","modified_gmt":"2026-04-13T13:30:46","slug":"v4-interphone-avec-coffre-a-cles","status":"publish","type":"product","link":"https:\/\/intratone.be\/fr\/produit\/v4-interphone-avec-coffre-a-cles\/","title":{"rendered":"V4 videophone avec Coffre \u00e0 cl\u00e9s"},"content":{"rendered":"","protected":false},"featured_media":3941,"template":"","meta":{"_acf_changed":false,"content-type":""},"categorie":[142,137,134],"class_list":["post-3527","product","type-product","status-publish","has-post-thumbnail","hentry","categorie-armoires-a-cles","categorie-interphonie","categorie-videophone"],"acf":[],"yoast_head":"<!-- This site is optimized with the Yoast SEO plugin v27.2 - https:\/\/yoast.com\/product\/yoast-seo-wordpress\/ -->\n<title>Gestion des cl\u00e9s en temps r\u00e9el V4 videophone avec Coffre \u00e0 cl\u00e9s - Intratone<\/title>\n<meta name=\"description\" content=\"L&#039;Interphone Vid\u00e9ophone Intratone V4 avec Coffre \u00e0 cl\u00e9s est command\u00e9 \u00e0 l&#039;aide d&#039;un syst\u00e8me de d\u00e9filement et de s\u00e9lection permettant jusqu&#039;\u00e0 1000 unit\u00e9s de noms\" \/>\n<meta name=\"robots\" content=\"index, follow, max-snippet:-1, max-image-preview:large, max-video-preview:-1\" \/>\n<link rel=\"canonical\" href=\"https:\/\/intratone.be\/fr\/produit\/v4-interphone-avec-coffre-a-cles\/\" \/>\n<meta property=\"og:locale\" content=\"fr_FR\" \/>\n<meta property=\"og:type\" content=\"article\" \/>\n<meta property=\"og:title\" content=\"Gestion des cl\u00e9s en temps r\u00e9el V4 videophone avec Coffre \u00e0 cl\u00e9s - Intratone\" \/>\n<meta property=\"og:description\" content=\"L&#039;Interphone Vid\u00e9ophone Intratone V4 avec Coffre \u00e0 cl\u00e9s est command\u00e9 \u00e0 l&#039;aide d&#039;un syst\u00e8me de d\u00e9filement et de s\u00e9lection permettant jusqu&#039;\u00e0 1000 unit\u00e9s de noms\" \/>\n<meta property=\"og:url\" content=\"https:\/\/intratone.be\/fr\/produit\/v4-interphone-avec-coffre-a-cles\/\" \/>\n<meta property=\"og:site_name\" content=\"Intratone\" \/>\n<meta property=\"article:modified_time\" content=\"2026-04-13T13:30:46+00:00\" \/>\n<meta property=\"og:image\" content=\"https:\/\/intratone.be\/wp-content\/uploads\/2025\/09\/V4_Keysafe_closed-front-393x1024-1.png\" \/>\n\t<meta property=\"og:image:width\" content=\"393\" \/>\n\t<meta property=\"og:image:height\" content=\"1024\" \/>\n\t<meta property=\"og:image:type\" content=\"image\/png\" \/>\n<meta name=\"twitter:card\" content=\"summary_large_image\" \/>\n<meta name=\"twitter:label1\" content=\"Dur\u00e9e de lecture estim\u00e9e\" \/>\n\t<meta name=\"twitter:data1\" content=\"1 minute\" \/>\n<script type=\"application\/ld+json\" class=\"yoast-schema-graph\">{\"@context\":\"https:\/\/schema.org\",\"@graph\":[{\"@type\":\"WebPage\",\"@id\":\"https:\/\/intratone.be\/fr\/produit\/v4-interphone-avec-coffre-a-cles\/\",\"url\":\"https:\/\/intratone.be\/fr\/produit\/v4-interphone-avec-coffre-a-cles\/\",\"name\":\"Gestion des cl\u00e9s en temps r\u00e9el V4 videophone avec Coffre \u00e0 cl\u00e9s - Intratone\",\"isPartOf\":{\"@id\":\"https:\/\/intratone.be\/fr\/#website\"},\"primaryImageOfPage\":{\"@id\":\"https:\/\/intratone.be\/fr\/produit\/v4-interphone-avec-coffre-a-cles\/#primaryimage\"},\"image\":{\"@id\":\"https:\/\/intratone.be\/fr\/produit\/v4-interphone-avec-coffre-a-cles\/#primaryimage\"},\"thumbnailUrl\":\"https:\/\/intratone.be\/wp-content\/uploads\/2025\/09\/V4_Keysafe_closed-front-393x1024-1.png\",\"datePublished\":\"2025-09-08T08:54:27+00:00\",\"dateModified\":\"2026-04-13T13:30:46+00:00\",\"description\":\"L'Interphone Vid\u00e9ophone Intratone V4 avec Coffre \u00e0 cl\u00e9s est command\u00e9 \u00e0 l'aide d'un syst\u00e8me de d\u00e9filement et de s\u00e9lection permettant jusqu'\u00e0 1000 unit\u00e9s de noms\",\"breadcrumb\":{\"@id\":\"https:\/\/intratone.be\/fr\/produit\/v4-interphone-avec-coffre-a-cles\/#breadcrumb\"},\"inLanguage\":\"fr-FR\",\"potentialAction\":[{\"@type\":\"ReadAction\",\"target\":[\"https:\/\/intratone.be\/fr\/produit\/v4-interphone-avec-coffre-a-cles\/\"]}]},{\"@type\":\"ImageObject\",\"inLanguage\":\"fr-FR\",\"@id\":\"https:\/\/intratone.be\/fr\/produit\/v4-interphone-avec-coffre-a-cles\/#primaryimage\",\"url\":\"https:\/\/intratone.be\/wp-content\/uploads\/2025\/09\/V4_Keysafe_closed-front-393x1024-1.png\",\"contentUrl\":\"https:\/\/intratone.be\/wp-content\/uploads\/2025\/09\/V4_Keysafe_closed-front-393x1024-1.png\",\"width\":393,\"height\":1024},{\"@type\":\"BreadcrumbList\",\"@id\":\"https:\/\/intratone.be\/fr\/produit\/v4-interphone-avec-coffre-a-cles\/#breadcrumb\",\"itemListElement\":[{\"@type\":\"ListItem\",\"position\":1,\"name\":\"Home\",\"item\":\"https:\/\/intratone.be\/fr\/\"},{\"@type\":\"ListItem\",\"position\":2,\"name\":\"Producten\",\"item\":\"https:\/\/intratone.be\/fr\/p\/\"},{\"@type\":\"ListItem\",\"position\":3,\"name\":\"V4 videophone avec Coffre \u00e0 cl\u00e9s\"}]},{\"@type\":\"WebSite\",\"@id\":\"https:\/\/intratone.be\/fr\/#website\",\"url\":\"https:\/\/intratone.be\/fr\/\",\"name\":\"Intratone\",\"description\":\"\",\"publisher\":{\"@id\":\"https:\/\/intratone.be\/fr\/#organization\"},\"potentialAction\":[{\"@type\":\"SearchAction\",\"target\":{\"@type\":\"EntryPoint\",\"urlTemplate\":\"https:\/\/intratone.be\/fr\/?s={search_term_string}\"},\"query-input\":{\"@type\":\"PropertyValueSpecification\",\"valueRequired\":true,\"valueName\":\"search_term_string\"}}],\"inLanguage\":\"fr-FR\"},{\"@type\":\"Organization\",\"@id\":\"https:\/\/intratone.be\/fr\/#organization\",\"name\":\"Intratone\",\"url\":\"https:\/\/intratone.be\/fr\/\",\"logo\":{\"@type\":\"ImageObject\",\"inLanguage\":\"fr-FR\",\"@id\":\"https:\/\/intratone.be\/fr\/#\/schema\/logo\/image\/\",\"url\":\"https:\/\/intratone.be\/wp-content\/uploads\/2025\/06\/cropped-logo-app-my-intercom-intratone.png\",\"contentUrl\":\"https:\/\/intratone.be\/wp-content\/uploads\/2025\/06\/cropped-logo-app-my-intercom-intratone.png\",\"width\":512,\"height\":512,\"caption\":\"Intratone\"},\"image\":{\"@id\":\"https:\/\/intratone.be\/fr\/#\/schema\/logo\/image\/\"}}]}<\/script>\n<!-- \/ Yoast SEO plugin. -->","yoast_head_json":{"title":"Gestion des cl\u00e9s en temps r\u00e9el V4 videophone avec Coffre \u00e0 cl\u00e9s - Intratone","description":"L'Interphone Vid\u00e9ophone Intratone V4 avec Coffre \u00e0 cl\u00e9s est command\u00e9 \u00e0 l'aide d'un syst\u00e8me de d\u00e9filement et de s\u00e9lection permettant jusqu'\u00e0 1000 unit\u00e9s de noms","robots":{"index":"index","follow":"follow","max-snippet":"max-snippet:-1","max-image-preview":"max-image-preview:large","max-video-preview":"max-video-preview:-1"},"canonical":"https:\/\/intratone.be\/fr\/produit\/v4-interphone-avec-coffre-a-cles\/","og_locale":"fr_FR","og_type":"article","og_title":"Gestion des cl\u00e9s en temps r\u00e9el V4 videophone avec Coffre \u00e0 cl\u00e9s - Intratone","og_description":"L'Interphone Vid\u00e9ophone Intratone V4 avec Coffre \u00e0 cl\u00e9s est command\u00e9 \u00e0 l'aide d'un syst\u00e8me de d\u00e9filement et de s\u00e9lection permettant jusqu'\u00e0 1000 unit\u00e9s de noms","og_url":"https:\/\/intratone.be\/fr\/produit\/v4-interphone-avec-coffre-a-cles\/","og_site_name":"Intratone","article_modified_time":"2026-04-13T13:30:46+00:00","og_image":[{"width":393,"height":1024,"url":"https:\/\/intratone.be\/wp-content\/uploads\/2025\/09\/V4_Keysafe_closed-front-393x1024-1.png","type":"image\/png"}],"twitter_card":"summary_large_image","twitter_misc":{"Dur\u00e9e de lecture estim\u00e9e":"1 minute"},"schema":{"@context":"https:\/\/schema.org","@graph":[{"@type":"WebPage","@id":"https:\/\/intratone.be\/fr\/produit\/v4-interphone-avec-coffre-a-cles\/","url":"https:\/\/intratone.be\/fr\/produit\/v4-interphone-avec-coffre-a-cles\/","name":"Gestion des cl\u00e9s en temps r\u00e9el V4 videophone avec Coffre \u00e0 cl\u00e9s - Intratone","isPartOf":{"@id":"https:\/\/intratone.be\/fr\/#website"},"primaryImageOfPage":{"@id":"https:\/\/intratone.be\/fr\/produit\/v4-interphone-avec-coffre-a-cles\/#primaryimage"},"image":{"@id":"https:\/\/intratone.be\/fr\/produit\/v4-interphone-avec-coffre-a-cles\/#primaryimage"},"thumbnailUrl":"https:\/\/intratone.be\/wp-content\/uploads\/2025\/09\/V4_Keysafe_closed-front-393x1024-1.png","datePublished":"2025-09-08T08:54:27+00:00","dateModified":"2026-04-13T13:30:46+00:00","description":"L'Interphone Vid\u00e9ophone Intratone V4 avec Coffre \u00e0 cl\u00e9s est command\u00e9 \u00e0 l'aide d'un syst\u00e8me de d\u00e9filement et de s\u00e9lection permettant jusqu'\u00e0 1000 unit\u00e9s de noms","breadcrumb":{"@id":"https:\/\/intratone.be\/fr\/produit\/v4-interphone-avec-coffre-a-cles\/#breadcrumb"},"inLanguage":"fr-FR","potentialAction":[{"@type":"ReadAction","target":["https:\/\/intratone.be\/fr\/produit\/v4-interphone-avec-coffre-a-cles\/"]}]},{"@type":"ImageObject","inLanguage":"fr-FR","@id":"https:\/\/intratone.be\/fr\/produit\/v4-interphone-avec-coffre-a-cles\/#primaryimage","url":"https:\/\/intratone.be\/wp-content\/uploads\/2025\/09\/V4_Keysafe_closed-front-393x1024-1.png","contentUrl":"https:\/\/intratone.be\/wp-content\/uploads\/2025\/09\/V4_Keysafe_closed-front-393x1024-1.png","width":393,"height":1024},{"@type":"BreadcrumbList","@id":"https:\/\/intratone.be\/fr\/produit\/v4-interphone-avec-coffre-a-cles\/#breadcrumb","itemListElement":[{"@type":"ListItem","position":1,"name":"Home","item":"https:\/\/intratone.be\/fr\/"},{"@type":"ListItem","position":2,"name":"Producten","item":"https:\/\/intratone.be\/fr\/p\/"},{"@type":"ListItem","position":3,"name":"V4 videophone avec Coffre \u00e0 cl\u00e9s"}]},{"@type":"WebSite","@id":"https:\/\/intratone.be\/fr\/#website","url":"https:\/\/intratone.be\/fr\/","name":"Intratone","description":"","publisher":{"@id":"https:\/\/intratone.be\/fr\/#organization"},"potentialAction":[{"@type":"SearchAction","target":{"@type":"EntryPoint","urlTemplate":"https:\/\/intratone.be\/fr\/?s={search_term_string}"},"query-input":{"@type":"PropertyValueSpecification","valueRequired":true,"valueName":"search_term_string"}}],"inLanguage":"fr-FR"},{"@type":"Organization","@id":"https:\/\/intratone.be\/fr\/#organization","name":"Intratone","url":"https:\/\/intratone.be\/fr\/","logo":{"@type":"ImageObject","inLanguage":"fr-FR","@id":"https:\/\/intratone.be\/fr\/#\/schema\/logo\/image\/","url":"https:\/\/intratone.be\/wp-content\/uploads\/2025\/06\/cropped-logo-app-my-intercom-intratone.png","contentUrl":"https:\/\/intratone.be\/wp-content\/uploads\/2025\/06\/cropped-logo-app-my-intercom-intratone.png","width":512,"height":512,"caption":"Intratone"},"image":{"@id":"https:\/\/intratone.be\/fr\/#\/schema\/logo\/image\/"}}]}},"_links":{"self":[{"href":"https:\/\/intratone.be\/fr\/wp-json\/wp\/v2\/product\/3527","targetHints":{"allow":["GET"]}}],"collection":[{"href":"https:\/\/intratone.be\/fr\/wp-json\/wp\/v2\/product"}],"about":[{"href":"https:\/\/intratone.be\/fr\/wp-json\/wp\/v2\/types\/product"}],"wp:featuredmedia":[{"embeddable":true,"href":"https:\/\/intratone.be\/fr\/wp-json\/wp\/v2\/media\/3941"}],"wp:attachment":[{"href":"https:\/\/intratone.be\/fr\/wp-json\/wp\/v2\/media?parent=3527"}],"wp:term":[{"taxonomy":"categorie","embeddable":true,"href":"https:\/\/intratone.be\/fr\/wp-json\/wp\/v2\/categorie?post=3527"}],"curies":[{"name":"wp","href":"https:\/\/api.w.org\/{rel}","templated":true}]}}