{"id":3533,"date":"2025-06-20T09:43:58","date_gmt":"2025-06-20T07:43:58","guid":{"rendered":"https:\/\/intratone.be\/product\/badge-electronique\/"},"modified":"2026-04-08T15:45:24","modified_gmt":"2026-04-08T13:45:24","slug":"badge-electronique","status":"publish","type":"product","link":"https:\/\/intratone.be\/fr\/produit\/badge-electronique\/","title":{"rendered":"Badge \u00e9lectronique"},"content":{"rendered":"","protected":false},"featured_media":396,"template":"","meta":{"_acf_changed":false,"content-type":""},"categorie":[136,141],"class_list":["post-3533","product","type-product","status-publish","has-post-thumbnail","hentry","categorie-accessoires","categorie-badges-telecommandes"],"acf":[],"yoast_head":"<!-- This site is optimized with the Yoast SEO plugin v27.2 - https:\/\/yoast.com\/product\/yoast-seo-wordpress\/ -->\n<title>badge\/cl\u00e9 d&#039;acc\u00e8s s\u00e9curis\u00e9 Badge \u00e9lectronique - Intratone<\/title>\n<meta name=\"description\" content=\"Un badge \u00e9lectronique\/cl\u00e9 transpondeur Intratone offre aux utilisateurs et aux habitants de votre b\u00e2timent confort et s\u00e9curit\u00e9 maximale.\" \/>\n<meta name=\"robots\" content=\"index, follow, max-snippet:-1, max-image-preview:large, max-video-preview:-1\" \/>\n<link rel=\"canonical\" href=\"https:\/\/intratone.be\/fr\/produit\/badge-electronique\/\" \/>\n<meta property=\"og:locale\" content=\"fr_FR\" \/>\n<meta property=\"og:type\" content=\"article\" \/>\n<meta property=\"og:title\" content=\"badge\/cl\u00e9 d&#039;acc\u00e8s s\u00e9curis\u00e9 Badge \u00e9lectronique - Intratone\" \/>\n<meta property=\"og:description\" content=\"Un badge \u00e9lectronique\/cl\u00e9 transpondeur Intratone offre aux utilisateurs et aux habitants de votre b\u00e2timent confort et s\u00e9curit\u00e9 maximale.\" \/>\n<meta property=\"og:url\" content=\"https:\/\/intratone.be\/fr\/produit\/badge-electronique\/\" \/>\n<meta property=\"og:site_name\" content=\"Intratone\" \/>\n<meta property=\"article:modified_time\" content=\"2026-04-08T13:45:24+00:00\" \/>\n<meta property=\"og:image\" content=\"https:\/\/intratone.be\/wp-content\/uploads\/2025\/06\/KeyFob_orange.png\" \/>\n\t<meta property=\"og:image:width\" content=\"631\" \/>\n\t<meta property=\"og:image:height\" content=\"370\" \/>\n\t<meta property=\"og:image:type\" content=\"image\/png\" \/>\n<meta name=\"twitter:card\" content=\"summary_large_image\" \/>\n<meta name=\"twitter:label1\" content=\"Dur\u00e9e de lecture estim\u00e9e\" \/>\n\t<meta name=\"twitter:data1\" content=\"1 minute\" \/>\n<script type=\"application\/ld+json\" class=\"yoast-schema-graph\">{\"@context\":\"https:\/\/schema.org\",\"@graph\":[{\"@type\":\"WebPage\",\"@id\":\"https:\/\/intratone.be\/fr\/produit\/badge-electronique\/\",\"url\":\"https:\/\/intratone.be\/fr\/produit\/badge-electronique\/\",\"name\":\"badge\/cl\u00e9 d'acc\u00e8s s\u00e9curis\u00e9 Badge \u00e9lectronique - Intratone\",\"isPartOf\":{\"@id\":\"https:\/\/intratone.be\/fr\/#website\"},\"primaryImageOfPage\":{\"@id\":\"https:\/\/intratone.be\/fr\/produit\/badge-electronique\/#primaryimage\"},\"image\":{\"@id\":\"https:\/\/intratone.be\/fr\/produit\/badge-electronique\/#primaryimage\"},\"thumbnailUrl\":\"https:\/\/intratone.be\/wp-content\/uploads\/2025\/06\/KeyFob_orange.png\",\"datePublished\":\"2025-06-20T07:43:58+00:00\",\"dateModified\":\"2026-04-08T13:45:24+00:00\",\"description\":\"Un badge \u00e9lectronique\/cl\u00e9 transpondeur Intratone offre aux utilisateurs et aux habitants de votre b\u00e2timent confort et s\u00e9curit\u00e9 maximale.\",\"breadcrumb\":{\"@id\":\"https:\/\/intratone.be\/fr\/produit\/badge-electronique\/#breadcrumb\"},\"inLanguage\":\"fr-FR\",\"potentialAction\":[{\"@type\":\"ReadAction\",\"target\":[\"https:\/\/intratone.be\/fr\/produit\/badge-electronique\/\"]}]},{\"@type\":\"ImageObject\",\"inLanguage\":\"fr-FR\",\"@id\":\"https:\/\/intratone.be\/fr\/produit\/badge-electronique\/#primaryimage\",\"url\":\"https:\/\/intratone.be\/wp-content\/uploads\/2025\/06\/KeyFob_orange.png\",\"contentUrl\":\"https:\/\/intratone.be\/wp-content\/uploads\/2025\/06\/KeyFob_orange.png\",\"width\":631,\"height\":370},{\"@type\":\"BreadcrumbList\",\"@id\":\"https:\/\/intratone.be\/fr\/produit\/badge-electronique\/#breadcrumb\",\"itemListElement\":[{\"@type\":\"ListItem\",\"position\":1,\"name\":\"Home\",\"item\":\"https:\/\/intratone.be\/fr\/\"},{\"@type\":\"ListItem\",\"position\":2,\"name\":\"Producten\",\"item\":\"https:\/\/intratone.be\/fr\/p\/\"},{\"@type\":\"ListItem\",\"position\":3,\"name\":\"Badge \u00e9lectronique\"}]},{\"@type\":\"WebSite\",\"@id\":\"https:\/\/intratone.be\/fr\/#website\",\"url\":\"https:\/\/intratone.be\/fr\/\",\"name\":\"Intratone\",\"description\":\"\",\"publisher\":{\"@id\":\"https:\/\/intratone.be\/fr\/#organization\"},\"potentialAction\":[{\"@type\":\"SearchAction\",\"target\":{\"@type\":\"EntryPoint\",\"urlTemplate\":\"https:\/\/intratone.be\/fr\/?s={search_term_string}\"},\"query-input\":{\"@type\":\"PropertyValueSpecification\",\"valueRequired\":true,\"valueName\":\"search_term_string\"}}],\"inLanguage\":\"fr-FR\"},{\"@type\":\"Organization\",\"@id\":\"https:\/\/intratone.be\/fr\/#organization\",\"name\":\"Intratone\",\"url\":\"https:\/\/intratone.be\/fr\/\",\"logo\":{\"@type\":\"ImageObject\",\"inLanguage\":\"fr-FR\",\"@id\":\"https:\/\/intratone.be\/fr\/#\/schema\/logo\/image\/\",\"url\":\"https:\/\/intratone.be\/wp-content\/uploads\/2025\/06\/cropped-logo-app-my-intercom-intratone.png\",\"contentUrl\":\"https:\/\/intratone.be\/wp-content\/uploads\/2025\/06\/cropped-logo-app-my-intercom-intratone.png\",\"width\":512,\"height\":512,\"caption\":\"Intratone\"},\"image\":{\"@id\":\"https:\/\/intratone.be\/fr\/#\/schema\/logo\/image\/\"}}]}<\/script>\n<!-- \/ Yoast SEO plugin. -->","yoast_head_json":{"title":"badge\/cl\u00e9 d'acc\u00e8s s\u00e9curis\u00e9 Badge \u00e9lectronique - Intratone","description":"Un badge \u00e9lectronique\/cl\u00e9 transpondeur Intratone offre aux utilisateurs et aux habitants de votre b\u00e2timent confort et s\u00e9curit\u00e9 maximale.","robots":{"index":"index","follow":"follow","max-snippet":"max-snippet:-1","max-image-preview":"max-image-preview:large","max-video-preview":"max-video-preview:-1"},"canonical":"https:\/\/intratone.be\/fr\/produit\/badge-electronique\/","og_locale":"fr_FR","og_type":"article","og_title":"badge\/cl\u00e9 d'acc\u00e8s s\u00e9curis\u00e9 Badge \u00e9lectronique - Intratone","og_description":"Un badge \u00e9lectronique\/cl\u00e9 transpondeur Intratone offre aux utilisateurs et aux habitants de votre b\u00e2timent confort et s\u00e9curit\u00e9 maximale.","og_url":"https:\/\/intratone.be\/fr\/produit\/badge-electronique\/","og_site_name":"Intratone","article_modified_time":"2026-04-08T13:45:24+00:00","og_image":[{"width":631,"height":370,"url":"https:\/\/intratone.be\/wp-content\/uploads\/2025\/06\/KeyFob_orange.png","type":"image\/png"}],"twitter_card":"summary_large_image","twitter_misc":{"Dur\u00e9e de lecture estim\u00e9e":"1 minute"},"schema":{"@context":"https:\/\/schema.org","@graph":[{"@type":"WebPage","@id":"https:\/\/intratone.be\/fr\/produit\/badge-electronique\/","url":"https:\/\/intratone.be\/fr\/produit\/badge-electronique\/","name":"badge\/cl\u00e9 d'acc\u00e8s s\u00e9curis\u00e9 Badge \u00e9lectronique - Intratone","isPartOf":{"@id":"https:\/\/intratone.be\/fr\/#website"},"primaryImageOfPage":{"@id":"https:\/\/intratone.be\/fr\/produit\/badge-electronique\/#primaryimage"},"image":{"@id":"https:\/\/intratone.be\/fr\/produit\/badge-electronique\/#primaryimage"},"thumbnailUrl":"https:\/\/intratone.be\/wp-content\/uploads\/2025\/06\/KeyFob_orange.png","datePublished":"2025-06-20T07:43:58+00:00","dateModified":"2026-04-08T13:45:24+00:00","description":"Un badge \u00e9lectronique\/cl\u00e9 transpondeur Intratone offre aux utilisateurs et aux habitants de votre b\u00e2timent confort et s\u00e9curit\u00e9 maximale.","breadcrumb":{"@id":"https:\/\/intratone.be\/fr\/produit\/badge-electronique\/#breadcrumb"},"inLanguage":"fr-FR","potentialAction":[{"@type":"ReadAction","target":["https:\/\/intratone.be\/fr\/produit\/badge-electronique\/"]}]},{"@type":"ImageObject","inLanguage":"fr-FR","@id":"https:\/\/intratone.be\/fr\/produit\/badge-electronique\/#primaryimage","url":"https:\/\/intratone.be\/wp-content\/uploads\/2025\/06\/KeyFob_orange.png","contentUrl":"https:\/\/intratone.be\/wp-content\/uploads\/2025\/06\/KeyFob_orange.png","width":631,"height":370},{"@type":"BreadcrumbList","@id":"https:\/\/intratone.be\/fr\/produit\/badge-electronique\/#breadcrumb","itemListElement":[{"@type":"ListItem","position":1,"name":"Home","item":"https:\/\/intratone.be\/fr\/"},{"@type":"ListItem","position":2,"name":"Producten","item":"https:\/\/intratone.be\/fr\/p\/"},{"@type":"ListItem","position":3,"name":"Badge \u00e9lectronique"}]},{"@type":"WebSite","@id":"https:\/\/intratone.be\/fr\/#website","url":"https:\/\/intratone.be\/fr\/","name":"Intratone","description":"","publisher":{"@id":"https:\/\/intratone.be\/fr\/#organization"},"potentialAction":[{"@type":"SearchAction","target":{"@type":"EntryPoint","urlTemplate":"https:\/\/intratone.be\/fr\/?s={search_term_string}"},"query-input":{"@type":"PropertyValueSpecification","valueRequired":true,"valueName":"search_term_string"}}],"inLanguage":"fr-FR"},{"@type":"Organization","@id":"https:\/\/intratone.be\/fr\/#organization","name":"Intratone","url":"https:\/\/intratone.be\/fr\/","logo":{"@type":"ImageObject","inLanguage":"fr-FR","@id":"https:\/\/intratone.be\/fr\/#\/schema\/logo\/image\/","url":"https:\/\/intratone.be\/wp-content\/uploads\/2025\/06\/cropped-logo-app-my-intercom-intratone.png","contentUrl":"https:\/\/intratone.be\/wp-content\/uploads\/2025\/06\/cropped-logo-app-my-intercom-intratone.png","width":512,"height":512,"caption":"Intratone"},"image":{"@id":"https:\/\/intratone.be\/fr\/#\/schema\/logo\/image\/"}}]}},"_links":{"self":[{"href":"https:\/\/intratone.be\/fr\/wp-json\/wp\/v2\/product\/3533","targetHints":{"allow":["GET"]}}],"collection":[{"href":"https:\/\/intratone.be\/fr\/wp-json\/wp\/v2\/product"}],"about":[{"href":"https:\/\/intratone.be\/fr\/wp-json\/wp\/v2\/types\/product"}],"wp:featuredmedia":[{"embeddable":true,"href":"https:\/\/intratone.be\/fr\/wp-json\/wp\/v2\/media\/396"}],"wp:attachment":[{"href":"https:\/\/intratone.be\/fr\/wp-json\/wp\/v2\/media?parent=3533"}],"wp:term":[{"taxonomy":"categorie","embeddable":true,"href":"https:\/\/intratone.be\/fr\/wp-json\/wp\/v2\/categorie?post=3533"}],"curies":[{"name":"wp","href":"https:\/\/api.w.org\/{rel}","templated":true}]}}