{"id":3534,"date":"2025-06-17T16:46:52","date_gmt":"2025-06-17T14:46:52","guid":{"rendered":"https:\/\/intratone.be\/product\/dina-interphone-encastre-avec-noms-numeriques\/"},"modified":"2026-04-13T15:46:35","modified_gmt":"2026-04-13T13:46:35","slug":"dina-interphone-encastre-avec-noms-numeriques","status":"publish","type":"product","link":"https:\/\/intratone.be\/fr\/produit\/dina-interphone-encastre-avec-noms-numeriques\/","title":{"rendered":"DINA videophone encastr\u00e9"},"content":{"rendered":"","protected":false},"featured_media":3915,"template":"","meta":{"_acf_changed":false,"content-type":""},"categorie":[137,134],"class_list":["post-3534","product","type-product","status-publish","has-post-thumbnail","hentry","categorie-interphonie","categorie-videophone"],"acf":[],"yoast_head":"<!-- This site is optimized with the Yoast SEO plugin v27.2 - https:\/\/yoast.com\/product\/yoast-seo-wordpress\/ -->\n<title>DINA videophone encastr\u00e9 \u00c9tiquettes num\u00e9riques<\/title>\n<meta name=\"description\" content=\"Fini les \u00e9tiquettes ray\u00e9es et recouvertes de ruban adh\u00e9sif\u2026 L\u2019interphone indispensable n\u2019est cependant pas seulement une barri\u00e8re contre les intrus.\" \/>\n<meta name=\"robots\" content=\"index, follow, max-snippet:-1, max-image-preview:large, max-video-preview:-1\" \/>\n<link rel=\"canonical\" href=\"https:\/\/intratone.be\/fr\/produit\/dina-interphone-encastre-avec-noms-numeriques\/\" \/>\n<meta property=\"og:locale\" content=\"fr_FR\" \/>\n<meta property=\"og:type\" content=\"article\" \/>\n<meta property=\"og:title\" content=\"DINA videophone encastr\u00e9 \u00c9tiquettes num\u00e9riques\" \/>\n<meta property=\"og:description\" content=\"Fini les \u00e9tiquettes ray\u00e9es et recouvertes de ruban adh\u00e9sif\u2026 L\u2019interphone indispensable n\u2019est cependant pas seulement une barri\u00e8re contre les intrus.\" \/>\n<meta property=\"og:url\" content=\"https:\/\/intratone.be\/fr\/produit\/dina-interphone-encastre-avec-noms-numeriques\/\" \/>\n<meta property=\"og:site_name\" content=\"Intratone\" \/>\n<meta property=\"article:modified_time\" content=\"2026-04-13T13:46:35+00:00\" \/>\n<meta property=\"og:image\" content=\"https:\/\/intratone.be\/wp-content\/uploads\/2025\/06\/27-3007_push-button-intercom-with-coded-keypad_NL-1.png\" \/>\n\t<meta property=\"og:image:width\" content=\"685\" \/>\n\t<meta property=\"og:image:height\" content=\"2036\" \/>\n\t<meta property=\"og:image:type\" content=\"image\/png\" \/>\n<meta name=\"twitter:card\" content=\"summary_large_image\" \/>\n<meta name=\"twitter:label1\" content=\"Dur\u00e9e de lecture estim\u00e9e\" \/>\n\t<meta name=\"twitter:data1\" content=\"1 minute\" \/>\n<script type=\"application\/ld+json\" class=\"yoast-schema-graph\">{\"@context\":\"https:\/\/schema.org\",\"@graph\":[{\"@type\":\"WebPage\",\"@id\":\"https:\/\/intratone.be\/fr\/produit\/dina-interphone-encastre-avec-noms-numeriques\/\",\"url\":\"https:\/\/intratone.be\/fr\/produit\/dina-interphone-encastre-avec-noms-numeriques\/\",\"name\":\"DINA videophone encastr\u00e9 \u00c9tiquettes num\u00e9riques\",\"isPartOf\":{\"@id\":\"https:\/\/intratone.be\/fr\/#website\"},\"primaryImageOfPage\":{\"@id\":\"https:\/\/intratone.be\/fr\/produit\/dina-interphone-encastre-avec-noms-numeriques\/#primaryimage\"},\"image\":{\"@id\":\"https:\/\/intratone.be\/fr\/produit\/dina-interphone-encastre-avec-noms-numeriques\/#primaryimage\"},\"thumbnailUrl\":\"https:\/\/intratone.be\/wp-content\/uploads\/2025\/06\/27-3007_push-button-intercom-with-coded-keypad_NL-1.png\",\"datePublished\":\"2025-06-17T14:46:52+00:00\",\"dateModified\":\"2026-04-13T13:46:35+00:00\",\"description\":\"Fini les \u00e9tiquettes ray\u00e9es et recouvertes de ruban adh\u00e9sif\u2026 L\u2019interphone indispensable n\u2019est cependant pas seulement une barri\u00e8re contre les intrus.\",\"breadcrumb\":{\"@id\":\"https:\/\/intratone.be\/fr\/produit\/dina-interphone-encastre-avec-noms-numeriques\/#breadcrumb\"},\"inLanguage\":\"fr-FR\",\"potentialAction\":[{\"@type\":\"ReadAction\",\"target\":[\"https:\/\/intratone.be\/fr\/produit\/dina-interphone-encastre-avec-noms-numeriques\/\"]}]},{\"@type\":\"ImageObject\",\"inLanguage\":\"fr-FR\",\"@id\":\"https:\/\/intratone.be\/fr\/produit\/dina-interphone-encastre-avec-noms-numeriques\/#primaryimage\",\"url\":\"https:\/\/intratone.be\/wp-content\/uploads\/2025\/06\/27-3007_push-button-intercom-with-coded-keypad_NL-1.png\",\"contentUrl\":\"https:\/\/intratone.be\/wp-content\/uploads\/2025\/06\/27-3007_push-button-intercom-with-coded-keypad_NL-1.png\",\"width\":685,\"height\":2036},{\"@type\":\"BreadcrumbList\",\"@id\":\"https:\/\/intratone.be\/fr\/produit\/dina-interphone-encastre-avec-noms-numeriques\/#breadcrumb\",\"itemListElement\":[{\"@type\":\"ListItem\",\"position\":1,\"name\":\"Home\",\"item\":\"https:\/\/intratone.be\/fr\/\"},{\"@type\":\"ListItem\",\"position\":2,\"name\":\"Producten\",\"item\":\"https:\/\/intratone.be\/fr\/p\/\"},{\"@type\":\"ListItem\",\"position\":3,\"name\":\"DINA videophone encastr\u00e9\"}]},{\"@type\":\"WebSite\",\"@id\":\"https:\/\/intratone.be\/fr\/#website\",\"url\":\"https:\/\/intratone.be\/fr\/\",\"name\":\"Intratone\",\"description\":\"\",\"publisher\":{\"@id\":\"https:\/\/intratone.be\/fr\/#organization\"},\"potentialAction\":[{\"@type\":\"SearchAction\",\"target\":{\"@type\":\"EntryPoint\",\"urlTemplate\":\"https:\/\/intratone.be\/fr\/?s={search_term_string}\"},\"query-input\":{\"@type\":\"PropertyValueSpecification\",\"valueRequired\":true,\"valueName\":\"search_term_string\"}}],\"inLanguage\":\"fr-FR\"},{\"@type\":\"Organization\",\"@id\":\"https:\/\/intratone.be\/fr\/#organization\",\"name\":\"Intratone\",\"url\":\"https:\/\/intratone.be\/fr\/\",\"logo\":{\"@type\":\"ImageObject\",\"inLanguage\":\"fr-FR\",\"@id\":\"https:\/\/intratone.be\/fr\/#\/schema\/logo\/image\/\",\"url\":\"https:\/\/intratone.be\/wp-content\/uploads\/2025\/06\/cropped-logo-app-my-intercom-intratone.png\",\"contentUrl\":\"https:\/\/intratone.be\/wp-content\/uploads\/2025\/06\/cropped-logo-app-my-intercom-intratone.png\",\"width\":512,\"height\":512,\"caption\":\"Intratone\"},\"image\":{\"@id\":\"https:\/\/intratone.be\/fr\/#\/schema\/logo\/image\/\"}}]}<\/script>\n<!-- \/ Yoast SEO plugin. -->","yoast_head_json":{"title":"DINA videophone encastr\u00e9 \u00c9tiquettes num\u00e9riques","description":"Fini les \u00e9tiquettes ray\u00e9es et recouvertes de ruban adh\u00e9sif\u2026 L\u2019interphone indispensable n\u2019est cependant pas seulement une barri\u00e8re contre les intrus.","robots":{"index":"index","follow":"follow","max-snippet":"max-snippet:-1","max-image-preview":"max-image-preview:large","max-video-preview":"max-video-preview:-1"},"canonical":"https:\/\/intratone.be\/fr\/produit\/dina-interphone-encastre-avec-noms-numeriques\/","og_locale":"fr_FR","og_type":"article","og_title":"DINA videophone encastr\u00e9 \u00c9tiquettes num\u00e9riques","og_description":"Fini les \u00e9tiquettes ray\u00e9es et recouvertes de ruban adh\u00e9sif\u2026 L\u2019interphone indispensable n\u2019est cependant pas seulement une barri\u00e8re contre les intrus.","og_url":"https:\/\/intratone.be\/fr\/produit\/dina-interphone-encastre-avec-noms-numeriques\/","og_site_name":"Intratone","article_modified_time":"2026-04-13T13:46:35+00:00","og_image":[{"width":685,"height":2036,"url":"https:\/\/intratone.be\/wp-content\/uploads\/2025\/06\/27-3007_push-button-intercom-with-coded-keypad_NL-1.png","type":"image\/png"}],"twitter_card":"summary_large_image","twitter_misc":{"Dur\u00e9e de lecture estim\u00e9e":"1 minute"},"schema":{"@context":"https:\/\/schema.org","@graph":[{"@type":"WebPage","@id":"https:\/\/intratone.be\/fr\/produit\/dina-interphone-encastre-avec-noms-numeriques\/","url":"https:\/\/intratone.be\/fr\/produit\/dina-interphone-encastre-avec-noms-numeriques\/","name":"DINA videophone encastr\u00e9 \u00c9tiquettes num\u00e9riques","isPartOf":{"@id":"https:\/\/intratone.be\/fr\/#website"},"primaryImageOfPage":{"@id":"https:\/\/intratone.be\/fr\/produit\/dina-interphone-encastre-avec-noms-numeriques\/#primaryimage"},"image":{"@id":"https:\/\/intratone.be\/fr\/produit\/dina-interphone-encastre-avec-noms-numeriques\/#primaryimage"},"thumbnailUrl":"https:\/\/intratone.be\/wp-content\/uploads\/2025\/06\/27-3007_push-button-intercom-with-coded-keypad_NL-1.png","datePublished":"2025-06-17T14:46:52+00:00","dateModified":"2026-04-13T13:46:35+00:00","description":"Fini les \u00e9tiquettes ray\u00e9es et recouvertes de ruban adh\u00e9sif\u2026 L\u2019interphone indispensable n\u2019est cependant pas seulement une barri\u00e8re contre les intrus.","breadcrumb":{"@id":"https:\/\/intratone.be\/fr\/produit\/dina-interphone-encastre-avec-noms-numeriques\/#breadcrumb"},"inLanguage":"fr-FR","potentialAction":[{"@type":"ReadAction","target":["https:\/\/intratone.be\/fr\/produit\/dina-interphone-encastre-avec-noms-numeriques\/"]}]},{"@type":"ImageObject","inLanguage":"fr-FR","@id":"https:\/\/intratone.be\/fr\/produit\/dina-interphone-encastre-avec-noms-numeriques\/#primaryimage","url":"https:\/\/intratone.be\/wp-content\/uploads\/2025\/06\/27-3007_push-button-intercom-with-coded-keypad_NL-1.png","contentUrl":"https:\/\/intratone.be\/wp-content\/uploads\/2025\/06\/27-3007_push-button-intercom-with-coded-keypad_NL-1.png","width":685,"height":2036},{"@type":"BreadcrumbList","@id":"https:\/\/intratone.be\/fr\/produit\/dina-interphone-encastre-avec-noms-numeriques\/#breadcrumb","itemListElement":[{"@type":"ListItem","position":1,"name":"Home","item":"https:\/\/intratone.be\/fr\/"},{"@type":"ListItem","position":2,"name":"Producten","item":"https:\/\/intratone.be\/fr\/p\/"},{"@type":"ListItem","position":3,"name":"DINA videophone encastr\u00e9"}]},{"@type":"WebSite","@id":"https:\/\/intratone.be\/fr\/#website","url":"https:\/\/intratone.be\/fr\/","name":"Intratone","description":"","publisher":{"@id":"https:\/\/intratone.be\/fr\/#organization"},"potentialAction":[{"@type":"SearchAction","target":{"@type":"EntryPoint","urlTemplate":"https:\/\/intratone.be\/fr\/?s={search_term_string}"},"query-input":{"@type":"PropertyValueSpecification","valueRequired":true,"valueName":"search_term_string"}}],"inLanguage":"fr-FR"},{"@type":"Organization","@id":"https:\/\/intratone.be\/fr\/#organization","name":"Intratone","url":"https:\/\/intratone.be\/fr\/","logo":{"@type":"ImageObject","inLanguage":"fr-FR","@id":"https:\/\/intratone.be\/fr\/#\/schema\/logo\/image\/","url":"https:\/\/intratone.be\/wp-content\/uploads\/2025\/06\/cropped-logo-app-my-intercom-intratone.png","contentUrl":"https:\/\/intratone.be\/wp-content\/uploads\/2025\/06\/cropped-logo-app-my-intercom-intratone.png","width":512,"height":512,"caption":"Intratone"},"image":{"@id":"https:\/\/intratone.be\/fr\/#\/schema\/logo\/image\/"}}]}},"_links":{"self":[{"href":"https:\/\/intratone.be\/fr\/wp-json\/wp\/v2\/product\/3534","targetHints":{"allow":["GET"]}}],"collection":[{"href":"https:\/\/intratone.be\/fr\/wp-json\/wp\/v2\/product"}],"about":[{"href":"https:\/\/intratone.be\/fr\/wp-json\/wp\/v2\/types\/product"}],"wp:featuredmedia":[{"embeddable":true,"href":"https:\/\/intratone.be\/fr\/wp-json\/wp\/v2\/media\/3915"}],"wp:attachment":[{"href":"https:\/\/intratone.be\/fr\/wp-json\/wp\/v2\/media?parent=3534"}],"wp:term":[{"taxonomy":"categorie","embeddable":true,"href":"https:\/\/intratone.be\/fr\/wp-json\/wp\/v2\/categorie?post=3534"}],"curies":[{"name":"wp","href":"https:\/\/api.w.org\/{rel}","templated":true}]}}