{"id":3535,"date":"2025-06-17T16:12:19","date_gmt":"2025-06-17T14:12:19","guid":{"rendered":"https:\/\/intratone.be\/product\/tableau-daffichage-numerique-15\/"},"modified":"2026-04-15T10:18:00","modified_gmt":"2026-04-15T08:18:00","slug":"tableau-daffichage-numerique-15","status":"publish","type":"product","link":"https:\/\/intratone.be\/fr\/produit\/tableau-daffichage-numerique-15\/","title":{"rendered":"Tableau d\u2019affichage 15&Prime;"},"content":{"rendered":"","protected":false},"featured_media":4472,"template":"","meta":{"_acf_changed":false,"content-type":""},"categorie":[135],"class_list":["post-3535","product","type-product","status-publish","has-post-thumbnail","hentry","categorie-tableau-daffichage"],"acf":[],"yoast_head":"<!-- This site is optimized with the Yoast SEO plugin v27.2 - https:\/\/yoast.com\/product\/yoast-seo-wordpress\/ -->\n<title>Tableau d\u2019affichage 15&quot; - affiche des informations en temps r\u00e9el aux habitants<\/title>\n<meta name=\"description\" content=\"Avec les Tableaux d&#039;affichage, les Soci\u00e9t\u00e9s de logement et les promoteurs immobiliers peuvent s&#039;assurer qu&#039;ils partagent efficacement les informations avec les locataires et les habitants.\" \/>\n<meta name=\"robots\" content=\"index, follow, max-snippet:-1, max-image-preview:large, max-video-preview:-1\" \/>\n<link rel=\"canonical\" href=\"https:\/\/intratone.be\/fr\/produit\/tableau-daffichage-numerique-15\/\" \/>\n<meta property=\"og:locale\" content=\"fr_FR\" \/>\n<meta property=\"og:type\" content=\"article\" \/>\n<meta property=\"og:title\" content=\"Tableau d\u2019affichage 15&quot; - affiche des informations en temps r\u00e9el aux habitants\" \/>\n<meta property=\"og:description\" content=\"Avec les Tableaux d&#039;affichage, les Soci\u00e9t\u00e9s de logement et les promoteurs immobiliers peuvent s&#039;assurer qu&#039;ils partagent efficacement les informations avec les locataires et les habitants.\" \/>\n<meta property=\"og:url\" content=\"https:\/\/intratone.be\/fr\/produit\/tableau-daffichage-numerique-15\/\" \/>\n<meta property=\"og:site_name\" content=\"Intratone\" \/>\n<meta property=\"article:modified_time\" content=\"2026-04-15T08:18:00+00:00\" \/>\n<meta property=\"og:image\" content=\"https:\/\/intratone.be\/wp-content\/uploads\/2025\/06\/11-0107-INTERACTIVE-DIGITAL-BOARD-BE.png\" \/>\n\t<meta property=\"og:image:width\" content=\"647\" \/>\n\t<meta property=\"og:image:height\" content=\"938\" \/>\n\t<meta property=\"og:image:type\" content=\"image\/png\" \/>\n<meta name=\"twitter:card\" content=\"summary_large_image\" \/>\n<meta name=\"twitter:label1\" content=\"Dur\u00e9e de lecture estim\u00e9e\" \/>\n\t<meta name=\"twitter:data1\" content=\"1 minute\" \/>\n<script type=\"application\/ld+json\" class=\"yoast-schema-graph\">{\"@context\":\"https:\/\/schema.org\",\"@graph\":[{\"@type\":\"WebPage\",\"@id\":\"https:\/\/intratone.be\/fr\/produit\/tableau-daffichage-numerique-15\/\",\"url\":\"https:\/\/intratone.be\/fr\/produit\/tableau-daffichage-numerique-15\/\",\"name\":\"Tableau d\u2019affichage 15\\\" - affiche des informations en temps r\u00e9el aux habitants\",\"isPartOf\":{\"@id\":\"https:\/\/intratone.be\/fr\/#website\"},\"primaryImageOfPage\":{\"@id\":\"https:\/\/intratone.be\/fr\/produit\/tableau-daffichage-numerique-15\/#primaryimage\"},\"image\":{\"@id\":\"https:\/\/intratone.be\/fr\/produit\/tableau-daffichage-numerique-15\/#primaryimage\"},\"thumbnailUrl\":\"https:\/\/intratone.be\/wp-content\/uploads\/2025\/06\/11-0107-INTERACTIVE-DIGITAL-BOARD-BE.png\",\"datePublished\":\"2025-06-17T14:12:19+00:00\",\"dateModified\":\"2026-04-15T08:18:00+00:00\",\"description\":\"Avec les Tableaux d'affichage, les Soci\u00e9t\u00e9s de logement et les promoteurs immobiliers peuvent s'assurer qu'ils partagent efficacement les informations avec les locataires et les habitants.\",\"breadcrumb\":{\"@id\":\"https:\/\/intratone.be\/fr\/produit\/tableau-daffichage-numerique-15\/#breadcrumb\"},\"inLanguage\":\"fr-FR\",\"potentialAction\":[{\"@type\":\"ReadAction\",\"target\":[\"https:\/\/intratone.be\/fr\/produit\/tableau-daffichage-numerique-15\/\"]}]},{\"@type\":\"ImageObject\",\"inLanguage\":\"fr-FR\",\"@id\":\"https:\/\/intratone.be\/fr\/produit\/tableau-daffichage-numerique-15\/#primaryimage\",\"url\":\"https:\/\/intratone.be\/wp-content\/uploads\/2025\/06\/11-0107-INTERACTIVE-DIGITAL-BOARD-BE.png\",\"contentUrl\":\"https:\/\/intratone.be\/wp-content\/uploads\/2025\/06\/11-0107-INTERACTIVE-DIGITAL-BOARD-BE.png\",\"width\":647,\"height\":938},{\"@type\":\"BreadcrumbList\",\"@id\":\"https:\/\/intratone.be\/fr\/produit\/tableau-daffichage-numerique-15\/#breadcrumb\",\"itemListElement\":[{\"@type\":\"ListItem\",\"position\":1,\"name\":\"Home\",\"item\":\"https:\/\/intratone.be\/fr\/\"},{\"@type\":\"ListItem\",\"position\":2,\"name\":\"Producten\",\"item\":\"https:\/\/intratone.be\/fr\/p\/\"},{\"@type\":\"ListItem\",\"position\":3,\"name\":\"Tableau d\u2019affichage 15&Prime;\"}]},{\"@type\":\"WebSite\",\"@id\":\"https:\/\/intratone.be\/fr\/#website\",\"url\":\"https:\/\/intratone.be\/fr\/\",\"name\":\"Intratone\",\"description\":\"\",\"publisher\":{\"@id\":\"https:\/\/intratone.be\/fr\/#organization\"},\"potentialAction\":[{\"@type\":\"SearchAction\",\"target\":{\"@type\":\"EntryPoint\",\"urlTemplate\":\"https:\/\/intratone.be\/fr\/?s={search_term_string}\"},\"query-input\":{\"@type\":\"PropertyValueSpecification\",\"valueRequired\":true,\"valueName\":\"search_term_string\"}}],\"inLanguage\":\"fr-FR\"},{\"@type\":\"Organization\",\"@id\":\"https:\/\/intratone.be\/fr\/#organization\",\"name\":\"Intratone\",\"url\":\"https:\/\/intratone.be\/fr\/\",\"logo\":{\"@type\":\"ImageObject\",\"inLanguage\":\"fr-FR\",\"@id\":\"https:\/\/intratone.be\/fr\/#\/schema\/logo\/image\/\",\"url\":\"https:\/\/intratone.be\/wp-content\/uploads\/2025\/06\/cropped-logo-app-my-intercom-intratone.png\",\"contentUrl\":\"https:\/\/intratone.be\/wp-content\/uploads\/2025\/06\/cropped-logo-app-my-intercom-intratone.png\",\"width\":512,\"height\":512,\"caption\":\"Intratone\"},\"image\":{\"@id\":\"https:\/\/intratone.be\/fr\/#\/schema\/logo\/image\/\"}}]}<\/script>\n<!-- \/ Yoast SEO plugin. -->","yoast_head_json":{"title":"Tableau d\u2019affichage 15\" - affiche des informations en temps r\u00e9el aux habitants","description":"Avec les Tableaux d'affichage, les Soci\u00e9t\u00e9s de logement et les promoteurs immobiliers peuvent s'assurer qu'ils partagent efficacement les informations avec les locataires et les habitants.","robots":{"index":"index","follow":"follow","max-snippet":"max-snippet:-1","max-image-preview":"max-image-preview:large","max-video-preview":"max-video-preview:-1"},"canonical":"https:\/\/intratone.be\/fr\/produit\/tableau-daffichage-numerique-15\/","og_locale":"fr_FR","og_type":"article","og_title":"Tableau d\u2019affichage 15\" - affiche des informations en temps r\u00e9el aux habitants","og_description":"Avec les Tableaux d'affichage, les Soci\u00e9t\u00e9s de logement et les promoteurs immobiliers peuvent s'assurer qu'ils partagent efficacement les informations avec les locataires et les habitants.","og_url":"https:\/\/intratone.be\/fr\/produit\/tableau-daffichage-numerique-15\/","og_site_name":"Intratone","article_modified_time":"2026-04-15T08:18:00+00:00","og_image":[{"width":647,"height":938,"url":"https:\/\/intratone.be\/wp-content\/uploads\/2025\/06\/11-0107-INTERACTIVE-DIGITAL-BOARD-BE.png","type":"image\/png"}],"twitter_card":"summary_large_image","twitter_misc":{"Dur\u00e9e de lecture estim\u00e9e":"1 minute"},"schema":{"@context":"https:\/\/schema.org","@graph":[{"@type":"WebPage","@id":"https:\/\/intratone.be\/fr\/produit\/tableau-daffichage-numerique-15\/","url":"https:\/\/intratone.be\/fr\/produit\/tableau-daffichage-numerique-15\/","name":"Tableau d\u2019affichage 15\" - affiche des informations en temps r\u00e9el aux habitants","isPartOf":{"@id":"https:\/\/intratone.be\/fr\/#website"},"primaryImageOfPage":{"@id":"https:\/\/intratone.be\/fr\/produit\/tableau-daffichage-numerique-15\/#primaryimage"},"image":{"@id":"https:\/\/intratone.be\/fr\/produit\/tableau-daffichage-numerique-15\/#primaryimage"},"thumbnailUrl":"https:\/\/intratone.be\/wp-content\/uploads\/2025\/06\/11-0107-INTERACTIVE-DIGITAL-BOARD-BE.png","datePublished":"2025-06-17T14:12:19+00:00","dateModified":"2026-04-15T08:18:00+00:00","description":"Avec les Tableaux d'affichage, les Soci\u00e9t\u00e9s de logement et les promoteurs immobiliers peuvent s'assurer qu'ils partagent efficacement les informations avec les locataires et les habitants.","breadcrumb":{"@id":"https:\/\/intratone.be\/fr\/produit\/tableau-daffichage-numerique-15\/#breadcrumb"},"inLanguage":"fr-FR","potentialAction":[{"@type":"ReadAction","target":["https:\/\/intratone.be\/fr\/produit\/tableau-daffichage-numerique-15\/"]}]},{"@type":"ImageObject","inLanguage":"fr-FR","@id":"https:\/\/intratone.be\/fr\/produit\/tableau-daffichage-numerique-15\/#primaryimage","url":"https:\/\/intratone.be\/wp-content\/uploads\/2025\/06\/11-0107-INTERACTIVE-DIGITAL-BOARD-BE.png","contentUrl":"https:\/\/intratone.be\/wp-content\/uploads\/2025\/06\/11-0107-INTERACTIVE-DIGITAL-BOARD-BE.png","width":647,"height":938},{"@type":"BreadcrumbList","@id":"https:\/\/intratone.be\/fr\/produit\/tableau-daffichage-numerique-15\/#breadcrumb","itemListElement":[{"@type":"ListItem","position":1,"name":"Home","item":"https:\/\/intratone.be\/fr\/"},{"@type":"ListItem","position":2,"name":"Producten","item":"https:\/\/intratone.be\/fr\/p\/"},{"@type":"ListItem","position":3,"name":"Tableau d\u2019affichage 15&Prime;"}]},{"@type":"WebSite","@id":"https:\/\/intratone.be\/fr\/#website","url":"https:\/\/intratone.be\/fr\/","name":"Intratone","description":"","publisher":{"@id":"https:\/\/intratone.be\/fr\/#organization"},"potentialAction":[{"@type":"SearchAction","target":{"@type":"EntryPoint","urlTemplate":"https:\/\/intratone.be\/fr\/?s={search_term_string}"},"query-input":{"@type":"PropertyValueSpecification","valueRequired":true,"valueName":"search_term_string"}}],"inLanguage":"fr-FR"},{"@type":"Organization","@id":"https:\/\/intratone.be\/fr\/#organization","name":"Intratone","url":"https:\/\/intratone.be\/fr\/","logo":{"@type":"ImageObject","inLanguage":"fr-FR","@id":"https:\/\/intratone.be\/fr\/#\/schema\/logo\/image\/","url":"https:\/\/intratone.be\/wp-content\/uploads\/2025\/06\/cropped-logo-app-my-intercom-intratone.png","contentUrl":"https:\/\/intratone.be\/wp-content\/uploads\/2025\/06\/cropped-logo-app-my-intercom-intratone.png","width":512,"height":512,"caption":"Intratone"},"image":{"@id":"https:\/\/intratone.be\/fr\/#\/schema\/logo\/image\/"}}]}},"_links":{"self":[{"href":"https:\/\/intratone.be\/fr\/wp-json\/wp\/v2\/product\/3535","targetHints":{"allow":["GET"]}}],"collection":[{"href":"https:\/\/intratone.be\/fr\/wp-json\/wp\/v2\/product"}],"about":[{"href":"https:\/\/intratone.be\/fr\/wp-json\/wp\/v2\/types\/product"}],"wp:featuredmedia":[{"embeddable":true,"href":"https:\/\/intratone.be\/fr\/wp-json\/wp\/v2\/media\/4472"}],"wp:attachment":[{"href":"https:\/\/intratone.be\/fr\/wp-json\/wp\/v2\/media?parent=3535"}],"wp:term":[{"taxonomy":"categorie","embeddable":true,"href":"https:\/\/intratone.be\/fr\/wp-json\/wp\/v2\/categorie?post=3535"}],"curies":[{"name":"wp","href":"https:\/\/api.w.org\/{rel}","templated":true}]}}