{"id":3539,"date":"2025-05-14T14:58:06","date_gmt":"2025-05-14T12:58:06","guid":{"rendered":"https:\/\/intratone.be\/product\/lecteur-mains-libres\/"},"modified":"2026-04-15T09:44:07","modified_gmt":"2026-04-15T07:44:07","slug":"lecteur-mains-libres","status":"publish","type":"product","link":"https:\/\/intratone.be\/fr\/produit\/lecteur-mains-libres\/","title":{"rendered":"Lecteur mains-libres"},"content":{"rendered":"","protected":false},"featured_media":4606,"template":"","meta":{"_acf_changed":false,"content-type":""},"categorie":[139],"class_list":["post-3539","product","type-product","status-publish","has-post-thumbnail","hentry","categorie-lecteurs-claviers"],"acf":[],"yoast_head":"<!-- This site is optimized with the Yoast SEO plugin v27.2 - https:\/\/yoast.com\/product\/yoast-seo-wordpress\/ -->\n<title>Lecteur mains-libres - Intratone Ouvrir la porte \u00e0 distance<\/title>\n<meta name=\"description\" content=\"Le Lecteur de proximit\u00e9 carr\u00e9 d&#039;Intratone. Fonctionne simplement en approchant le trousseau de cl\u00e9s de notre lecteur,\" \/>\n<meta name=\"robots\" content=\"index, follow, max-snippet:-1, max-image-preview:large, max-video-preview:-1\" \/>\n<link rel=\"canonical\" href=\"https:\/\/intratone.be\/fr\/produit\/lecteur-mains-libres\/\" \/>\n<meta property=\"og:locale\" content=\"fr_FR\" \/>\n<meta property=\"og:type\" content=\"article\" \/>\n<meta property=\"og:title\" content=\"Lecteur mains-libres - Intratone Ouvrir la porte \u00e0 distance\" \/>\n<meta property=\"og:description\" content=\"Le Lecteur de proximit\u00e9 carr\u00e9 d&#039;Intratone. Fonctionne simplement en approchant le trousseau de cl\u00e9s de notre lecteur,\" \/>\n<meta property=\"og:url\" content=\"https:\/\/intratone.be\/fr\/produit\/lecteur-mains-libres\/\" \/>\n<meta property=\"og:site_name\" content=\"Intratone\" \/>\n<meta property=\"article:modified_time\" content=\"2026-04-15T07:44:07+00:00\" \/>\n<meta property=\"og:image\" content=\"https:\/\/intratone.be\/wp-content\/uploads\/2025\/05\/placeholder-product.png\" \/>\n\t<meta property=\"og:image:width\" content=\"338\" \/>\n\t<meta property=\"og:image:height\" content=\"335\" \/>\n\t<meta property=\"og:image:type\" content=\"image\/png\" \/>\n<meta name=\"twitter:card\" content=\"summary_large_image\" \/>\n<meta name=\"twitter:label1\" content=\"Dur\u00e9e de lecture estim\u00e9e\" \/>\n\t<meta name=\"twitter:data1\" content=\"1 minute\" \/>\n<script type=\"application\/ld+json\" class=\"yoast-schema-graph\">{\"@context\":\"https:\/\/schema.org\",\"@graph\":[{\"@type\":\"WebPage\",\"@id\":\"https:\/\/intratone.be\/fr\/produit\/lecteur-mains-libres\/\",\"url\":\"https:\/\/intratone.be\/fr\/produit\/lecteur-mains-libres\/\",\"name\":\"Lecteur mains-libres - Intratone Ouvrir la porte \u00e0 distance\",\"isPartOf\":{\"@id\":\"https:\/\/intratone.be\/fr\/#website\"},\"primaryImageOfPage\":{\"@id\":\"https:\/\/intratone.be\/fr\/produit\/lecteur-mains-libres\/#primaryimage\"},\"image\":{\"@id\":\"https:\/\/intratone.be\/fr\/produit\/lecteur-mains-libres\/#primaryimage\"},\"thumbnailUrl\":\"https:\/\/intratone.be\/wp-content\/uploads\/2025\/05\/placeholder-product.png\",\"datePublished\":\"2025-05-14T12:58:06+00:00\",\"dateModified\":\"2026-04-15T07:44:07+00:00\",\"description\":\"Le Lecteur de proximit\u00e9 carr\u00e9 d'Intratone. Fonctionne simplement en approchant le trousseau de cl\u00e9s de notre lecteur,\",\"breadcrumb\":{\"@id\":\"https:\/\/intratone.be\/fr\/produit\/lecteur-mains-libres\/#breadcrumb\"},\"inLanguage\":\"fr-FR\",\"potentialAction\":[{\"@type\":\"ReadAction\",\"target\":[\"https:\/\/intratone.be\/fr\/produit\/lecteur-mains-libres\/\"]}]},{\"@type\":\"ImageObject\",\"inLanguage\":\"fr-FR\",\"@id\":\"https:\/\/intratone.be\/fr\/produit\/lecteur-mains-libres\/#primaryimage\",\"url\":\"https:\/\/intratone.be\/wp-content\/uploads\/2025\/05\/placeholder-product.png\",\"contentUrl\":\"https:\/\/intratone.be\/wp-content\/uploads\/2025\/05\/placeholder-product.png\",\"width\":338,\"height\":335},{\"@type\":\"BreadcrumbList\",\"@id\":\"https:\/\/intratone.be\/fr\/produit\/lecteur-mains-libres\/#breadcrumb\",\"itemListElement\":[{\"@type\":\"ListItem\",\"position\":1,\"name\":\"Home\",\"item\":\"https:\/\/intratone.be\/fr\/\"},{\"@type\":\"ListItem\",\"position\":2,\"name\":\"Producten\",\"item\":\"https:\/\/intratone.be\/fr\/p\/\"},{\"@type\":\"ListItem\",\"position\":3,\"name\":\"Lecteur mains-libres\"}]},{\"@type\":\"WebSite\",\"@id\":\"https:\/\/intratone.be\/fr\/#website\",\"url\":\"https:\/\/intratone.be\/fr\/\",\"name\":\"Intratone\",\"description\":\"\",\"publisher\":{\"@id\":\"https:\/\/intratone.be\/fr\/#organization\"},\"potentialAction\":[{\"@type\":\"SearchAction\",\"target\":{\"@type\":\"EntryPoint\",\"urlTemplate\":\"https:\/\/intratone.be\/fr\/?s={search_term_string}\"},\"query-input\":{\"@type\":\"PropertyValueSpecification\",\"valueRequired\":true,\"valueName\":\"search_term_string\"}}],\"inLanguage\":\"fr-FR\"},{\"@type\":\"Organization\",\"@id\":\"https:\/\/intratone.be\/fr\/#organization\",\"name\":\"Intratone\",\"url\":\"https:\/\/intratone.be\/fr\/\",\"logo\":{\"@type\":\"ImageObject\",\"inLanguage\":\"fr-FR\",\"@id\":\"https:\/\/intratone.be\/fr\/#\/schema\/logo\/image\/\",\"url\":\"https:\/\/intratone.be\/wp-content\/uploads\/2025\/06\/cropped-logo-app-my-intercom-intratone.png\",\"contentUrl\":\"https:\/\/intratone.be\/wp-content\/uploads\/2025\/06\/cropped-logo-app-my-intercom-intratone.png\",\"width\":512,\"height\":512,\"caption\":\"Intratone\"},\"image\":{\"@id\":\"https:\/\/intratone.be\/fr\/#\/schema\/logo\/image\/\"}}]}<\/script>\n<!-- \/ Yoast SEO plugin. -->","yoast_head_json":{"title":"Lecteur mains-libres - Intratone Ouvrir la porte \u00e0 distance","description":"Le Lecteur de proximit\u00e9 carr\u00e9 d'Intratone. Fonctionne simplement en approchant le trousseau de cl\u00e9s de notre lecteur,","robots":{"index":"index","follow":"follow","max-snippet":"max-snippet:-1","max-image-preview":"max-image-preview:large","max-video-preview":"max-video-preview:-1"},"canonical":"https:\/\/intratone.be\/fr\/produit\/lecteur-mains-libres\/","og_locale":"fr_FR","og_type":"article","og_title":"Lecteur mains-libres - Intratone Ouvrir la porte \u00e0 distance","og_description":"Le Lecteur de proximit\u00e9 carr\u00e9 d'Intratone. Fonctionne simplement en approchant le trousseau de cl\u00e9s de notre lecteur,","og_url":"https:\/\/intratone.be\/fr\/produit\/lecteur-mains-libres\/","og_site_name":"Intratone","article_modified_time":"2026-04-15T07:44:07+00:00","og_image":[{"width":338,"height":335,"url":"https:\/\/intratone.be\/wp-content\/uploads\/2025\/05\/placeholder-product.png","type":"image\/png"}],"twitter_card":"summary_large_image","twitter_misc":{"Dur\u00e9e de lecture estim\u00e9e":"1 minute"},"schema":{"@context":"https:\/\/schema.org","@graph":[{"@type":"WebPage","@id":"https:\/\/intratone.be\/fr\/produit\/lecteur-mains-libres\/","url":"https:\/\/intratone.be\/fr\/produit\/lecteur-mains-libres\/","name":"Lecteur mains-libres - Intratone Ouvrir la porte \u00e0 distance","isPartOf":{"@id":"https:\/\/intratone.be\/fr\/#website"},"primaryImageOfPage":{"@id":"https:\/\/intratone.be\/fr\/produit\/lecteur-mains-libres\/#primaryimage"},"image":{"@id":"https:\/\/intratone.be\/fr\/produit\/lecteur-mains-libres\/#primaryimage"},"thumbnailUrl":"https:\/\/intratone.be\/wp-content\/uploads\/2025\/05\/placeholder-product.png","datePublished":"2025-05-14T12:58:06+00:00","dateModified":"2026-04-15T07:44:07+00:00","description":"Le Lecteur de proximit\u00e9 carr\u00e9 d'Intratone. Fonctionne simplement en approchant le trousseau de cl\u00e9s de notre lecteur,","breadcrumb":{"@id":"https:\/\/intratone.be\/fr\/produit\/lecteur-mains-libres\/#breadcrumb"},"inLanguage":"fr-FR","potentialAction":[{"@type":"ReadAction","target":["https:\/\/intratone.be\/fr\/produit\/lecteur-mains-libres\/"]}]},{"@type":"ImageObject","inLanguage":"fr-FR","@id":"https:\/\/intratone.be\/fr\/produit\/lecteur-mains-libres\/#primaryimage","url":"https:\/\/intratone.be\/wp-content\/uploads\/2025\/05\/placeholder-product.png","contentUrl":"https:\/\/intratone.be\/wp-content\/uploads\/2025\/05\/placeholder-product.png","width":338,"height":335},{"@type":"BreadcrumbList","@id":"https:\/\/intratone.be\/fr\/produit\/lecteur-mains-libres\/#breadcrumb","itemListElement":[{"@type":"ListItem","position":1,"name":"Home","item":"https:\/\/intratone.be\/fr\/"},{"@type":"ListItem","position":2,"name":"Producten","item":"https:\/\/intratone.be\/fr\/p\/"},{"@type":"ListItem","position":3,"name":"Lecteur mains-libres"}]},{"@type":"WebSite","@id":"https:\/\/intratone.be\/fr\/#website","url":"https:\/\/intratone.be\/fr\/","name":"Intratone","description":"","publisher":{"@id":"https:\/\/intratone.be\/fr\/#organization"},"potentialAction":[{"@type":"SearchAction","target":{"@type":"EntryPoint","urlTemplate":"https:\/\/intratone.be\/fr\/?s={search_term_string}"},"query-input":{"@type":"PropertyValueSpecification","valueRequired":true,"valueName":"search_term_string"}}],"inLanguage":"fr-FR"},{"@type":"Organization","@id":"https:\/\/intratone.be\/fr\/#organization","name":"Intratone","url":"https:\/\/intratone.be\/fr\/","logo":{"@type":"ImageObject","inLanguage":"fr-FR","@id":"https:\/\/intratone.be\/fr\/#\/schema\/logo\/image\/","url":"https:\/\/intratone.be\/wp-content\/uploads\/2025\/06\/cropped-logo-app-my-intercom-intratone.png","contentUrl":"https:\/\/intratone.be\/wp-content\/uploads\/2025\/06\/cropped-logo-app-my-intercom-intratone.png","width":512,"height":512,"caption":"Intratone"},"image":{"@id":"https:\/\/intratone.be\/fr\/#\/schema\/logo\/image\/"}}]}},"_links":{"self":[{"href":"https:\/\/intratone.be\/fr\/wp-json\/wp\/v2\/product\/3539","targetHints":{"allow":["GET"]}}],"collection":[{"href":"https:\/\/intratone.be\/fr\/wp-json\/wp\/v2\/product"}],"about":[{"href":"https:\/\/intratone.be\/fr\/wp-json\/wp\/v2\/types\/product"}],"wp:featuredmedia":[{"embeddable":true,"href":"https:\/\/intratone.be\/fr\/wp-json\/wp\/v2\/media\/4606"}],"wp:attachment":[{"href":"https:\/\/intratone.be\/fr\/wp-json\/wp\/v2\/media?parent=3539"}],"wp:term":[{"taxonomy":"categorie","embeddable":true,"href":"https:\/\/intratone.be\/fr\/wp-json\/wp\/v2\/categorie?post=3539"}],"curies":[{"name":"wp","href":"https:\/\/api.w.org\/{rel}","templated":true}]}}